{"id":92,"date":"2015-12-07T18:01:11","date_gmt":"2015-12-07T17:01:11","guid":{"rendered":"http:\/\/wordpress.nibis.de\/gshermanns\/?page_id=92"},"modified":"2025-04-04T13:33:30","modified_gmt":"2025-04-04T11:33:30","slug":"unsere-schule","status":"publish","type":"page","link":"https:\/\/wordpress.nibis.de\/gshermanns\/home\/unsere-schule\/","title":{"rendered":"Unsere Schule"},"content":{"rendered":"<p style=\"text-align: center\">\n<h4 style=\"text-align: center\">Grundschule Hermannshagen:<\/h4>\n<h4 style=\"text-align: center\">Schule im gr\u00fcnen Bereich<\/h4>\n<p style=\"text-align: center\">Das bedeutet:<\/p>\n<ol>\n<li style=\"list-style-type: none\">\n<ol>\n<li style=\"text-align: left\">Unsere Schule verf\u00fcgt \u00fcber einen angrenzenden Schulwald, in dem die Kinder viel Zeit verbringen, z.B. im Rahmen von Waldtagen.<\/li>\n<li style=\"text-align: left\">Ein gutes Schulklima ist uns wichtig. Wir bem\u00fchen uns um einen offenen Umgang miteinander.<\/li>\n<\/ol>\n<\/li>\n<\/ol>\n<p>Genaueres zum Profil unserer Schule erfahren Sie hier:<\/p>\n<p style=\"text-align: left\"><a href=\"http:\/\/wordpress.nibis.de\/gshermanns\/?p=314\">Leitbild<\/a><\/p>\n<p style=\"text-align: left\"><a href=\"http:\/\/wordpress.nibis.de\/gshermanns\/?p=337\">Ganztagsschule<\/a><\/p>\n<p style=\"text-align: left\"><a href=\"http:\/\/wordpress.nibis.de\/gshermanns\/?p=418\">Schulgemeinschaft<\/a><\/p>\n<p style=\"text-align: left\"><a href=\"http:\/\/wordpress.nibis.de\/gshermanns\/?p=425\">Weihnachtsbasar<\/a><\/p>\n","protected":false},"excerpt":{"rendered":"<p>Grundschule Hermannshagen: Schule im gr\u00fcnen Bereich Das bedeutet: Unsere Schule verf\u00fcgt \u00fcber einen angrenzenden Schulwald, in dem die Kinder viel Zeit verbringen, z.B. im Rahmen von Waldtagen. Ein gutes Schulklima ist uns wichtig. Wir bem\u00fchen uns um einen offenen Umgang miteinander. Genaueres zum Profil unserer Schule erfahren Sie hier: Leitbild Ganztagsschule Schulgemeinschaft Weihnachtsbasar<\/p>\n","protected":false},"author":845,"featured_media":0,"parent":52,"menu_order":0,"comment_status":"closed","ping_status":"closed","template":"","meta":{"footnotes":""},"class_list":["post-92","page","type-page","status-publish","hentry","entry"],"_links":{"self":[{"href":"https:\/\/wordpress.nibis.de\/gshermanns\/wp-json\/wp\/v2\/pages\/92","targetHints":{"allow":["GET"]}}],"collection":[{"href":"https:\/\/wordpress.nibis.de\/gshermanns\/wp-json\/wp\/v2\/pages"}],"about":[{"href":"https:\/\/wordpress.nibis.de\/gshermanns\/wp-json\/wp\/v2\/types\/page"}],"author":[{"embeddable":true,"href":"https:\/\/wordpress.nibis.de\/gshermanns\/wp-json\/wp\/v2\/users\/845"}],"replies":[{"embeddable":true,"href":"https:\/\/wordpress.nibis.de\/gshermanns\/wp-json\/wp\/v2\/comments?post=92"}],"version-history":[{"count":12,"href":"https:\/\/wordpress.nibis.de\/gshermanns\/wp-json\/wp\/v2\/pages\/92\/revisions"}],"predecessor-version":[{"id":4152,"href":"https:\/\/wordpress.nibis.de\/gshermanns\/wp-json\/wp\/v2\/pages\/92\/revisions\/4152"}],"up":[{"embeddable":true,"href":"https:\/\/wordpress.nibis.de\/gshermanns\/wp-json\/wp\/v2\/pages\/52"}],"wp:attachment":[{"href":"https:\/\/wordpress.nibis.de\/gshermanns\/wp-json\/wp\/v2\/media?parent=92"}],"curies":[{"name":"wp","href":"https:\/\/api.w.org\/{rel}","templated":true}]}}