{"id":45,"date":"2021-01-29T14:18:11","date_gmt":"2021-01-29T13:18:11","guid":{"rendered":"https:\/\/wordpress.nibis.de\/gsherzlake\/?page_id=45"},"modified":"2024-02-29T12:53:16","modified_gmt":"2024-02-29T11:53:16","slug":"geschichte","status":"publish","type":"page","link":"https:\/\/wordpress.nibis.de\/gsherzlake\/?page_id=45","title":{"rendered":"Geschichte"},"content":{"rendered":"\n<div class=\"entry themeform\">\n<p><b>Aus der Geschichte der Schule<\/b><br \/>Die <b>Grundschule St<\/b><b>.<\/b><b> Nikolaus<\/b> wurde <b>1952<\/b> als <b>Katholische Volksschule<\/b> im Ortskern von Herzlake erbaut. W\u00e4hrend dieser Zeit war Franz Fielers Schulleiter, sein Nachfolger wurde Hans Henkel. Zun\u00e4chst hatte das Geb\u00e4ude vier Klassenr\u00e4ume f\u00fcr 150 Sch\u00fcler der Jahrg\u00e4nge 1 bis 8. Im Jahre <b>1963<\/b> musste die Schule erweitert werden. Ein <b>Anbau<\/b> mit zwei Klassenzimmern, Verwaltungsr\u00e4umen und Toiletten entstand.<\/p>\n<p>1964 \u00fcbernahm Josef Oldiges die Schulleitung. Aufgrund der <b>Schulreformen<\/b> besuchten ab <b>1972<\/b> nur noch die <b>Grundsch\u00fcler<\/b> aus Herzlake und Westrum die Schule. Die \u00e4lteren Sch\u00fcler gingen nun in die neue <b>Mittelpunktschule<\/b> an der Bookhofer Stra\u00dfe. Heute befindet sich hier das <b>Schulzentrum Hasetal<\/b>.<\/p>\n<p><b>1986<\/b> erhielt die <b>Grundschule<\/b> ihre <b>Selbstst\u00e4ndigkeit<\/b> und Karl Reinke wurde ihr erster Schulleiter. Zwischen 1993 und 1995 sanierte die Samtgemeinde Herzlake das Geb\u00e4ude grundlegend und baute es zu einer achtklassigen Schule unter dem Namen <b>Grundschule St<\/b><b>.<\/b><b> Nikolaus<\/b> aus.<\/p>\n<p>Von 1997 bis 2017 leitete Bernd Stegemann die Schule. Um 1997 hatte die Schule mit 200 Sch\u00fclerinnen und Sch\u00fclern ihre h\u00f6chste Auslastung. Gegenw\u00e4rtig besuchen rund 150 Kinder die bereits im Jahre <b>1999<\/b> zur <b>Verl\u00e4sslichen Grundschule<\/b> ernannte Bildungsst\u00e4tte.\u00a0<\/p>\n<p>Ausf\u00fchrliche <b>Informationen<\/b> zur Geschichte der Schule sind in der 2003 erschienenen Brosch\u00fcre <b>\u201e50 Jahre Schule Herzlake\u201c <\/b>zu finden.\u00a0<\/p>\n<p>Gegenw\u00e4rtig leitet Frau Ellen Bruns die Schule.\u00a0<\/p>\n<p>2020 erhielt die Grundschule einen Anbau mit einer neuen Mensa, K\u00fcche und einen Betreuungsraum.<\/p>\n<p>Seit 2022 wird der Schulhof umgestaltet.\u00a0<\/p>\n<nav class=\"pagination group\"><\/nav>\n<div class=\"clear\">\u00a0<\/div>\n<\/div>\n","protected":false},"excerpt":{"rendered":"<p>Aus der Geschichte der SchuleDie Grundschule St. Nikolaus wurde 1952 als Katholische Volksschule im Ortskern von Herzlake erbaut. W\u00e4hrend dieser Zeit war Franz Fielers Schulleiter, sein Nachfolger wurde Hans Henkel. Zun\u00e4chst hatte das Geb\u00e4ude vier Klassenr\u00e4ume f\u00fcr 150 Sch\u00fcler der Jahrg\u00e4nge 1 bis 8. Im Jahre 1963 musste die Schule erweitert werden. Ein Anbau mit [&hellip;]<\/p>\n","protected":false},"author":9193591,"featured_media":0,"parent":0,"menu_order":0,"comment_status":"closed","ping_status":"closed","template":"","meta":{"footnotes":""},"class_list":["post-45","page","type-page","status-publish","hentry"],"_links":{"self":[{"href":"https:\/\/wordpress.nibis.de\/gsherzlake\/index.php?rest_route=\/wp\/v2\/pages\/45","targetHints":{"allow":["GET"]}}],"collection":[{"href":"https:\/\/wordpress.nibis.de\/gsherzlake\/index.php?rest_route=\/wp\/v2\/pages"}],"about":[{"href":"https:\/\/wordpress.nibis.de\/gsherzlake\/index.php?rest_route=\/wp\/v2\/types\/page"}],"author":[{"embeddable":true,"href":"https:\/\/wordpress.nibis.de\/gsherzlake\/index.php?rest_route=\/wp\/v2\/users\/9193591"}],"replies":[{"embeddable":true,"href":"https:\/\/wordpress.nibis.de\/gsherzlake\/index.php?rest_route=%2Fwp%2Fv2%2Fcomments&post=45"}],"version-history":[{"count":7,"href":"https:\/\/wordpress.nibis.de\/gsherzlake\/index.php?rest_route=\/wp\/v2\/pages\/45\/revisions"}],"predecessor-version":[{"id":799,"href":"https:\/\/wordpress.nibis.de\/gsherzlake\/index.php?rest_route=\/wp\/v2\/pages\/45\/revisions\/799"}],"wp:attachment":[{"href":"https:\/\/wordpress.nibis.de\/gsherzlake\/index.php?rest_route=%2Fwp%2Fv2%2Fmedia&parent=45"}],"curies":[{"name":"wp","href":"https:\/\/api.w.org\/{rel}","templated":true}]}}