{"id":78,"date":"2021-02-01T12:33:12","date_gmt":"2021-02-01T11:33:12","guid":{"rendered":"https:\/\/wordpress.nibis.de\/gsherzlake\/?page_id=78"},"modified":"2024-08-06T17:33:27","modified_gmt":"2024-08-06T15:33:27","slug":"unsere-zeiten","status":"publish","type":"page","link":"https:\/\/wordpress.nibis.de\/gsherzlake\/?page_id=78","title":{"rendered":"Unsere Zeiten"},"content":{"rendered":"\n<p class=\"has-text-align-center\"><br \/>1. Stunde 08:00 \u2013 08:45 Uh<br \/>2. Stunde 08:50 \u2013 09:35 Uhr<\/p>\n<p class=\"has-text-align-center\"><strong>Fr\u00fchst\u00fcck 09:35 \u2013 09:45 Uhr<br \/>Pause 09:45 \u2013 10:00 Uhr<\/strong><\/p>\n<p class=\"has-text-align-center\">3. Stunde 10:00 \u2013 10:45 Uhr<br \/><span style=\"font-size: revert\">4. Stunde 10:50 \u2013 11:35 Uhr<\/span><\/p>\n<p class=\"has-text-align-center\"><strong>Pause 11:35 \u2013 11:50 Uhr<\/strong><\/p>\n<p class=\"has-text-align-center\">5. Stunde 11:50 \u2013 12:35 Uhr<br \/>\u00a06. Stunde 12:40 \u2013 13:25 Uhr <br \/>Die 6. Stunde findet am Freitag f\u00fcr Jahrgang 3 und 4 statt.<\/p>\n<p class=\"has-text-align-center\">Die <strong>Betreuung<\/strong> der Sch\u00fclerinnen und Sch\u00fcler aus der 1. und 2. Klasse findet in der Zeit von <strong>11:50 Uhr <\/strong>bis <strong>12:35 Uhr<\/strong> statt.<br \/>Die\u00a0<strong>Sp\u00e4tbetreuung<\/strong><strong>\u00a0<\/strong>f\u00fcr alle Sch\u00fclerinnen und Sch\u00fcler findet in der Zeit von\u00a0<strong>12:35 Uhr <\/strong>bis\u00a0<strong>13:00 Uhr<\/strong> statt.<\/p>\n","protected":false},"excerpt":{"rendered":"<p>1. Stunde 08:00 \u2013 08:45 Uh2. Stunde 08:50 \u2013 09:35 Uhr Fr\u00fchst\u00fcck 09:35 \u2013 09:45 UhrPause 09:45 \u2013 10:00 Uhr 3. Stunde 10:00 \u2013 10:45 Uhr4. Stunde 10:50 \u2013 11:35 Uhr Pause 11:35 \u2013 11:50 Uhr 5. Stunde 11:50 \u2013 12:35 Uhr\u00a06. Stunde 12:40 \u2013 13:25 Uhr Die 6. Stunde findet am Freitag f\u00fcr Jahrgang [&hellip;]<\/p>\n","protected":false},"author":9193591,"featured_media":0,"parent":0,"menu_order":0,"comment_status":"closed","ping_status":"closed","template":"","meta":{"footnotes":""},"class_list":["post-78","page","type-page","status-publish","hentry"],"_links":{"self":[{"href":"https:\/\/wordpress.nibis.de\/gsherzlake\/index.php?rest_route=\/wp\/v2\/pages\/78","targetHints":{"allow":["GET"]}}],"collection":[{"href":"https:\/\/wordpress.nibis.de\/gsherzlake\/index.php?rest_route=\/wp\/v2\/pages"}],"about":[{"href":"https:\/\/wordpress.nibis.de\/gsherzlake\/index.php?rest_route=\/wp\/v2\/types\/page"}],"author":[{"embeddable":true,"href":"https:\/\/wordpress.nibis.de\/gsherzlake\/index.php?rest_route=\/wp\/v2\/users\/9193591"}],"replies":[{"embeddable":true,"href":"https:\/\/wordpress.nibis.de\/gsherzlake\/index.php?rest_route=%2Fwp%2Fv2%2Fcomments&post=78"}],"version-history":[{"count":6,"href":"https:\/\/wordpress.nibis.de\/gsherzlake\/index.php?rest_route=\/wp\/v2\/pages\/78\/revisions"}],"predecessor-version":[{"id":868,"href":"https:\/\/wordpress.nibis.de\/gsherzlake\/index.php?rest_route=\/wp\/v2\/pages\/78\/revisions\/868"}],"wp:attachment":[{"href":"https:\/\/wordpress.nibis.de\/gsherzlake\/index.php?rest_route=%2Fwp%2Fv2%2Fmedia&parent=78"}],"curies":[{"name":"wp","href":"https:\/\/api.w.org\/{rel}","templated":true}]}}