{"id":131,"date":"2017-03-15T15:04:56","date_gmt":"2017-03-15T14:04:56","guid":{"rendered":"http:\/\/wordpress.nibis.de\/gshes\/?page_id=131"},"modified":"2022-08-30T18:55:43","modified_gmt":"2022-08-30T16:55:43","slug":"schulobst","status":"publish","type":"page","link":"https:\/\/wordpress.nibis.de\/gshes\/schulobst\/","title":{"rendered":"Schulobst"},"content":{"rendered":"<p style=\"padding-left: 30px\"><span style=\"font-family: arial, helvetica, sans-serif;font-size: 14pt\"><img decoding=\"async\" class=\"alignleft\" src=\"https:\/\/wordpress.nibis.de\/gshes\/files\/2017\/03\/Bild-Schulobst-1-e1491296559621.jpg\" alt=\"\" \/><\/span><\/p>\n<p style=\"padding-left: 30px\"><span style=\"font-family: arial, helvetica, sans-serif;font-size: 14pt\">Das Land Niedersachsen beteiligt sich seit dem Schuljahr 2014\/15 am EU-Schulobst- und Gem\u00fcseprogramm. Ziel dieses Programms ist es, den Verzehr von Obst und Gem\u00fcse bei den Kindern zu erh\u00f6hen, denn e<span class=\"fs19\">ine ausgewogene und gesundheitsf\u00f6rdernde Ern\u00e4hrung ist eine wichtige Voraussetzung f\u00fcr das Wachstum und das Lernen von Kindern. <\/span>Der regelm\u00e4\u00dfige Obst- und Gem\u00fcseverzehr und die hiermit einhergehende Extraportion Vitamine und Mineralstoffe soll die Ern\u00e4hrungsgewohnheiten der Kinder positiv beeinflussen. Die Sch\u00fclerinnen und Sch\u00fcler lernen die bunte und breite Palette der Obst- und Gem\u00fcsesorten kennen und werden angeregt, vieles und evtl. auch unbekanntes zu probieren.<\/span><\/p>\n<p><a href=\"https:\/\/www.schulprogramm.niedersachsen.de\/\" target=\"_blank\" rel=\"noopener\">Hier gibt es weitere Informationen.<\/a><\/p>\n\n","protected":false},"excerpt":{"rendered":"<p>Das Land Niedersachsen beteiligt sich seit dem Schuljahr 2014\/15 am EU-Schulobst- und Gem\u00fcseprogramm. Ziel dieses Programms ist es, den Verzehr von Obst und Gem\u00fcse bei den Kindern zu erh\u00f6hen, denn eine ausgewogene und gesundheitsf\u00f6rdernde Ern\u00e4hrung ist eine wichtige Voraussetzung f\u00fcr &hellip; <a href=\"https:\/\/wordpress.nibis.de\/gshes\/schulobst\/\">Weiterlesen <span class=\"meta-nav\">&rarr;<\/span><\/a><\/p>\n","protected":false},"author":1377,"featured_media":0,"parent":0,"menu_order":0,"comment_status":"closed","ping_status":"closed","template":"","meta":{"footnotes":""},"class_list":["post-131","page","type-page","status-publish","hentry"],"_links":{"self":[{"href":"https:\/\/wordpress.nibis.de\/gshes\/wp-json\/wp\/v2\/pages\/131","targetHints":{"allow":["GET"]}}],"collection":[{"href":"https:\/\/wordpress.nibis.de\/gshes\/wp-json\/wp\/v2\/pages"}],"about":[{"href":"https:\/\/wordpress.nibis.de\/gshes\/wp-json\/wp\/v2\/types\/page"}],"author":[{"embeddable":true,"href":"https:\/\/wordpress.nibis.de\/gshes\/wp-json\/wp\/v2\/users\/1377"}],"replies":[{"embeddable":true,"href":"https:\/\/wordpress.nibis.de\/gshes\/wp-json\/wp\/v2\/comments?post=131"}],"version-history":[{"count":9,"href":"https:\/\/wordpress.nibis.de\/gshes\/wp-json\/wp\/v2\/pages\/131\/revisions"}],"predecessor-version":[{"id":3636,"href":"https:\/\/wordpress.nibis.de\/gshes\/wp-json\/wp\/v2\/pages\/131\/revisions\/3636"}],"wp:attachment":[{"href":"https:\/\/wordpress.nibis.de\/gshes\/wp-json\/wp\/v2\/media?parent=131"}],"curies":[{"name":"wp","href":"https:\/\/api.w.org\/{rel}","templated":true}]}}