{"id":139,"date":"2017-03-15T15:35:16","date_gmt":"2017-03-15T14:35:16","guid":{"rendered":"http:\/\/wordpress.nibis.de\/gshes\/?page_id=139"},"modified":"2018-02-17T10:25:28","modified_gmt":"2018-02-17T09:25:28","slug":"139-2","status":"publish","type":"page","link":"https:\/\/wordpress.nibis.de\/gshes\/139-2\/","title":{"rendered":"Herzlich Willkommen"},"content":{"rendered":"<p>Die Hoheellernschule liegt im \u00f6stlichen Stadtteil von Leer und ist eine Ganztagsschule mit <span style=\"text-decoration: underline\"><a href=\"http:\/\/wordpress.nibis.de\/gshes\/foerderschwerpunkt-sprache\/\">F\u00f6rderklassen Sprach<\/a><\/span><span style=\"text-decoration: underline\"><a href=\"http:\/\/wordpress.nibis.de\/gshes\/foerderschwerpunkt-sprache\/\">e<\/a><\/span><strong>.<\/strong> Derzeit unterrichten 31 Lehrkr\u00e4fte die 270 Sch\u00fclerinnen und Sch\u00fcler. In einem Team aus Lehrkr\u00e4ften, Sozialp\u00e4dagogen, Integrationshelfern und Sonderp\u00e4dagogen richten wir unseren Unterricht individuell auf die Bed\u00fcrfnisse der Kinder aus. Dabei legen wir sehr viel Wert auf die Bildung der Sozialkompetenzen, die neben der Vermittlung des Unterrichtsstoffes bei uns im Vordergrund stehen.\u00a0<!--more--><\/p>\n<p>Seit dem Beginn des Schuljahres 2013\/14 sind auch wir- wie alle Schulen Niedersachsens- eine <a href=\"http:\/\/wordpress.nibis.de\/gshes\/inklusion-und-integration\/\"><span style=\"text-decoration: underline\">in<\/span><span style=\"text-decoration: underline\">klusive Schule<\/span><strong>.<\/strong><\/a>\u00a0Jedes Kind erlebt bei uns das Gef\u00fchl der Zusammengeh\u00f6rigkeit zu einer Klassengemeinschaft. Die F\u00f6rderung des sozialen Miteinanders, der Umgang mit anderen Kulturen und insbesondere das interkulturelle Lernen wird bei uns gro\u00df geschrieben.\u00a0Durch das friedliche Miteinander von Kindern verschiedener Nationalit\u00e4ten bietet sich ihnen die M\u00f6glichkeit, \u00fcber den Tellerrand hinauszuschauen, Verst\u00e4ndnis zu entwickeln und Freundschaften zu schlie\u00dfen. Von und miteinander lernen lautet unsere Devise.<!--more--><\/p>\n<p>Unsere Lehrkr\u00e4fte und p\u00e4dagogischen Mitarbeiter nehmen regelm\u00e4\u00dfig an Fortbildungen teil und verf\u00fcgen \u00fcber ein gro\u00dfes Repertoire methodischer M\u00f6glichkeiten im Unterricht und in der Nachmittagsbetreuung. Die gew\u00e4hlten Sozialformen werden stets auf die Sch\u00fclerinnen und Sch\u00fcler einer Klasse abgestimmt, so dass eine F\u00f6rderung bzw. Forderung in jeder Unterrichtsstunde stattfinden kann. Des Weiteren sind wir im Besitz mehrerer Smart-Boards und k\u00f6nnen unseren Unterricht so unter Ber\u00fccksichtigung neuester digitaler Standards umsetzen.<\/p>\n<p>Der Ganztag an unserer Schule wird von unseren Lehrkr\u00e4ften genauso wie von acht geschulten p\u00e4dagogischen Mitarbeiterinnen und Mitarbeitern betreut und durchgef\u00fchrt und sollte stets als gemeinsames Ganzes betrachtet werden, da alle Mitarbeiter im stetigem Austausch zueinander stehen. Langeweile kommt hier ganz bestimmt nicht auf. Die Hoheellernschule verf\u00fcgt \u00fcber ein gut durchdachtes, strukturiertes und flexibles Nachmittagsangebot, das auf die Bed\u00fcrfnisse der Kinder und Eltern abgestimmt wurde und ausreichend Gelegenheit bietet, die Kompetenzen der Kinder zus\u00e4tzlich zu erweitern.<\/p>\n<p><img loading=\"lazy\" decoding=\"async\" class=\"wp-image-6 aligncenter\" src=\"http:\/\/wordpress.nibis.de\/gshes\/files\/2017\/03\/Schule-startseite-300x225.jpg\" alt=\"\" width=\"552\" height=\"414\" srcset=\"https:\/\/wordpress.nibis.de\/gshes\/files\/2017\/03\/Schule-startseite-300x225.jpg 300w, https:\/\/wordpress.nibis.de\/gshes\/files\/2017\/03\/Schule-startseite.jpg 450w\" sizes=\"auto, (max-width: 552px) 100vw, 552px\" \/><\/p>\n<p>&nbsp;<\/p>\n","protected":false},"excerpt":{"rendered":"<p>Die Hoheellernschule liegt im \u00f6stlichen Stadtteil von Leer und ist eine Ganztagsschule mit F\u00f6rderklassen Sprache. Derzeit unterrichten 31 Lehrkr\u00e4fte die 270 Sch\u00fclerinnen und Sch\u00fcler. In einem Team aus Lehrkr\u00e4ften, Sozialp\u00e4dagogen, Integrationshelfern und Sonderp\u00e4dagogen richten wir unseren Unterricht individuell auf die &hellip; <a href=\"https:\/\/wordpress.nibis.de\/gshes\/139-2\/\">Weiterlesen <span class=\"meta-nav\">&rarr;<\/span><\/a><\/p>\n","protected":false},"author":1377,"featured_media":0,"parent":0,"menu_order":0,"comment_status":"closed","ping_status":"closed","template":"","meta":{"footnotes":""},"class_list":["post-139","page","type-page","status-publish","hentry"],"_links":{"self":[{"href":"https:\/\/wordpress.nibis.de\/gshes\/wp-json\/wp\/v2\/pages\/139","targetHints":{"allow":["GET"]}}],"collection":[{"href":"https:\/\/wordpress.nibis.de\/gshes\/wp-json\/wp\/v2\/pages"}],"about":[{"href":"https:\/\/wordpress.nibis.de\/gshes\/wp-json\/wp\/v2\/types\/page"}],"author":[{"embeddable":true,"href":"https:\/\/wordpress.nibis.de\/gshes\/wp-json\/wp\/v2\/users\/1377"}],"replies":[{"embeddable":true,"href":"https:\/\/wordpress.nibis.de\/gshes\/wp-json\/wp\/v2\/comments?post=139"}],"version-history":[{"count":40,"href":"https:\/\/wordpress.nibis.de\/gshes\/wp-json\/wp\/v2\/pages\/139\/revisions"}],"predecessor-version":[{"id":702,"href":"https:\/\/wordpress.nibis.de\/gshes\/wp-json\/wp\/v2\/pages\/139\/revisions\/702"}],"wp:attachment":[{"href":"https:\/\/wordpress.nibis.de\/gshes\/wp-json\/wp\/v2\/media?parent=139"}],"curies":[{"name":"wp","href":"https:\/\/api.w.org\/{rel}","templated":true}]}}