{"id":1559,"date":"2019-01-24T19:41:40","date_gmt":"2019-01-24T18:41:40","guid":{"rendered":"http:\/\/wordpress.nibis.de\/gshes\/?page_id=1559"},"modified":"2020-03-19T13:25:51","modified_gmt":"2020-03-19T12:25:51","slug":"suchmaschinen","status":"publish","type":"page","link":"https:\/\/wordpress.nibis.de\/gshes\/suchmaschinen\/","title":{"rendered":"Suchmaschinen"},"content":{"rendered":"<table style=\"border-collapse: collapse;width: 100%\" border=\"1\">\n<tbody>\n<tr>\n<td style=\"width: 100%\"><a href=\"https:\/\/www.blinde-kuh.de\/index.html\">Blinde Kuh\u00a0<\/a><\/p>\n<p>Blinde Kuh ist eine deutschsprachige Suchmaschine f\u00fcr Kinder<\/td>\n<\/tr>\n<tr>\n<td style=\"width: 100%\"><a href=\"https:\/\/www.fragfinn.de\">fragFINN<\/a><\/p>\n<p>Kindersuchmaschine und sicherer Surfraum f\u00fcr Kinder bis 12 Jahre. Kinder finden lediglich kindgeeignete und von Medienp\u00e4dagogen \u00fcberpr\u00fcfte Internetseiten.<\/td>\n<\/tr>\n<tr>\n<td style=\"width: 100%\"><a href=\"https:\/\/www.helles-koepfchen.de\">Helles K\u00f6pfchen<\/a><\/p>\n<p>Wissensportal f\u00fcr Kinde und Jugendliche<\/td>\n<\/tr>\n<tr>\n<td style=\"width: 100%\"><a href=\"https:\/\/www.planet-schule.de\/sf\/spezial\/grundschule\/index.php\"><span style=\"text-decoration: underline\"><span style=\"color: #3366ff;text-decoration: underline\">Planet Schule<\/span><\/span><\/a><\/p>\n<p>Mit Planet Schule k\u00f6nnen Kinder aller Altersstufen problemlos zu Hause lernen, auch in Zeiten von Corona. Hier gibt es Filme, Lernspiele, Simulationen und Apps f\u00fcr alle F\u00e4cher. Zu allen Themen finden sich jede Menge spannende Materialien, zum Beispiel zu Vulkanen, Insekten, Energiegewinnung oder zum Mittelalter.<\/p>\n<p>F\u00fcr Grundsch\u00fcler gibt es spezielle Angebote.<\/td>\n<\/tr>\n<\/tbody>\n<\/table>\n","protected":false},"excerpt":{"rendered":"<p>Blinde Kuh\u00a0 Blinde Kuh ist eine deutschsprachige Suchmaschine f\u00fcr Kinder fragFINN Kindersuchmaschine und sicherer Surfraum f\u00fcr Kinder bis 12 Jahre. Kinder finden lediglich kindgeeignete und von Medienp\u00e4dagogen \u00fcberpr\u00fcfte Internetseiten. Helles K\u00f6pfchen Wissensportal f\u00fcr Kinde und Jugendliche Planet Schule Mit Planet &hellip; <a href=\"https:\/\/wordpress.nibis.de\/gshes\/suchmaschinen\/\">Weiterlesen <span class=\"meta-nav\">&rarr;<\/span><\/a><\/p>\n","protected":false},"author":1392,"featured_media":0,"parent":0,"menu_order":0,"comment_status":"closed","ping_status":"closed","template":"","meta":{"footnotes":""},"class_list":["post-1559","page","type-page","status-publish","hentry"],"_links":{"self":[{"href":"https:\/\/wordpress.nibis.de\/gshes\/wp-json\/wp\/v2\/pages\/1559","targetHints":{"allow":["GET"]}}],"collection":[{"href":"https:\/\/wordpress.nibis.de\/gshes\/wp-json\/wp\/v2\/pages"}],"about":[{"href":"https:\/\/wordpress.nibis.de\/gshes\/wp-json\/wp\/v2\/types\/page"}],"author":[{"embeddable":true,"href":"https:\/\/wordpress.nibis.de\/gshes\/wp-json\/wp\/v2\/users\/1392"}],"replies":[{"embeddable":true,"href":"https:\/\/wordpress.nibis.de\/gshes\/wp-json\/wp\/v2\/comments?post=1559"}],"version-history":[{"count":4,"href":"https:\/\/wordpress.nibis.de\/gshes\/wp-json\/wp\/v2\/pages\/1559\/revisions"}],"predecessor-version":[{"id":1915,"href":"https:\/\/wordpress.nibis.de\/gshes\/wp-json\/wp\/v2\/pages\/1559\/revisions\/1915"}],"wp:attachment":[{"href":"https:\/\/wordpress.nibis.de\/gshes\/wp-json\/wp\/v2\/media?parent=1559"}],"curies":[{"name":"wp","href":"https:\/\/api.w.org\/{rel}","templated":true}]}}