{"id":1561,"date":"2019-01-24T19:42:02","date_gmt":"2019-01-24T18:42:02","guid":{"rendered":"http:\/\/wordpress.nibis.de\/gshes\/?page_id=1561"},"modified":"2026-01-12T11:10:00","modified_gmt":"2026-01-12T10:10:00","slug":"lesen-und-schreiben","status":"publish","type":"page","link":"https:\/\/wordpress.nibis.de\/gshes\/lesen-und-schreiben\/","title":{"rendered":"Lesen und Schreiben"},"content":{"rendered":"<table style=\"border-collapse: collapse;width: 100%\" border=\"1\">\n<tbody>\n<tr>\n<td style=\"width: 100%\"><a href=\"http:\/\/www.hamsterkiste.de\">Hamsterkiste<\/a>Im Mittelpunkt der Hamsterkiste Lerngeschichten mit gro\u00dfen Bildern und gro\u00dfer Schrift sowie gegliederten und einfachen Texten, erg\u00e4nzt durch Erkundungsaufgaben, die die Kinder veranlassen sollen, sich nicht nur durch die Seiten zu klicken, sondern zu lesen und ihr Verst\u00e4ndnis zu \u00fcberpr\u00fcfen.<\/td>\n<\/tr>\n<tr>\n<td style=\"width: 100%\"><a href=\"https:\/\/www.legakids.net\">Lega-KIDS<\/a>Das kostenlose Programm LURS-Minimator richtet sich an Kinder, die mit dem Lesen und Schreiben Schwierigkeiten haben. Durch zahlreiche Einstellungsm\u00f6glichkeiten lassen sich sowohl Lesetechnik (Zusammenschleifen der Buchstaben) als auch automatische Worterkennung und die Lesefl\u00fcssigkeit trainieren.<\/td>\n<\/tr>\n<tr>\n<td style=\"width: 100%\"><a href=\"http:\/\/www.kidsnet.at\/baum\/deutschbaumn.htm\">Kidsnet-Deutsch<\/a><\/td>\n<\/tr>\n<tr>\n<td style=\"width: 100%\"><a href=\"https:\/\/anton.app\/de\/\">\ud83d\ude42 Anton<\/a><\/td>\n<\/tr>\n<\/tbody>\n<\/table>\n","protected":false},"excerpt":{"rendered":"<p>HamsterkisteIm Mittelpunkt der Hamsterkiste Lerngeschichten mit gro\u00dfen Bildern und gro\u00dfer Schrift sowie gegliederten und einfachen Texten, erg\u00e4nzt durch Erkundungsaufgaben, die die Kinder veranlassen sollen, sich nicht nur durch die Seiten zu klicken, sondern zu lesen und ihr Verst\u00e4ndnis zu \u00fcberpr\u00fcfen. &hellip; <a href=\"https:\/\/wordpress.nibis.de\/gshes\/lesen-und-schreiben\/\">Weiterlesen <span class=\"meta-nav\">&rarr;<\/span><\/a><\/p>\n","protected":false},"author":1392,"featured_media":0,"parent":0,"menu_order":0,"comment_status":"closed","ping_status":"closed","template":"","meta":{"footnotes":""},"class_list":["post-1561","page","type-page","status-publish","hentry"],"_links":{"self":[{"href":"https:\/\/wordpress.nibis.de\/gshes\/wp-json\/wp\/v2\/pages\/1561","targetHints":{"allow":["GET"]}}],"collection":[{"href":"https:\/\/wordpress.nibis.de\/gshes\/wp-json\/wp\/v2\/pages"}],"about":[{"href":"https:\/\/wordpress.nibis.de\/gshes\/wp-json\/wp\/v2\/types\/page"}],"author":[{"embeddable":true,"href":"https:\/\/wordpress.nibis.de\/gshes\/wp-json\/wp\/v2\/users\/1392"}],"replies":[{"embeddable":true,"href":"https:\/\/wordpress.nibis.de\/gshes\/wp-json\/wp\/v2\/comments?post=1561"}],"version-history":[{"count":4,"href":"https:\/\/wordpress.nibis.de\/gshes\/wp-json\/wp\/v2\/pages\/1561\/revisions"}],"predecessor-version":[{"id":5196,"href":"https:\/\/wordpress.nibis.de\/gshes\/wp-json\/wp\/v2\/pages\/1561\/revisions\/5196"}],"wp:attachment":[{"href":"https:\/\/wordpress.nibis.de\/gshes\/wp-json\/wp\/v2\/media?parent=1561"}],"curies":[{"name":"wp","href":"https:\/\/api.w.org\/{rel}","templated":true}]}}