{"id":1563,"date":"2019-01-24T19:42:12","date_gmt":"2019-01-24T18:42:12","guid":{"rendered":"http:\/\/wordpress.nibis.de\/gshes\/?page_id=1563"},"modified":"2020-03-25T12:25:00","modified_gmt":"2020-03-25T11:25:00","slug":"mathematik","status":"publish","type":"page","link":"https:\/\/wordpress.nibis.de\/gshes\/mathematik\/","title":{"rendered":"Sachunterricht"},"content":{"rendered":"<table style=\"border-collapse: collapse;width: 100%\" border=\"1\">\n<tbody>\n<tr>\n<td style=\"width: 100%\"><a href=\"https:\/\/www.zdf.de\/kinder\/logo\">logo!<\/a>Die Kinder Nachrichtensendung.<\/td>\n<\/tr>\n<tr>\n<td style=\"width: 100%\"><a href=\"https:\/\/www.geo.de\/geolino\">GEOlino<\/a>Ein Erlebnismagazin f\u00fcr Kinder.<\/td>\n<\/tr>\n<tr>\n<td style=\"width: 100%\"><a href=\"http:\/\/www.ampelini.de\">Ampelinis<\/a>Internetseite f\u00fcr Kinder zur Verkehrssicherheit.<\/td>\n<\/tr>\n<tr>\n<td style=\"width: 100%\"><a href=\"https:\/\/www.wasistwas.de\/home.html\">Was ist Was?<\/a>Internetauftritt der bekannten Sachbuchreihe.<\/td>\n<\/tr>\n<tr>\n<td style=\"width: 100%\"><a href=\"http:\/\/www.kinder-tierlexikon.de\">Kinder-Tierlexikon<\/a><\/td>\n<\/tr>\n<tr>\n<td style=\"width: 100%\"><a href=\"https:\/\/www.n-ergie.de\/n-ergie\/schulinformation\/unterrichtsmaterial\/!ut\/p\/z1\/nZFBi8IwEIV_yx563M5sazTrrRUtykp1oai5SLWxidZU0mjBX78FEVaQVJzbPN77ZpgBBktgKr3IPDWyVGnR9CvWXU_HA_wKY5zGGHkY9EZzSobUI7MOLGyGiBJgr-TxoQIMf73QR4xi7538f9JreYuB2fELYLYR0TdpMcTdFgO9E2xHaltzAiwvys3to4Ha-DQHpvmOa67ds25kYcyp6jvoYF3Xbl59ZpIfRFlcuXIz7mCVbsVZGa613ArzDCPKqtGfpeF0TJJkiXK8J8XlJ_j4A25n9OI!\/dz\/d5\/L2dBISEvZ0FBIS9nQSEh\/\">Strom &#8211; f\u00fcr Kinder der 3. und 4. Klasse<\/a>Warum leuchtet eine Gl\u00fchlampe? Welche Energieformen gibt es? Oder wie w\u00e4re ein Leben ohne Strom?<\/td>\n<\/tr>\n<tr>\n<td style=\"width: 100%\">\n<div class=\"list-title\"><a href=\"https:\/\/www.wdrmaus.de\/filme\/sachgeschichten\/index.php5\">Die Sendung mit der Maus<\/a><\/div>\n<p>Die R\u00e4tsel des Alltags &#8211; gel\u00f6st in den Sachgeschichten<br \/>\nJede Woche entschl\u00fcsseln die Mausmacher kleine und gro\u00dfe Geheimnisse.<br \/>\nSpannende Geschichten k\u00f6nnt ihr euch hier anschauen!<\/td>\n<\/tr>\n<tr>\n<td style=\"width: 100%\"><a href=\"https:\/\/physikforkids.de\/\">Physik f\u00fcr Kinder <\/a><\/p>\n<p>Wir haben ein paar spannende Versuche im <a href=\"https:\/\/physikforkids.de\/labor\">Labor<\/a> f\u00fcr dich. Und wenn du Lust hast, schau doch mal in der <a href=\"https:\/\/physikforkids.de\/sternwarte\">Sternwarte<\/a> vorbei, oder du siehst dich in der <a href=\"https:\/\/physikforkids.de\/geschichte\">Geschichte<\/a> der Physik um.<\/td>\n<\/tr>\n<tr>\n<td style=\"width: 100%\">Materialien vom <a href=\"https:\/\/www.dlr.de\/next\/desktopdefault.aspx\/tabid-15440\">Deutschen Zentrum f\u00fcr Luft- und Raumfahrt<\/a> &#8211; hier gibt es Spannendes zu entdecken&#8230;<\/td>\n<\/tr>\n<tr>\n<td style=\"width: 100%\"><a href=\"https:\/\/www.meine-forscherwelt.de\/intro\/start.html\">Kleine Forscher &#8211; Die Welt ist dein Labor<\/a><\/td>\n<\/tr>\n<tr>\n<td style=\"width: 100%\"><a href=\"https:\/\/anton.app\/de\/\">\ud83d\ude42 Anton<\/a><\/td>\n<\/tr>\n<\/tbody>\n<\/table>\n","protected":false},"excerpt":{"rendered":"<p>logo!Die Kinder Nachrichtensendung. GEOlinoEin Erlebnismagazin f\u00fcr Kinder. AmpelinisInternetseite f\u00fcr Kinder zur Verkehrssicherheit. Was ist Was?Internetauftritt der bekannten Sachbuchreihe. Kinder-Tierlexikon Strom &#8211; f\u00fcr Kinder der 3. und 4. KlasseWarum leuchtet eine Gl\u00fchlampe? Welche Energieformen gibt es? Oder wie w\u00e4re ein Leben &hellip; <a href=\"https:\/\/wordpress.nibis.de\/gshes\/mathematik\/\">Weiterlesen <span class=\"meta-nav\">&rarr;<\/span><\/a><\/p>\n","protected":false},"author":1392,"featured_media":0,"parent":0,"menu_order":0,"comment_status":"closed","ping_status":"closed","template":"","meta":{"footnotes":""},"class_list":["post-1563","page","type-page","status-publish","hentry"],"_links":{"self":[{"href":"https:\/\/wordpress.nibis.de\/gshes\/wp-json\/wp\/v2\/pages\/1563","targetHints":{"allow":["GET"]}}],"collection":[{"href":"https:\/\/wordpress.nibis.de\/gshes\/wp-json\/wp\/v2\/pages"}],"about":[{"href":"https:\/\/wordpress.nibis.de\/gshes\/wp-json\/wp\/v2\/types\/page"}],"author":[{"embeddable":true,"href":"https:\/\/wordpress.nibis.de\/gshes\/wp-json\/wp\/v2\/users\/1392"}],"replies":[{"embeddable":true,"href":"https:\/\/wordpress.nibis.de\/gshes\/wp-json\/wp\/v2\/comments?post=1563"}],"version-history":[{"count":11,"href":"https:\/\/wordpress.nibis.de\/gshes\/wp-json\/wp\/v2\/pages\/1563\/revisions"}],"predecessor-version":[{"id":1948,"href":"https:\/\/wordpress.nibis.de\/gshes\/wp-json\/wp\/v2\/pages\/1563\/revisions\/1948"}],"wp:attachment":[{"href":"https:\/\/wordpress.nibis.de\/gshes\/wp-json\/wp\/v2\/media?parent=1563"}],"curies":[{"name":"wp","href":"https:\/\/api.w.org\/{rel}","templated":true}]}}