{"id":1570,"date":"2019-01-24T19:43:44","date_gmt":"2019-01-24T18:43:44","guid":{"rendered":"http:\/\/wordpress.nibis.de\/gshes\/?page_id=1570"},"modified":"2020-03-18T15:00:15","modified_gmt":"2020-03-18T14:00:15","slug":"mathematik-2","status":"publish","type":"page","link":"https:\/\/wordpress.nibis.de\/gshes\/mathematik-2\/","title":{"rendered":"Mathematik"},"content":{"rendered":"\n<p><\/p>\n\n\n<table style=\"border-collapse: collapse;width: 100%\" border=\"1\">\n<tbody>\n<tr>\n<td style=\"width: 100%\"><a href=\"https:\/\/anton.app\/de\/\">Anton<\/a><\/td>\n<\/tr>\n<tr>\n<td style=\"width: 100%\"><a href=\"http:\/\/www.kidsnet.at\/mathematik.html\">Kidsnet-Mathematik<\/a><\/td>\n<\/tr>\n<tr>\n<td style=\"width: 100%\"><a href=\"http:\/\/www.mathe-im-netz.de\">Mathe im Netz<\/a><\/td>\n<\/tr>\n<\/tbody>\n<\/table>\n<p>Des Weiteren gibt es eine tolle App, die Mathematik von Klasse 3-10 sinnvoll f\u00f6rdert und zudem noch Spa\u00df macht<\/p>\n<p><a href=\"https:\/\/www.mathe-kaenguru.de\/index.html\">K\u00e4nguru der Mathematik<\/a><\/p>","protected":false},"excerpt":{"rendered":"<p>Anton Kidsnet-Mathematik Mathe im Netz Des Weiteren gibt es eine tolle App, die Mathematik von Klasse 3-10 sinnvoll f\u00f6rdert und zudem noch Spa\u00df macht K\u00e4nguru der Mathematik<\/p>\n","protected":false},"author":1392,"featured_media":0,"parent":0,"menu_order":0,"comment_status":"closed","ping_status":"closed","template":"","meta":{"footnotes":""},"class_list":["post-1570","page","type-page","status-publish","hentry"],"_links":{"self":[{"href":"https:\/\/wordpress.nibis.de\/gshes\/wp-json\/wp\/v2\/pages\/1570","targetHints":{"allow":["GET"]}}],"collection":[{"href":"https:\/\/wordpress.nibis.de\/gshes\/wp-json\/wp\/v2\/pages"}],"about":[{"href":"https:\/\/wordpress.nibis.de\/gshes\/wp-json\/wp\/v2\/types\/page"}],"author":[{"embeddable":true,"href":"https:\/\/wordpress.nibis.de\/gshes\/wp-json\/wp\/v2\/users\/1392"}],"replies":[{"embeddable":true,"href":"https:\/\/wordpress.nibis.de\/gshes\/wp-json\/wp\/v2\/comments?post=1570"}],"version-history":[{"count":6,"href":"https:\/\/wordpress.nibis.de\/gshes\/wp-json\/wp\/v2\/pages\/1570\/revisions"}],"predecessor-version":[{"id":1911,"href":"https:\/\/wordpress.nibis.de\/gshes\/wp-json\/wp\/v2\/pages\/1570\/revisions\/1911"}],"wp:attachment":[{"href":"https:\/\/wordpress.nibis.de\/gshes\/wp-json\/wp\/v2\/media?parent=1570"}],"curies":[{"name":"wp","href":"https:\/\/api.w.org\/{rel}","templated":true}]}}