{"id":1844,"date":"2020-01-08T08:47:41","date_gmt":"2020-01-08T07:47:41","guid":{"rendered":"https:\/\/wordpress.nibis.de\/gshes\/?page_id=1844"},"modified":"2024-02-19T17:44:06","modified_gmt":"2024-02-19T16:44:06","slug":"konzept-der-schuelervertretung","status":"publish","type":"page","link":"https:\/\/wordpress.nibis.de\/gshes\/konzept-der-schuelervertretung\/","title":{"rendered":"Konzept der Sch\u00fclervertretung"},"content":{"rendered":"\n<p><strong>Konzept \u201eSch\u00fclerrat \/SV\u201c an der GS Hoheellern<\/strong>\u00a0\u00a0\u00a0\u00a0\u00a0\u00a0\u00a0\u00a0\u00a0\u00a0\u00a0\u00a0\u00a0\u00a0\u00a0\u00a0\u00a0 Stand: 20.02.2023\u00a0\u00a0\u00a0\u00a0<\/p>\n<p>\u00a0\u00a0\u00a0\u00a0\u00a0\u00a0\u00a0\u00a0\u00a0\u00a0\u00a0\u00a0\u00a0\u00a0\u00a0\u00a0\u00a0\u00a0<\/p>\n<ol>\n<li style=\"text-align: left\">Organisatorisches:<\/li>\n<\/ol>\n<p>Jede Klasse der Hoheellernschule w\u00e4hlt immer vor dem 30.09. in jedem Schuljahr eine\/n Klassensprecher\/in und eine Stellvertretung. <em>Beide nehmen an den Treffen des Sch\u00fclerrates teil.<\/em><\/p>\n<p><em>Zus\u00e4tzlich w\u00e4hlt jede Klasse zwei Stellvertretungen. Diese treten z.B. bei Umzug oder Klassenwechsel automatisch ins Amt. So ist gew\u00e4hrleistet, dass nicht im Schuljahr neu gew\u00e4hlt werden muss.<\/em><\/p>\n<p><em>Die Wahl erfolgt immer f\u00fcr die Dauer eines Schuljahres.<\/em><\/p>\n<p>Der Sch\u00fclerrat ist eine regelm\u00e4\u00dfige Zusammenkunft der Klassensprecher\/innen und deren\u00a0 Stellvertreter\/innen aller Klassen auf Einladung der jeweils zust\u00e4ndigen Erwachsenen (s.u.).<\/p>\n<p>Der Sch\u00fclerrat tagt <em>regelm\u00e4\u00dfig alle vier bis sechs Wochen,<\/em> die zust\u00e4ndigen Erwachsenen werden daf\u00fcr -falls notwendig-\u00a0 aus\u00a0 ihrem regul\u00e4ren Einsatz herausgenommen (Vertretungsregelung). Ein geeigneter Raum wird zuvor von den Erwachsenen benannt.<\/p>\n<p><em>Jede Klasse erh\u00e4lt eine SV-Mappe, die im Klassenraum aufbewahrt und zur Sitzung mitgebracht wird. In jeder Sitzung wird durch eine\/n Sch\u00fcler\/in oder eine Erwachsene ein handschriftliches Protokoll geschrieben, das den Mitgliedern sofort am Ende kopiert und ausgeh\u00e4ndigt wird. Mit dem Protokoll gelangen die Inhalte der SV-Sitzung in den Klassenrat.<\/em><\/p>\n<p>\u00a0<\/p>\n<ol start=\"2\">\n<li>Kompetenzen:<\/li>\n<\/ol>\n<p>Die Zusammenk\u00fcnfte des Sch\u00fclerrats f\u00f6rdern das aktive Mitgestalten der Kinder im Schulleben und das demokratische Denken, Handeln und F\u00fchlen. Sie vermitteln den Kindern die Sicherheit, dass ihnen Wertsch\u00e4tzung entgegengebracht wird.<\/p>\n<p>Der Sch\u00fclerrat artikuliert W\u00fcnsche, Beobachtungen und Vorschl\u00e4ge aus den Reihen der Sch\u00fclerschaft. Diese k\u00f6nnen im Klassenrat oder in einer extra daf\u00fcr vorgesehenen Stunde zusammen mit der Klassenlehrkraft gesammelt und von den Klassensprecher\/inne\/n im Sch\u00fclerrat vorgetragen werden.<\/p>\n<p>Die Teilnehmer\/innen berichten bei der R\u00fcckkehr in den Klassenraum m\u00f6glichst zeitnah \u00fcber das, was im Sch\u00fclerrat besprochen wurde.<\/p>\n<p>\u00a0<\/p>\n<ol start=\"3\">\n<li>Die Erwachsenen:<\/li>\n<\/ol>\n<p>Frau Jung, Sozialp\u00e4dagogin und Frau Waldeier-Frein, F\u00f6rderschullehrerin,<\/p>\n<ul>\n<li>begleiten den Sch\u00fclerrat als multiprofessionelles Team, <em>als SV-Beraterinnen;<\/em><\/li>\n<li>erstellen eine Jahresplanung mit Terminen f\u00fcr die Treffen (wechselnde Zeiten und Wochentage)<\/li>\n<li>laden eine Woche vorher zu der Versammlung des Sch\u00fclerrats ein;<\/li>\n<li>tragen die Anliegen der Sch\u00fclerschaft in die Dienstbesprechung und damit ans Kollegium heran;<\/li>\n<li>treffen Bezug nehmend auf die Zusammenk\u00fcnfte Absprachen mit den Sch\u00fcler\/inne\/n und Kolleg\/inn\/en<\/li>\n<li>protokollieren die Sitzungen handschriftlich in einer daf\u00fcr vorgesehenen Kladde stichwortartig <em> helfen \u00e4lteren Sch\u00fcler\/innen beim Protokollieren<\/em>.<\/li>\n<li>Die SV kann die SV-Beraterinnen im Amt best\u00e4tigen oder andere SV-Berater\/innen w\u00e4hlen.<\/li>\n<\/ul>\n<p>\u00a0<\/p>\n<ol start=\"4\">\n<li><em> Sch\u00fclersprecher\/in<\/em><\/li>\n<\/ol>\n<p><em>Zwei Sch\u00fclersprecher\/innen werden auf der zweiten Sitzung der SV im neuen Schuljahr gew\u00e4hlt. Wahlberechtigt sind alle Mitglieder der SV, s.o. Die Sch\u00fclersprecher\/innen k\u00f6nnen die Sch\u00fclerschaft bei schulischen Veranstaltungen z.B. durch eine Rede vertreten.<\/em><\/p>\n","protected":false},"excerpt":{"rendered":"<p>Konzept \u201eSch\u00fclerrat \/SV\u201c an der GS Hoheellern\u00a0\u00a0\u00a0\u00a0\u00a0\u00a0\u00a0\u00a0\u00a0\u00a0\u00a0\u00a0\u00a0\u00a0\u00a0\u00a0\u00a0 Stand: 20.02.2023\u00a0\u00a0\u00a0\u00a0 \u00a0\u00a0\u00a0\u00a0\u00a0\u00a0\u00a0\u00a0\u00a0\u00a0\u00a0\u00a0\u00a0\u00a0\u00a0\u00a0\u00a0\u00a0 Organisatorisches: Jede Klasse der Hoheellernschule w\u00e4hlt immer vor dem 30.09. in jedem Schuljahr eine\/n Klassensprecher\/in und eine Stellvertretung. Beide nehmen an den Treffen des Sch\u00fclerrates teil. Zus\u00e4tzlich w\u00e4hlt jede Klasse &hellip; <a href=\"https:\/\/wordpress.nibis.de\/gshes\/konzept-der-schuelervertretung\/\">Weiterlesen <span class=\"meta-nav\">&rarr;<\/span><\/a><\/p>\n","protected":false},"author":1392,"featured_media":0,"parent":0,"menu_order":0,"comment_status":"closed","ping_status":"closed","template":"","meta":{"footnotes":""},"class_list":["post-1844","page","type-page","status-publish","hentry"],"_links":{"self":[{"href":"https:\/\/wordpress.nibis.de\/gshes\/wp-json\/wp\/v2\/pages\/1844","targetHints":{"allow":["GET"]}}],"collection":[{"href":"https:\/\/wordpress.nibis.de\/gshes\/wp-json\/wp\/v2\/pages"}],"about":[{"href":"https:\/\/wordpress.nibis.de\/gshes\/wp-json\/wp\/v2\/types\/page"}],"author":[{"embeddable":true,"href":"https:\/\/wordpress.nibis.de\/gshes\/wp-json\/wp\/v2\/users\/1392"}],"replies":[{"embeddable":true,"href":"https:\/\/wordpress.nibis.de\/gshes\/wp-json\/wp\/v2\/comments?post=1844"}],"version-history":[{"count":6,"href":"https:\/\/wordpress.nibis.de\/gshes\/wp-json\/wp\/v2\/pages\/1844\/revisions"}],"predecessor-version":[{"id":4227,"href":"https:\/\/wordpress.nibis.de\/gshes\/wp-json\/wp\/v2\/pages\/1844\/revisions\/4227"}],"wp:attachment":[{"href":"https:\/\/wordpress.nibis.de\/gshes\/wp-json\/wp\/v2\/media?parent=1844"}],"curies":[{"name":"wp","href":"https:\/\/api.w.org\/{rel}","templated":true}]}}