{"id":1929,"date":"2020-03-23T17:19:29","date_gmt":"2020-03-23T16:19:29","guid":{"rendered":"https:\/\/wordpress.nibis.de\/gshes\/?page_id=1929"},"modified":"2020-07-01T12:45:14","modified_gmt":"2020-07-01T10:45:14","slug":"wir-sind-die-ellies","status":"publish","type":"page","link":"https:\/\/wordpress.nibis.de\/gshes\/wir-sind-die-ellies\/","title":{"rendered":"Wir sind die Ellies"},"content":{"rendered":"\n<p class=\"has-background has-medium-font-size has-luminous-vivid-amber-background-color\">Keine Schule, keine Treffen mit Freunden&#8230;.. Du hast Langweile?                   Dann werde <a href=\"https:\/\/naturdetektive.bfn.de\/\">Naturdetektiv.<\/a><\/p>\n\n\n\n<p class=\"has-background has-light-green-cyan-background-color\">Oder schaue bei  <a href=\"https:\/\/www.planet-schule.de\/sf\/spezial\/grundschule\/index.php\">Planet Schule.<\/a>    Hier gibt&#8217;s es zum Beispiel Filme und Lernspiele f\u00fcr alle F\u00e4cher. Zu viele Themen finden sich spannende Materialien, zum Beispiel zu Vulkanen, Insekten, R\u00f6mer&#8230;.<\/p>\n","protected":false},"excerpt":{"rendered":"<p>Keine Schule, keine Treffen mit Freunden&#8230;.. Du hast Langweile? Dann werde Naturdetektiv. Oder schaue bei Planet Schule. Hier gibt&#8217;s es zum Beispiel Filme und Lernspiele f\u00fcr alle F\u00e4cher. Zu viele Themen finden sich spannende Materialien, zum Beispiel zu Vulkanen, Insekten, &hellip; <a href=\"https:\/\/wordpress.nibis.de\/gshes\/wir-sind-die-ellies\/\">Weiterlesen <span class=\"meta-nav\">&rarr;<\/span><\/a><\/p>\n","protected":false},"author":1386,"featured_media":0,"parent":0,"menu_order":0,"comment_status":"closed","ping_status":"closed","template":"","meta":{"footnotes":""},"class_list":["post-1929","page","type-page","status-publish","hentry"],"_links":{"self":[{"href":"https:\/\/wordpress.nibis.de\/gshes\/wp-json\/wp\/v2\/pages\/1929","targetHints":{"allow":["GET"]}}],"collection":[{"href":"https:\/\/wordpress.nibis.de\/gshes\/wp-json\/wp\/v2\/pages"}],"about":[{"href":"https:\/\/wordpress.nibis.de\/gshes\/wp-json\/wp\/v2\/types\/page"}],"author":[{"embeddable":true,"href":"https:\/\/wordpress.nibis.de\/gshes\/wp-json\/wp\/v2\/users\/1386"}],"replies":[{"embeddable":true,"href":"https:\/\/wordpress.nibis.de\/gshes\/wp-json\/wp\/v2\/comments?post=1929"}],"version-history":[{"count":8,"href":"https:\/\/wordpress.nibis.de\/gshes\/wp-json\/wp\/v2\/pages\/1929\/revisions"}],"predecessor-version":[{"id":2257,"href":"https:\/\/wordpress.nibis.de\/gshes\/wp-json\/wp\/v2\/pages\/1929\/revisions\/2257"}],"wp:attachment":[{"href":"https:\/\/wordpress.nibis.de\/gshes\/wp-json\/wp\/v2\/media?parent=1929"}],"curies":[{"name":"wp","href":"https:\/\/api.w.org\/{rel}","templated":true}]}}