{"id":2011,"date":"2020-03-31T15:07:58","date_gmt":"2020-03-31T13:07:58","guid":{"rendered":"https:\/\/wordpress.nibis.de\/gshes\/?page_id=2011"},"modified":"2020-03-31T15:07:59","modified_gmt":"2020-03-31T13:07:59","slug":"sport","status":"publish","type":"page","link":"https:\/\/wordpress.nibis.de\/gshes\/sport\/","title":{"rendered":"Sport"},"content":{"rendered":"<p>Liebe Kinder,<\/p>\n<p>der Basketballbundesligist ALBA BERLIN bringt t\u00e4glich mit &#8222;ALBAs t\u00e4gliche Sportstunde&#8220; Bewegung, Spa\u00df und Bildung in diesen f\u00fcr uns alle ungewohnten Alltag.<\/p>\n<p>Schaut rein und macht mit: <a href=\"https:\/\/www.youtube.com\/playlist?list=PL9H8VPpyaFzOU7WShhUg25QyoIQrt7MSx\">Alle Folgen im \u00dcberblick bei Youtube<\/a><\/p>\n","protected":false},"excerpt":{"rendered":"<p>Liebe Kinder, der Basketballbundesligist ALBA BERLIN bringt t\u00e4glich mit &#8222;ALBAs t\u00e4gliche Sportstunde&#8220; Bewegung, Spa\u00df und Bildung in diesen f\u00fcr uns alle ungewohnten Alltag. Schaut rein und macht mit: Alle Folgen im \u00dcberblick bei Youtube<\/p>\n","protected":false},"author":1386,"featured_media":0,"parent":0,"menu_order":0,"comment_status":"closed","ping_status":"closed","template":"","meta":{"footnotes":""},"class_list":["post-2011","page","type-page","status-publish","hentry"],"_links":{"self":[{"href":"https:\/\/wordpress.nibis.de\/gshes\/wp-json\/wp\/v2\/pages\/2011","targetHints":{"allow":["GET"]}}],"collection":[{"href":"https:\/\/wordpress.nibis.de\/gshes\/wp-json\/wp\/v2\/pages"}],"about":[{"href":"https:\/\/wordpress.nibis.de\/gshes\/wp-json\/wp\/v2\/types\/page"}],"author":[{"embeddable":true,"href":"https:\/\/wordpress.nibis.de\/gshes\/wp-json\/wp\/v2\/users\/1386"}],"replies":[{"embeddable":true,"href":"https:\/\/wordpress.nibis.de\/gshes\/wp-json\/wp\/v2\/comments?post=2011"}],"version-history":[{"count":1,"href":"https:\/\/wordpress.nibis.de\/gshes\/wp-json\/wp\/v2\/pages\/2011\/revisions"}],"predecessor-version":[{"id":2012,"href":"https:\/\/wordpress.nibis.de\/gshes\/wp-json\/wp\/v2\/pages\/2011\/revisions\/2012"}],"wp:attachment":[{"href":"https:\/\/wordpress.nibis.de\/gshes\/wp-json\/wp\/v2\/media?parent=2011"}],"curies":[{"name":"wp","href":"https:\/\/api.w.org\/{rel}","templated":true}]}}