{"id":3068,"date":"2022-02-07T18:11:04","date_gmt":"2022-02-07T17:11:04","guid":{"rendered":"https:\/\/wordpress.nibis.de\/gshes\/?page_id=3068"},"modified":"2026-04-02T20:52:48","modified_gmt":"2026-04-02T18:52:48","slug":"foerderverein-2","status":"publish","type":"page","link":"https:\/\/wordpress.nibis.de\/gshes\/foerderverein-2\/","title":{"rendered":"F\u00f6rderverein"},"content":{"rendered":"\n<p>Der Vorstand des F\u00f6rdervereins hat sich neu aufgestellt:<\/p>\n\n\n\n<p>1.Vorsitzende: Farina de Groot<\/p>\n<p><span style=\"font-size: revert\">stellvertretende Vorsitzende: Traute Sch\u00f6nfeld<\/span><\/p>\n<p><span style=\"font-size: revert\">Kassenwart: Torben Bootsmann&nbsp;<\/span><\/p>\n\n\n\n<h2>\u00a0<\/h2>\n<h2>\u00a0<\/h2>\n<h2><strong>F\u00f6rderverein der Hoheellernschule<\/strong><\/h2>\n<p>In dem Jahr 1982 wurde der Verein der Eltern und Freunde der Hoheellernschule gegr\u00fcndet, seit dem erm\u00f6glichen engagierte Menschen (Lehrer, Eltern und Freunde ) den Kindern in der Hoheellernschule eine abwechslungsreiche Bildung und Erziehung.<\/p>\n<p>Projekte und Schulveranstaltungen werden von uns durch pers\u00f6nliches Mitwirken, Mitgliedsbeitr\u00e4gen und Spenden umgesetzt.<\/p>\n<p>Folgende Projekte waren es in den letzten Jahren:<\/p>\n<p>&#8211; Anschaffung der Herrenhuter Sterne, Plattformschaukel und Musikbox f\u00fcr die Turnhalle<\/p>\n<p>&#8211; die Elliflagge und Aufkleber f\u00fcr die Fenster<\/p>\n<p>&#8211; Veranstaltungen die im Zusammenspiel mit der Schule organisiert werden, wie z.B.: Trixitt, Schulfeste, Einschulungsfeier mit Elterncaf\u00e9, Sponsorenlauf, Laternenfest<\/p>\n<p>Projekte der Zukunft:<\/p>\n<p>&#8211; Wir versch\u00f6nern unseren Schulhof (Anschaffung Balancierstange, Obstb\u00fcsche, mehr Sand, Fu\u00dfb\u00e4lle, Sandspielzeug und noch vieles mehr)<\/p>\n<p>&#8211; \u00dcberraschung nach den Osterferien<\/p>\n<p>&#8211; falls Corona es zul\u00e4sst ein Mai oder Juni Fest<\/p>\n<p>&#8211; Einschulungsfeier<\/p>\n<p>&#8211; Laternenfest<\/p>\n<p>&#8211; Adventskalender<\/p>\n<p>\u00a0<\/p>\n<p>Es w\u00e4re toll, wenn noch viele Eltern, Freunde und Lehrer dem Verein beitreten.<\/p>\n<p>Nur zusammen k\u00f6nnen wir f\u00fcr unsere Kinder das erreichen was sie sich w\u00fcnschen.<\/p>\n<p>\u00a0<\/p>\n<p><strong>Wir brauchen:<\/strong><\/p>\n<p><strong>&#8211; Euch, die Zeit und Ideen haben diese Arbeit zu unterst\u00fctzen<\/strong><\/p>\n<p><strong>&#8211; Einzelspenden, Sachspenden und Mitgliedsbeitr\u00e4ge<\/strong><\/p>\n<p><strong>&#8211; Vorschl\u00e4ge, wie wir noch mehr f\u00fcr unsere Kinder umsetzen k\u00f6nnen<\/strong><\/p>\n<p><strong>\u00a0 (bitte auch per E-Mail &#102;&#x6f;e&#114;&#x64;e&#114;&#x76;e&#114;&#x65;i&#110;&#x40;h&#111;&#x68;e&#101;&#x6c;l&#101;&#x72;n&#115;&#x63;h&#117;&#x6c;e&#46;&#x6e;e&#x74;)<\/strong><\/p>\n<p><strong>\u00a0<\/strong><\/p>\n<p><strong>Wer dem Verein nicht beitreten m\u00f6chte, aber trotzdem mit einer Spende unterst\u00fctzen m\u00f6chte, kann auf folgendes Konto \u00fcberweisen:<\/strong><\/p>\n<p>\u00a0<\/p>\n<p>\u00a0\u00a0\u00a0\u00a0\u00a0 <strong>IBAN: DE 79 2855 0000 0006 7778 82<\/strong><\/p>\n<p><strong>\u00a0 \u00a0 \u00a0 BIC: BRLADE21LER<\/strong><\/p>\n<p><strong>\u00a0\u00a0\u00a0\u00a0\u00a0 Sparkasse LeerWittmund<\/strong><\/p>\n<p><strong>\u00a0<\/strong><\/p>\n<p><b>Vielen Dank!<\/b><\/p>\n<p>\u00a0<\/p>\n","protected":false},"excerpt":{"rendered":"<p>Der Vorstand des F\u00f6rdervereins hat sich neu aufgestellt: 1.Vorsitzende: Farina de Groot stellvertretende Vorsitzende: Traute Sch\u00f6nfeld Kassenwart: Torben Bootsmann&nbsp; \u00a0 \u00a0 F\u00f6rderverein der Hoheellernschule In dem Jahr 1982 wurde der Verein der Eltern und Freunde der Hoheellernschule gegr\u00fcndet, seit dem &hellip; <a href=\"https:\/\/wordpress.nibis.de\/gshes\/foerderverein-2\/\">Weiterlesen <span class=\"meta-nav\">&rarr;<\/span><\/a><\/p>\n","protected":false},"author":1386,"featured_media":0,"parent":0,"menu_order":0,"comment_status":"closed","ping_status":"closed","template":"","meta":{"footnotes":""},"class_list":["post-3068","page","type-page","status-publish","hentry"],"_links":{"self":[{"href":"https:\/\/wordpress.nibis.de\/gshes\/wp-json\/wp\/v2\/pages\/3068","targetHints":{"allow":["GET"]}}],"collection":[{"href":"https:\/\/wordpress.nibis.de\/gshes\/wp-json\/wp\/v2\/pages"}],"about":[{"href":"https:\/\/wordpress.nibis.de\/gshes\/wp-json\/wp\/v2\/types\/page"}],"author":[{"embeddable":true,"href":"https:\/\/wordpress.nibis.de\/gshes\/wp-json\/wp\/v2\/users\/1386"}],"replies":[{"embeddable":true,"href":"https:\/\/wordpress.nibis.de\/gshes\/wp-json\/wp\/v2\/comments?post=3068"}],"version-history":[{"count":12,"href":"https:\/\/wordpress.nibis.de\/gshes\/wp-json\/wp\/v2\/pages\/3068\/revisions"}],"predecessor-version":[{"id":5478,"href":"https:\/\/wordpress.nibis.de\/gshes\/wp-json\/wp\/v2\/pages\/3068\/revisions\/5478"}],"wp:attachment":[{"href":"https:\/\/wordpress.nibis.de\/gshes\/wp-json\/wp\/v2\/media?parent=3068"}],"curies":[{"name":"wp","href":"https:\/\/api.w.org\/{rel}","templated":true}]}}