{"id":3075,"date":"2022-02-07T18:18:29","date_gmt":"2022-02-07T17:18:29","guid":{"rendered":"https:\/\/wordpress.nibis.de\/gshes\/?page_id=3075"},"modified":"2022-02-07T18:18:30","modified_gmt":"2022-02-07T17:18:30","slug":"satzung-2","status":"publish","type":"page","link":"https:\/\/wordpress.nibis.de\/gshes\/satzung-2\/","title":{"rendered":"Satzung"},"content":{"rendered":"\n<p><u>Satzung<\/u><\/p>\n<p>\u00a0<\/p>\n<p><u>des Schulvereins Hoheellemschule Leer \/ Ostfriesland<\/u><\/p>\n<p>(Verein der Eltern und Freunde der Hoheellernschule)<\/p>\n<p>\u00a0<\/p>\n<ul>\n<li>1 <u>Name und Sitz<\/u><\/li>\n<\/ul>\n<p>\u00a0\u00a0\u00a0\u00a0\u00a0\u00a0\u00a0\u00a0\u00a0 Der Verein f\u00fchrt den Namen<\/p>\n<p>\u00a0\u00a0\u00a0\u00a0\u00a0\u00a0\u00a0\u00a0\u00a0 ,,Verein der Eltern und der Freunde der Hoheellernschule, Leer\/Ostfriesland e.V.&#8220;<\/p>\n<p>\u00a0\u00a0\u00a0\u00a0\u00a0\u00a0\u00a0\u00a0\u00a0 Er hat seinen Sitz in Leer<\/p>\n<p>\u00a0<\/p>\n<ul>\n<li>2 <u>Zweck<\/u><\/li>\n<\/ul>\n<ol>\n<li>a) Der Verein verfolgt ausschlie\u00dflich und unmittelbar gemeinn\u00fctzige und mildt\u00e4tige Zwecke<\/li>\n<\/ol>\n<p>\u00a0\u00a0\u00a0\u00a0\u00a0\u00a0\u00a0\u00a0\u00a0\u00a0\u00a0\u00a0\u00a0 i.S.d. Abschnitts &lt;&lt; Steuerbeg\u00fcnstigte Zwecke &gt;&gt; der Abgabenordnung.<\/p>\n<p>\u00a0\u00a0\u00a0\u00a0\u00a0\u00a0\u00a0 \u00a0\u00a0\u00a0\u00a0\u00a0\u00a0Zweck des Vereins ist die F\u00f6rderung der Bildung und Erziehung und die F\u00f6rderung<\/p>\n<p>\u00a0\u00a0\u00a0\u00a0\u00a0\u00a0\u00a0\u00a0\u00a0\u00a0\u00a0\u00a0\u00a0 mildt\u00e4tiger Zwecke.\u00a0\u00a0<\/p>\n<p>\u00a0<\/p>\n<ol>\n<li>b) Der Satzungszweck wird verwirklicht durch Beschaffung von zus\u00e4tzlichen Lehr- und<\/li>\n<\/ol>\n<p>\u00a0\u00a0\u00a0\u00a0\u00a0\u00a0\u00a0\u00a0\u00a0\u00a0\u00a0\u00a0\u00a0 Lernmitteln, durch aktive Unterst\u00fctzung des Schullebens, durch Mithilfe bei<\/p>\n<p>\u00a0\u00a0\u00a0\u00a0\u00a0\u00a0\u00a0\u00a0\u00a0\u00a0\u00a0\u00a0\u00a0 Gemeinschaftsveranstaltungen, wie z.B. Schulfesten, Ausstellungen, Theatervorf\u00fchrungen<\/p>\n<p>\u00a0\u00a0\u00a0\u00a0\u00a0\u00a0\u00a0\u00a0\u00a0\u00a0\u00a0\u00a0\u00a0 und durch Unterst\u00fctzung der schulischen Arbeit durch materielle und finanzielle Mittel.<\/p>\n<p>\u00a0\u00a0\u00a0\u00a0\u00a0\u00a0\u00a0\u00a0\u00a0\u00a0\u00a0\u00a0\u00a0 Der mildt\u00e4tige Zweck wird verwirklicht durch die Beschaffung und Weitergabe von<\/p>\n<p>\u00a0\u00a0\u00a0\u00a0\u00a0\u00a0\u00a0\u00a0\u00a0\u00a0\u00a0\u00a0\u00a0 Mitteln an pers\u00f6nlich oder wirtschaftlich hilfsbed\u00fcrftige Kinder\u00a0<\/p>\n<p>\u00a0<\/p>\n<ol>\n<li>c) Mittel des Vereins d\u00fcrfen nur f\u00fcr die satzungsm\u00e4\u00dfigen Zwecke verwendet werden. \u00a0\u00a0Die Mitglieder erhalten keine Zuwendungen aus Mitteln des Vereins.<\/li>\n<\/ol>\n<p>\u00a0<\/p>\n<ol>\n<li>d) Es darf keine Person durch Ausgaben, die dem Zweck der K\u00f6rperschaft fremd sind, oder<\/li>\n<\/ol>\n<p>\u00a0\u00a0\u00a0\u00a0\u00a0\u00a0\u00a0\u00a0\u00a0\u00a0\u00a0\u00a0\u00a0 durch unverh\u00e4ltnism\u00e4\u00dfig hohe Verg\u00fctungen beg\u00fcnstigt werden.<\/p>\n<p>\u00a0<\/p>\n<ul>\n<li>3 <u>Gesch\u00e4ftsjahr<\/u><\/li>\n<\/ul>\n<p>\u00a0\u00a0\u00a0\u00a0\u00a0\u00a0\u00a0\u00a0\u00a0\u00a0 Das Gesch\u00e4ftsjahr des Vereins ist das Schuljahr\u00a0\u00a0\u00a0\u00a0\u00a0\u00a0\u00a0\u00a0\u00a0\u00a0\u00a0\u00a0\u00a0\u00a0\u00a0\u00a0\u00a0\u00a0\u00a0\u00a0\u00a0\u00a0\u00a0\u00a0\u00a0\u00a0\u00a0\u00a0\u00a0\u00a0\u00a0\u00a0\u00a0\u00a0\u00a0\u00a0\u00a0\u00a0\u00a0\u00a0\u00a0\u00a0\u00a0\u00a0\u00a0\u00a0\u00a0\u00a0\u00a0\u00a0\u00a0\u00a0\u00a0<\/p>\n<p>\u00a0<\/p>\n<ul>\n<li>4 <u>Mitgliedschaft<\/u><\/li>\n<\/ul>\n<p>\u00a0\u00a0\u00a0\u00a0\u00a0\u00a0\u00a0\u00a0\u00a0\u00a0 Mitglieder k\u00f6nnen Eltern der Sch\u00fcler und Freunde der Schule sein. Es kann sich hierbei um<\/p>\n<p>\u00a0\u00a0\u00a0\u00a0\u00a0\u00a0\u00a0\u00a0\u00a0\u00a0 nat\u00fcrliche und juristische Personen handeln. Die Mitgliedschaft ist schriftlich beim Vorstand<\/p>\n<p>\u00a0\u00a0\u00a0\u00a0\u00a0\u00a0\u00a0\u00a0\u00a0\u00a0 zu erkl\u00e4ren.<\/p>\n<p>\u00a0<\/p>\n<p>\u00a0\u00a0\u00a0\u00a0\u00a0\u00a0\u00a0\u00a0\u00a0\u00a0 Die Mitgliedschaft endet:<\/p>\n<ol>\n<li>a) durch Austritt.<\/li>\n<\/ol>\n<p>\u00a0\u00a0\u00a0\u00a0\u00a0\u00a0\u00a0\u00a0\u00a0\u00a0\u00a0\u00a0\u00a0\u00a0 Dieser kann zum Schluss des Schuljahres schriftlich gegen\u00fcber dem Vorstand erkl\u00e4rt<\/p>\n<p>\u00a0\u00a0\u00a0\u00a0\u00a0\u00a0\u00a0\u00a0\u00a0\u00a0\u00a0\u00a0\u00a0\u00a0 werden.<\/p>\n<p>\u00a0<\/p>\n<ol>\n<li>b) durch Tod.<\/li>\n<\/ol>\n<p>\u00a0<\/p>\n<ol>\n<li>c) durch Ausschluss<\/li>\n<\/ol>\n<p>\u00a0\u00a0\u00a0\u00a0\u00a0\u00a0\u00a0\u00a0\u00a0\u00a0\u00a0\u00a0\u00a0\u00a0 Ein Mitglied kann aus wichtigem Grund, insbesondere wegen schweren Versto\u00dfes gegen<\/p>\n<p>\u00a0\u00a0\u00a0\u00a0\u00a0\u00a0\u00a0\u00a0\u00a0\u00a0\u00a0\u00a0\u00a0\u00a0 die Vereinsinteressen, durch Beschluss des Vorstandes nach vorheriger Anh\u00f6rung<\/p>\n<p>\u00a0\u00a0\u00a0\u00a0\u00a0\u00a0\u00a0\u00a0\u00a0\u00a0\u00a0\u00a0\u00a0\u00a0 ausgeschlossen werden. Der Beschluss ist durch eingeschriebenen Brief dem Mitglied<\/p>\n<p>\u00a0\u00a0\u00a0\u00a0\u00a0\u00a0\u00a0\u00a0\u00a0\u00a0\u00a0\u00a0\u00a0\u00a0 bekanntzugeben. Dem Mitglied steht innerhalb eines Monats nach Bekanntgabe die<\/p>\n<p>\u00a0\u00a0\u00a0\u00a0\u00a0\u00a0\u00a0\u00a0\u00a0\u00a0\u00a0\u00a0\u00a0\u00a0 Berufung an die Mitgliederversammlung zu. Der Vorstand hat nach Berufungseinlegung<\/p>\n<p>\u00a0\u00a0\u00a0\u00a0\u00a0\u00a0\u00a0\u00a0\u00a0\u00a0\u00a0\u00a0\u00a0\u00a0 innerhalb eines Monats die Mitgliederversammlung zur Entscheidung \u00fcber die Berufung<\/p>\n<p>\u00a0\u00a0\u00a0\u00a0\u00a0\u00a0\u00a0\u00a0\u00a0\u00a0\u00a0\u00a0\u00a0\u00a0 einzuberufen.\u00a0<\/p>\n<ul>\n<li>5 <u>Beitrag<\/u><\/li>\n<\/ul>\n<p>\u00a0\u00a0\u00a0\u00a0\u00a0\u00a0\u00a0\u00a0\u00a0\u00a0 Jedes Mitglied ist ist zur Zahlung eines Betrages verpflichtet. Die H\u00f6he des j\u00e4hrlichen<\/p>\n<p>\u00a0\u00a0\u00a0\u00a0\u00a0\u00a0\u00a0\u00a0\u00a0\u00a0 Mindestbeitrages wird durch die Mitgliederversammlung festgelegt. F\u00e4lligkeit und<\/p>\n<p>\u00a0\u00a0\u00a0\u00a0\u00a0\u00a0\u00a0\u00a0\u00a0\u00a0 Zahlungsort des Beitrages bestimmt der Vorstand.<\/p>\n<p>\u00a0<\/p>\n<ul>\n<li>6 <u>Organe<\/u><\/li>\n<\/ul>\n<p>\u00a0\u00a0\u00a0\u00a0\u00a0\u00a0\u00a0\u00a0\u00a0\u00a0 Die Organe des Vereins sind: Der Vorstand und die Mitgliederversammlung.<\/p>\n<p>\u00a0<\/p>\n<ul>\n<li>7 <u>Vorstand<\/u><\/li>\n<\/ul>\n<p>\u00a0\u00a0\u00a0\u00a0\u00a0\u00a0\u00a0\u00a0\u00a0 \u00a0Der Vorstand besteht aus<\/p>\n<ol>\n<li>a) f\u00fcnf stimmberechtigten Mitgliedern:<\/li>\n<\/ol>\n<p>\u00a0\u00a0\u00a0\u00a0\u00a0\u00a0\u00a0\u00a0\u00a0\u00a0\u00a0\u00a0\u00a0\u00a0 dem Vorsitzenden, 1. und 2. stellvertretenden Vorsitzenden, dem Schriftf\u00fchrer,<\/p>\n<p>\u00a0\u00a0\u00a0\u00a0\u00a0\u00a0\u00a0\u00a0\u00a0\u00a0\u00a0\u00a0\u00a0\u00a0 dem Kassenwart\u00a0\u00a0<\/p>\n<p>\u00a0<\/p>\n<ol>\n<li>b) aus vier (4) beratenden Mitgliedern:<\/li>\n<li>2 Beisitzern<\/li>\n<li>dem jeweiligen Vorsitzenden des Elternrates.<\/li>\n<\/ol>\n<p>\u00a0\u00a0\u00a0\u00a0\u00a0\u00a0\u00a0\u00a0\u00a0\u00a0\u00a0\u00a0\u00a0\u00a0\u00a0\u00a0\u00a0\u00a0\u00a0\u00a0\u00a0 (im Falle der Verhinderung dessen Stellvertreter, sofern er nicht Mitglied des<\/p>\n<p>\u00a0\u00a0\u00a0\u00a0\u00a0\u00a0\u00a0\u00a0\u00a0\u00a0\u00a0\u00a0\u00a0\u00a0\u00a0\u00a0\u00a0\u00a0\u00a0\u00a0\u00a0\u00a0 Vorstandes ist)<\/p>\n<ol start=\"3\">\n<li>dem jeweiligen Leiter der Schule (im Falle der Verhinderung dessen Stellvertreter).<\/li>\n<\/ol>\n<p>\u00a0<\/p>\n<p>\u00a0\u00a0\u00a0\u00a0\u00a0\u00a0\u00a0\u00a0\u00a0\u00a0 Der Vorstand wird von der ordentlichen Mitgliederversammlung auf jeweils 2 Jahre gew\u00e4hlt.<\/p>\n<p>\u00a0\u00a0\u00a0\u00a0\u00a0\u00a0\u00a0\u00a0\u00a0\u00a0 Er bleibt aber so lange im Amt, bis ein neuer Vorstand gew\u00e4hlt ist. Wiederwahl ist zul\u00e4ssig.<\/p>\n<p>\u00a0\u00a0\u00a0\u00a0\u00a0\u00a0\u00a0\u00a0\u00a0\u00a0 Scheiden w\u00e4hrend der Amtszeit Vorstandsmitglieder aus, treten die Beisitzer an deren Stelle.<\/p>\n<p>\u00a0<\/p>\n<p>\u00a0\u00a0\u00a0\u00a0\u00a0\u00a0\u00a0\u00a0\u00a0\u00a0 Die Beschl\u00fcsse des Vorstandes werden mit einfacher Stimmenmehrheit gefasst. Der Vorstand<\/p>\n<p>\u00a0\u00a0\u00a0\u00a0\u00a0\u00a0\u00a0\u00a0\u00a0\u00a0 ist beschlussf\u00e4hig, wenn mindestens 3 (drei) stimmberechtigte Mitglieder anwesend sind.<\/p>\n<p>\u00a0<\/p>\n<p>\u00a0\u00a0\u00a0\u00a0\u00a0\u00a0\u00a0\u00a0\u00a0\u00a0 Der Verein wird durch den Vorsitzenden oder einen seiner beiden Stellvertreter vertreten.<\/p>\n<p>\u00a0<\/p>\n<ul>\n<li>8 <u>Mitgliederversammlung<\/u><\/li>\n<\/ul>\n<p>\u00a0\u00a0\u00a0\u00a0\u00a0\u00a0\u00a0\u00a0\u00a0\u00a0 Allj\u00e4hrlich findet zu Beginn des Schuljahres eine ordentliche Mitgliederversammlung statt.<\/p>\n<p>\u00a0\u00a0\u00a0\u00a0\u00a0\u00a0\u00a0\u00a0\u00a0 \u00a0Sie hat zum Gegenstand:<\/p>\n<p>\u00a0<\/p>\n<ol>\n<li>Entgegennahme des Jahresberichtes und des Rechnungsabschlusses,<\/li>\n<li>Erteilung der Entlastung,<\/li>\n<li>Wahl der Vorstandsmitglieder, soweit solche erforderlich ist und zweier Rechnungspr\u00fcfer,<\/li>\n<li>Satzungs\u00e4nderungen oder Aufl\u00f6sung des Vereins,<\/li>\n<li>Aussprache und Beschlussfassung \u00fcber Antr\u00e4ge der Mitglieder,<\/li>\n<li>Verschiedenes.<\/li>\n<\/ol>\n<p>\u00a0<\/p>\n<p>\u00a0\u00a0\u00a0\u00a0\u00a0\u00a0\u00a0\u00a0\u00a0\u00a0 Die schriftliche Einladung zu allen ordentlichen und au\u00dferordentlichen<\/p>\n<p>\u00a0\u00a0\u00a0\u00a0\u00a0\u00a0\u00a0\u00a0\u00a0\u00a0 Mitgliederversammlungen hat unter Mitteilung der Tagesordnung sp\u00e4testens am 10. Tage vor<\/p>\n<p>\u00a0\u00a0\u00a0\u00a0\u00a0\u00a0\u00a0\u00a0\u00a0\u00a0 dem Tage der Versammlung zu erfolgen.<\/p>\n<p>\u00a0<\/p>\n<p>\u00a0\u00a0\u00a0\u00a0\u00a0\u00a0\u00a0\u00a0\u00a0\u00a0 Antr\u00e4ge f\u00fcr die ordentliche Mitgliederversammlung sind dem Vorstand sp\u00e4testens<\/p>\n<p>\u00a0\u00a0\u00a0\u00a0\u00a0\u00a0\u00a0\u00a0\u00a0\u00a0 am 5. Tage vor dem Versammlungstage schriftlich einzureichen.<\/p>\n<p>\u00a0<\/p>\n<p>\u00a0\u00a0\u00a0\u00a0\u00a0\u00a0\u00a0\u00a0\u00a0\u00a0 Die Mitgliederversammlungen sind stets beschlussf\u00e4hig. Alle Beschl\u00fcsse werden mit<\/p>\n<p>\u00a0\u00a0\u00a0\u00a0\u00a0\u00a0\u00a0\u00a0\u00a0\u00a0 einfacher Stimmenmehrheit gefasst.<\/p>\n<p>\u00a0<\/p>\n<p>\u00a0<\/p>\n<p>\u00a0\u00a0\u00a0\u00a0\u00a0\u00a0\u00a0\u00a0\u00a0\u00a0 Satzungs\u00e4nderungen k\u00f6nnen nur mit einer Mehrheit von 2\/3 der erschienen Mitglieder<\/p>\n<p>\u00a0\u00a0\u00a0\u00a0\u00a0\u00a0\u00a0\u00a0\u00a0\u00a0 beschlossen werden.<\/p>\n<p>\u00a0<\/p>\n<p>\u00a0\u00a0\u00a0\u00a0\u00a0\u00a0\u00a0\u00a0\u00a0\u00a0 Das Stimmrecht ist pers\u00f6nlich auszu\u00fcben.\u00a0<\/p>\n<p>\u00a0<\/p>\n<p>\u00a0\u00a0\u00a0\u00a0\u00a0\u00a0\u00a0\u00a0\u00a0\u00a0 \u00dcber die Beschl\u00fcsse ist eine vom Vorsitzenden der Versammlung zu unterzeichnende<\/p>\n<p>\u00a0\u00a0\u00a0\u00a0\u00a0\u00a0\u00a0\u00a0\u00a0\u00a0 Niederschrift aufzunehmen.<\/p>\n<p>\u00a0<\/p>\n<p>\u00a0\u00a0\u00a0\u00a0\u00a0\u00a0\u00a0\u00a0\u00a0\u00a0 Au\u00dferordentliche Mitgliederversammlungen kann der Vorsitzende jederzeit einberufen; er<\/p>\n<p>\u00a0\u00a0\u00a0\u00a0\u00a0\u00a0\u00a0\u00a0\u00a0\u00a0 muss sie einberufen, wenn der zehnte Teil der Mitglieder oder drei Vorstandsmitglieder die<\/p>\n<p>\u00a0\u00a0\u00a0\u00a0\u00a0\u00a0\u00a0\u00a0\u00a0\u00a0 Einberufung schriftlich unter Aufgabe des Zweckes und der Gr\u00fcnde verlangen.<\/p>\n<p>\u00a0<\/p>\n<ul>\n<li>9 <u>Aufl\u00f6sung<\/u><\/li>\n<\/ul>\n<p>\u00a0\u00a0\u00a0\u00a0\u00a0\u00a0\u00a0\u00a0\u00a0\u00a0 Bei Aufl\u00f6sung oder Aufhebung des Vereins oder bei Wegfall der steuerbeg\u00fcnstigten Zwecke<\/p>\n<p>\u00a0\u00a0\u00a0\u00a0\u00a0\u00a0\u00a0\u00a0\u00a0\u00a0 f\u00e4llt das Verm\u00f6gen des Vereins an den Deutschen Kinderschutzbund e.V., Ortsgruppe Leer,<\/p>\n<p>\u00a0\u00a0\u00a0\u00a0\u00a0\u00a0\u00a0\u00a0\u00a0\u00a0 Max-Planck-Stra\u00dfe 9, 26789 Leer, der es unmittelbar und ausschlie\u00dflich f\u00fcr gemeinn\u00fctzige,<\/p>\n<p>\u00a0\u00a0\u00a0\u00a0\u00a0\u00a0\u00a0\u00a0\u00a0\u00a0 mildt\u00e4tige oder kirchliche Zwecke zu verwenden hat.<\/p>\n<p>\u00a0<\/p>\n<p>\u00a0<\/p>\n<p>Die \u00c4nderung der Satzung ist in das Vereinsregister des Amtsgerichts Aurich einzutragen.<\/p>\n<p>\u00a0<\/p>\n<p>\u00a0<\/p>\n<p>Leer, den 23. November 2021<\/p>\n\n\n","protected":false},"excerpt":{"rendered":"<p>Satzung \u00a0 des Schulvereins Hoheellemschule Leer \/ Ostfriesland (Verein der Eltern und Freunde der Hoheellernschule) \u00a0 1 Name und Sitz \u00a0\u00a0\u00a0\u00a0\u00a0\u00a0\u00a0\u00a0\u00a0 Der Verein f\u00fchrt den Namen \u00a0\u00a0\u00a0\u00a0\u00a0\u00a0\u00a0\u00a0\u00a0 ,,Verein der Eltern und der Freunde der Hoheellernschule, Leer\/Ostfriesland e.V.&#8220; \u00a0\u00a0\u00a0\u00a0\u00a0\u00a0\u00a0\u00a0\u00a0 Er hat &hellip; <a href=\"https:\/\/wordpress.nibis.de\/gshes\/satzung-2\/\">Weiterlesen <span class=\"meta-nav\">&rarr;<\/span><\/a><\/p>\n","protected":false},"author":1386,"featured_media":0,"parent":0,"menu_order":0,"comment_status":"closed","ping_status":"closed","template":"","meta":{"footnotes":""},"class_list":["post-3075","page","type-page","status-publish","hentry"],"_links":{"self":[{"href":"https:\/\/wordpress.nibis.de\/gshes\/wp-json\/wp\/v2\/pages\/3075","targetHints":{"allow":["GET"]}}],"collection":[{"href":"https:\/\/wordpress.nibis.de\/gshes\/wp-json\/wp\/v2\/pages"}],"about":[{"href":"https:\/\/wordpress.nibis.de\/gshes\/wp-json\/wp\/v2\/types\/page"}],"author":[{"embeddable":true,"href":"https:\/\/wordpress.nibis.de\/gshes\/wp-json\/wp\/v2\/users\/1386"}],"replies":[{"embeddable":true,"href":"https:\/\/wordpress.nibis.de\/gshes\/wp-json\/wp\/v2\/comments?post=3075"}],"version-history":[{"count":1,"href":"https:\/\/wordpress.nibis.de\/gshes\/wp-json\/wp\/v2\/pages\/3075\/revisions"}],"predecessor-version":[{"id":3076,"href":"https:\/\/wordpress.nibis.de\/gshes\/wp-json\/wp\/v2\/pages\/3075\/revisions\/3076"}],"wp:attachment":[{"href":"https:\/\/wordpress.nibis.de\/gshes\/wp-json\/wp\/v2\/media?parent=3075"}],"curies":[{"name":"wp","href":"https:\/\/api.w.org\/{rel}","templated":true}]}}