{"id":3183,"date":"2022-03-04T22:07:30","date_gmt":"2022-03-04T21:07:30","guid":{"rendered":"https:\/\/wordpress.nibis.de\/gshes\/?page_id=3183"},"modified":"2022-06-27T20:57:11","modified_gmt":"2022-06-27T18:57:11","slug":"mathematik-olympiade","status":"publish","type":"page","link":"https:\/\/wordpress.nibis.de\/gshes\/mathematik-olympiade\/","title":{"rendered":"Mathematik-Olympiade"},"content":{"rendered":"\n<p><a href=\"https:\/\/www.mo-ni.de\/\" target=\"_blank\" rel=\"noopener\"><img loading=\"lazy\" decoding=\"async\" class=\"aligncenter size-thumbnail wp-image-3205\" src=\"https:\/\/wordpress.nibis.de\/gshes\/files\/2022\/03\/logo_202-200x141.png\" alt=\"\" width=\"200\" height=\"141\"><\/a><\/p>\n\n\n\n<p>Die Hoheellernschule nimmt j\u00e4hrlich mit Erfolg an der Mathematik-Olympiade teil.<\/p>\n\n\n\n<p>Die <strong>Mathematik-Olympiade<\/strong> ist ein Einzelwettbewerb, der getrennt nach Klassenstufen verl\u00e4uft, und j\u00e4hrlich bundesweit angeboten wird, aber in jedem Bundesland &#8211; hier in Niedersachsen &#8211; selbstst\u00e4ndig durchgef\u00fchrt wird.<br>In jeder der bis zu vier Runden sind drei bis sechs Aufgaben zu bearbeiten, die vor allem logisches Denken, Kombinationsf\u00e4higkeit und kreativen Umgang mit mathematischen Methoden erfordern.<\/p>\n<p>&nbsp;<\/p>\n<p>Die Mathematik-Olympiade in Niedersachsen ist vom nieders\u00e4chsischen Kultusministerium als gef\u00f6rderter Sch\u00fclerwettbewerb anerkannt. Sie findet im Rahmen der deutschlandweiten Mathematik-Olympiade statt.<\/p>\n<p><a href=\"https:\/\/www.mo-ni.de\/infos\/\" target=\"_blank\" rel=\"noopener\">Hier k\u00f6nnen Sie\/k\u00f6nnt ihr mehr \u00fcber die Matheolympiade erfahren.<\/a><\/p>\n","protected":false},"excerpt":{"rendered":"<p>Die Hoheellernschule nimmt j\u00e4hrlich mit Erfolg an der Mathematik-Olympiade teil. Die Mathematik-Olympiade ist ein Einzelwettbewerb, der getrennt nach Klassenstufen verl\u00e4uft, und j\u00e4hrlich bundesweit angeboten wird, aber in jedem Bundesland &#8211; hier in Niedersachsen &#8211; selbstst\u00e4ndig durchgef\u00fchrt wird.In jeder der bis &hellip; <a href=\"https:\/\/wordpress.nibis.de\/gshes\/mathematik-olympiade\/\">Weiterlesen <span class=\"meta-nav\">&rarr;<\/span><\/a><\/p>\n","protected":false},"author":1386,"featured_media":0,"parent":0,"menu_order":0,"comment_status":"closed","ping_status":"closed","template":"","meta":{"footnotes":""},"class_list":["post-3183","page","type-page","status-publish","hentry"],"_links":{"self":[{"href":"https:\/\/wordpress.nibis.de\/gshes\/wp-json\/wp\/v2\/pages\/3183","targetHints":{"allow":["GET"]}}],"collection":[{"href":"https:\/\/wordpress.nibis.de\/gshes\/wp-json\/wp\/v2\/pages"}],"about":[{"href":"https:\/\/wordpress.nibis.de\/gshes\/wp-json\/wp\/v2\/types\/page"}],"author":[{"embeddable":true,"href":"https:\/\/wordpress.nibis.de\/gshes\/wp-json\/wp\/v2\/users\/1386"}],"replies":[{"embeddable":true,"href":"https:\/\/wordpress.nibis.de\/gshes\/wp-json\/wp\/v2\/comments?post=3183"}],"version-history":[{"count":7,"href":"https:\/\/wordpress.nibis.de\/gshes\/wp-json\/wp\/v2\/pages\/3183\/revisions"}],"predecessor-version":[{"id":3554,"href":"https:\/\/wordpress.nibis.de\/gshes\/wp-json\/wp\/v2\/pages\/3183\/revisions\/3554"}],"wp:attachment":[{"href":"https:\/\/wordpress.nibis.de\/gshes\/wp-json\/wp\/v2\/media?parent=3183"}],"curies":[{"name":"wp","href":"https:\/\/api.w.org\/{rel}","templated":true}]}}