{"id":3188,"date":"2022-03-04T22:13:43","date_gmt":"2022-03-04T21:13:43","guid":{"rendered":"https:\/\/wordpress.nibis.de\/gshes\/?page_id=3188"},"modified":"2022-03-06T20:54:37","modified_gmt":"2022-03-06T19:54:37","slug":"kaenguru-der-mathematik","status":"publish","type":"page","link":"https:\/\/wordpress.nibis.de\/gshes\/kaenguru-der-mathematik\/","title":{"rendered":"K\u00e4nguru der Mathematik"},"content":{"rendered":"\n<p><a href=\"https:\/\/www.mathe-kaenguru.de\/\" target=\"_blank\" rel=\"noopener\"><img loading=\"lazy\" decoding=\"async\" class=\"aligncenter  wp-image-3210\" src=\"https:\/\/wordpress.nibis.de\/gshes\/files\/2022\/03\/tangram_start-2-153x154.png\" alt=\"\" width=\"213\" height=\"213\" \/><\/a><\/p>\n\n\n\n<p>Die Hoheellernschule beteiligt sich jedes Jahr am Wettbewerb K\u00e4nguru der Mathematik.&nbsp;<\/p>\n<p>Das ist ein mathematischer Multiple-Choice-Wettbewerb f\u00fcr \u00fcber 6 Millionen Teilnehmer in mehr als 80 L\u00e4ndern weltweit, der in allen Teilnehmerl\u00e4ndern gleichzeitig stattfindet und als freiwilliger Klausurwettbewerb an den Schulen unter Aufsicht geschrieben wird.<\/p>\n<p><a href=\"https:\/\/www.mathe-kaenguru.de\/\" target=\"_blank\" rel=\"noopener\">Hier gibt es n\u00e4here Informationen.<\/a><\/p>\n\n\n","protected":false},"excerpt":{"rendered":"<p>Die Hoheellernschule beteiligt sich jedes Jahr am Wettbewerb K\u00e4nguru der Mathematik.&nbsp; Das ist ein mathematischer Multiple-Choice-Wettbewerb f\u00fcr \u00fcber 6 Millionen Teilnehmer in mehr als 80 L\u00e4ndern weltweit, der in allen Teilnehmerl\u00e4ndern gleichzeitig stattfindet und als freiwilliger Klausurwettbewerb an den Schulen &hellip; <a href=\"https:\/\/wordpress.nibis.de\/gshes\/kaenguru-der-mathematik\/\">Weiterlesen <span class=\"meta-nav\">&rarr;<\/span><\/a><\/p>\n","protected":false},"author":1386,"featured_media":0,"parent":0,"menu_order":0,"comment_status":"closed","ping_status":"closed","template":"","meta":{"footnotes":""},"class_list":["post-3188","page","type-page","status-publish","hentry"],"_links":{"self":[{"href":"https:\/\/wordpress.nibis.de\/gshes\/wp-json\/wp\/v2\/pages\/3188","targetHints":{"allow":["GET"]}}],"collection":[{"href":"https:\/\/wordpress.nibis.de\/gshes\/wp-json\/wp\/v2\/pages"}],"about":[{"href":"https:\/\/wordpress.nibis.de\/gshes\/wp-json\/wp\/v2\/types\/page"}],"author":[{"embeddable":true,"href":"https:\/\/wordpress.nibis.de\/gshes\/wp-json\/wp\/v2\/users\/1386"}],"replies":[{"embeddable":true,"href":"https:\/\/wordpress.nibis.de\/gshes\/wp-json\/wp\/v2\/comments?post=3188"}],"version-history":[{"count":5,"href":"https:\/\/wordpress.nibis.de\/gshes\/wp-json\/wp\/v2\/pages\/3188\/revisions"}],"predecessor-version":[{"id":3212,"href":"https:\/\/wordpress.nibis.de\/gshes\/wp-json\/wp\/v2\/pages\/3188\/revisions\/3212"}],"wp:attachment":[{"href":"https:\/\/wordpress.nibis.de\/gshes\/wp-json\/wp\/v2\/media?parent=3188"}],"curies":[{"name":"wp","href":"https:\/\/api.w.org\/{rel}","templated":true}]}}