{"id":3194,"date":"2022-03-06T20:20:13","date_gmt":"2022-03-06T19:20:13","guid":{"rendered":"https:\/\/wordpress.nibis.de\/gshes\/?page_id=3194"},"modified":"2023-03-02T14:50:27","modified_gmt":"2023-03-02T13:50:27","slug":"hort","status":"publish","type":"page","link":"https:\/\/wordpress.nibis.de\/gshes\/hort\/","title":{"rendered":"Hort"},"content":{"rendered":"\n<p><img loading=\"lazy\" decoding=\"async\" class=\"aligncenter size-thumbnail wp-image-3195\" src=\"https:\/\/wordpress.nibis.de\/gshes\/files\/2022\/03\/Bild-Paul-Gerhardt-Haus-250x141.jpg\" alt=\"\" width=\"250\" height=\"141\" srcset=\"https:\/\/wordpress.nibis.de\/gshes\/files\/2022\/03\/Bild-Paul-Gerhardt-Haus-250x141.jpg 250w, https:\/\/wordpress.nibis.de\/gshes\/files\/2022\/03\/Bild-Paul-Gerhardt-Haus-850x478.jpg 850w, https:\/\/wordpress.nibis.de\/gshes\/files\/2022\/03\/Bild-Paul-Gerhardt-Haus-1200x675.jpg 1200w\" sizes=\"auto, (max-width: 250px) 100vw, 250px\" \/><\/p>\n\n\n\n<p>In unserer Kindertagesst\u00e4tte werden 66 Kinder im Alter von 3 Jahren bis zum Ende der 4. Klasse, in drei altersgemischten und einer <strong>Hortgruppe<\/strong>, betreut.<\/p>\n\n\n\n<p>Die Hortgruppe hat ge\u00f6ffnet von&nbsp;07.00 Uhr &#8211; 08.00 Uhr, 13:00 bis 17:00 Uhr<br>mit einer anschlie\u00dfenden Sonder\u00f6ffnungszeit von 17.00 bis 17.30 Uhr<br>In den Schulferien gibt es eine ganzt\u00e4gige Betreuung an vielen Tagen.<\/p>\n\n\n\n<p><br>Die Hortgruppe findet in <strong>Kooperation mit der Hoheellernschule<\/strong> statt.<br>Unser Team besteht aus 5 Erzieherinnen, eine Kinderpflegerin, eine Sprachf\u00f6rderkraft und eine Sozialassistentin. Zus\u00e4tzlich haben wir eine Raumpflegerin und eine K\u00fcchenkraft.<\/p>\n\n\n\n<p>\u00a0<\/p>\n<p><strong><a href=\"https:\/\/wordpress.nibis.de\/gshes\/files\/2023\/03\/Hort-2023.pdf\"><img decoding=\"async\" src=\"https:\/\/wordpress.nibis.de\/gshes\/files\/2023\/03\/Hort-2023.pdf\" alt=\"\" \/><\/a>Erreichtbarkeit:<\/strong><\/p>\n<p>Tel.: 0491-14129<br \/>E-Mail: <b><a href=\"&#x6d;&#x61;&#105;&#108;t&#x6f;&#x3a;&#x6b;&#105;ta&#x2e;&#x70;&#97;&#117;l&#x2d;&#x67;&#x65;&#114;ha&#x72;&#x64;&#116;&#45;h&#x61;&#x75;&#x73;&#64;ev&#x6c;&#x6b;&#97;&#46;d&#x65;\">&#107;&#x69;&#116;&#x61;&#46;&#x70;a&#117;&#x6c;&#45;&#x67;&#101;&#x72;h&#x61;r&#100;&#x74;&#45;&#x68;a&#x75;s&#x40;&#x65;&#118;&#x6c;&#107;&#x61;&#46;&#x64;e<\/a><\/b><\/p>\n","protected":false},"excerpt":{"rendered":"<p>In unserer Kindertagesst\u00e4tte werden 66 Kinder im Alter von 3 Jahren bis zum Ende der 4. Klasse, in drei altersgemischten und einer Hortgruppe, betreut. Die Hortgruppe hat ge\u00f6ffnet von&nbsp;07.00 Uhr &#8211; 08.00 Uhr, 13:00 bis 17:00 Uhrmit einer anschlie\u00dfenden Sonder\u00f6ffnungszeit &hellip; <a href=\"https:\/\/wordpress.nibis.de\/gshes\/hort\/\">Weiterlesen <span class=\"meta-nav\">&rarr;<\/span><\/a><\/p>\n","protected":false},"author":1386,"featured_media":0,"parent":0,"menu_order":0,"comment_status":"closed","ping_status":"closed","template":"","meta":{"footnotes":""},"class_list":["post-3194","page","type-page","status-publish","hentry"],"_links":{"self":[{"href":"https:\/\/wordpress.nibis.de\/gshes\/wp-json\/wp\/v2\/pages\/3194","targetHints":{"allow":["GET"]}}],"collection":[{"href":"https:\/\/wordpress.nibis.de\/gshes\/wp-json\/wp\/v2\/pages"}],"about":[{"href":"https:\/\/wordpress.nibis.de\/gshes\/wp-json\/wp\/v2\/types\/page"}],"author":[{"embeddable":true,"href":"https:\/\/wordpress.nibis.de\/gshes\/wp-json\/wp\/v2\/users\/1386"}],"replies":[{"embeddable":true,"href":"https:\/\/wordpress.nibis.de\/gshes\/wp-json\/wp\/v2\/comments?post=3194"}],"version-history":[{"count":5,"href":"https:\/\/wordpress.nibis.de\/gshes\/wp-json\/wp\/v2\/pages\/3194\/revisions"}],"predecessor-version":[{"id":3967,"href":"https:\/\/wordpress.nibis.de\/gshes\/wp-json\/wp\/v2\/pages\/3194\/revisions\/3967"}],"wp:attachment":[{"href":"https:\/\/wordpress.nibis.de\/gshes\/wp-json\/wp\/v2\/media?parent=3194"}],"curies":[{"name":"wp","href":"https:\/\/api.w.org\/{rel}","templated":true}]}}