{"id":3233,"date":"2022-03-07T20:16:57","date_gmt":"2022-03-07T19:16:57","guid":{"rendered":"https:\/\/wordpress.nibis.de\/gshes\/?page_id=3233"},"modified":"2025-02-26T08:58:52","modified_gmt":"2025-02-26T07:58:52","slug":"bundesfreiwilligendienst-bufdis","status":"publish","type":"page","link":"https:\/\/wordpress.nibis.de\/gshes\/bundesfreiwilligendienst-bufdis\/","title":{"rendered":"Bundesfreiwilligendienst (Bufdis)"},"content":{"rendered":"\n<p>Die Hoheellernschule konnte auch f\u00fcr das Schuljahr 2024\/2025 drei Bundesfreiwilligendienstler einstellen. Wir freuen uns, dass sie uns bei den abwechslungsreichen schulischen Aktivit\u00e4ten unterst\u00fctzen.<\/p>\n<p>Ihre Aufgaben liegen in der Mitarbeit in der Fr\u00fch-, Pausen- und Mittagsbetreuung. Weiterhin bieten sie Unterst\u00fctzung bei den Projekten und Arbeitsgemeinschaften.\u00a0<\/p>\n<p>Wir hoffen ihr habt eine gute und erfahrungsreiche Zeit an unserer Schule.<\/p>\n<p><img decoding=\"async\" src=\"https:\/\/wordpress.nibis.de\/gshes\/files\/2025\/02\/Foto-Bufdis.pdf\" alt=\"\" \/><\/p>\n<p><img loading=\"lazy\" decoding=\"async\" class=\"alignnone  wp-image-4155\" src=\"https:\/\/wordpress.nibis.de\/gshes\/files\/2023\/11\/IMG_6351-Tomma-rotated.jpg\" alt=\"\" width=\"572\" height=\"762\" \/><\/p>\n<p>\u00a0<\/p>\n<p>\u00a0<\/p>\n<p>\u00a0<\/p>\n<p>\u00a0<\/p>\n","protected":false},"excerpt":{"rendered":"<p>Die Hoheellernschule konnte auch f\u00fcr das Schuljahr 2024\/2025 drei Bundesfreiwilligendienstler einstellen. Wir freuen uns, dass sie uns bei den abwechslungsreichen schulischen Aktivit\u00e4ten unterst\u00fctzen. Ihre Aufgaben liegen in der Mitarbeit in der Fr\u00fch-, Pausen- und Mittagsbetreuung. Weiterhin bieten sie Unterst\u00fctzung bei &hellip; <a href=\"https:\/\/wordpress.nibis.de\/gshes\/bundesfreiwilligendienst-bufdis\/\">Weiterlesen <span class=\"meta-nav\">&rarr;<\/span><\/a><\/p>\n","protected":false},"author":1386,"featured_media":0,"parent":0,"menu_order":0,"comment_status":"closed","ping_status":"closed","template":"","meta":{"footnotes":""},"class_list":["post-3233","page","type-page","status-publish","hentry"],"_links":{"self":[{"href":"https:\/\/wordpress.nibis.de\/gshes\/wp-json\/wp\/v2\/pages\/3233","targetHints":{"allow":["GET"]}}],"collection":[{"href":"https:\/\/wordpress.nibis.de\/gshes\/wp-json\/wp\/v2\/pages"}],"about":[{"href":"https:\/\/wordpress.nibis.de\/gshes\/wp-json\/wp\/v2\/types\/page"}],"author":[{"embeddable":true,"href":"https:\/\/wordpress.nibis.de\/gshes\/wp-json\/wp\/v2\/users\/1386"}],"replies":[{"embeddable":true,"href":"https:\/\/wordpress.nibis.de\/gshes\/wp-json\/wp\/v2\/comments?post=3233"}],"version-history":[{"count":10,"href":"https:\/\/wordpress.nibis.de\/gshes\/wp-json\/wp\/v2\/pages\/3233\/revisions"}],"predecessor-version":[{"id":4781,"href":"https:\/\/wordpress.nibis.de\/gshes\/wp-json\/wp\/v2\/pages\/3233\/revisions\/4781"}],"wp:attachment":[{"href":"https:\/\/wordpress.nibis.de\/gshes\/wp-json\/wp\/v2\/media?parent=3233"}],"curies":[{"name":"wp","href":"https:\/\/api.w.org\/{rel}","templated":true}]}}