{"id":3317,"date":"2022-03-17T21:19:46","date_gmt":"2022-03-17T20:19:46","guid":{"rendered":"https:\/\/wordpress.nibis.de\/gshes\/?page_id=3317"},"modified":"2022-03-17T21:21:52","modified_gmt":"2022-03-17T20:21:52","slug":"gemuese-ackerdemie","status":"publish","type":"page","link":"https:\/\/wordpress.nibis.de\/gshes\/gemuese-ackerdemie\/","title":{"rendered":"Gem\u00fcse Ackerdemie"},"content":{"rendered":"\n<h1>Wir sind dabei!<img loading=\"lazy\" decoding=\"async\" class=\"aligncenter size-full wp-image-3121\" src=\"https:\/\/wordpress.nibis.de\/gshes\/files\/2022\/02\/karotte.png\" alt=\"\" width=\"167\" height=\"71\" \/><\/h1>\n<p>Vier Jahre d\u00fcrfen wir am Bildungsprogramm \u201eGem\u00fcseAckerdemie\u201c von Acker e.V. teilnehmen.<\/p>\n<p>Die Kinder bauen mit uns im Schulgarten selbst Gem\u00fcse an und werden dabei zu ExpertInnen f\u00fcr Ern\u00e4hrung und Nachhaltigkeit.<\/p>\n<p>\u201eF\u00fcr eine Generation, die wei\u00df, was sie isst!\u201c<img loading=\"lazy\" decoding=\"async\" class=\"size-thumbnail wp-image-3122 alignright\" src=\"https:\/\/wordpress.nibis.de\/gshes\/files\/2022\/02\/spaten-250x141.png\" alt=\"\" width=\"250\" height=\"141\" srcset=\"https:\/\/wordpress.nibis.de\/gshes\/files\/2022\/02\/spaten-250x141.png 250w, https:\/\/wordpress.nibis.de\/gshes\/files\/2022\/02\/spaten-850x478.png 850w\" sizes=\"auto, (max-width: 250px) 100vw, 250px\" \/><\/p>\n<p><a href=\"https:\/\/www.acker.co\/gemueseackerdemie\" target=\"_blank\" rel=\"noopener\">gem\u00fcseackerdemie.de<\/a><\/p>\n","protected":false},"excerpt":{"rendered":"<p>Wir sind dabei! Vier Jahre d\u00fcrfen wir am Bildungsprogramm \u201eGem\u00fcseAckerdemie\u201c von Acker e.V. teilnehmen. Die Kinder bauen mit uns im Schulgarten selbst Gem\u00fcse an und werden dabei zu ExpertInnen f\u00fcr Ern\u00e4hrung und Nachhaltigkeit. \u201eF\u00fcr eine Generation, die wei\u00df, was sie &hellip; <a href=\"https:\/\/wordpress.nibis.de\/gshes\/gemuese-ackerdemie\/\">Weiterlesen <span class=\"meta-nav\">&rarr;<\/span><\/a><\/p>\n","protected":false},"author":1386,"featured_media":0,"parent":0,"menu_order":0,"comment_status":"closed","ping_status":"closed","template":"","meta":{"footnotes":""},"class_list":["post-3317","page","type-page","status-publish","hentry"],"_links":{"self":[{"href":"https:\/\/wordpress.nibis.de\/gshes\/wp-json\/wp\/v2\/pages\/3317","targetHints":{"allow":["GET"]}}],"collection":[{"href":"https:\/\/wordpress.nibis.de\/gshes\/wp-json\/wp\/v2\/pages"}],"about":[{"href":"https:\/\/wordpress.nibis.de\/gshes\/wp-json\/wp\/v2\/types\/page"}],"author":[{"embeddable":true,"href":"https:\/\/wordpress.nibis.de\/gshes\/wp-json\/wp\/v2\/users\/1386"}],"replies":[{"embeddable":true,"href":"https:\/\/wordpress.nibis.de\/gshes\/wp-json\/wp\/v2\/comments?post=3317"}],"version-history":[{"count":2,"href":"https:\/\/wordpress.nibis.de\/gshes\/wp-json\/wp\/v2\/pages\/3317\/revisions"}],"predecessor-version":[{"id":3320,"href":"https:\/\/wordpress.nibis.de\/gshes\/wp-json\/wp\/v2\/pages\/3317\/revisions\/3320"}],"wp:attachment":[{"href":"https:\/\/wordpress.nibis.de\/gshes\/wp-json\/wp\/v2\/media?parent=3317"}],"curies":[{"name":"wp","href":"https:\/\/api.w.org\/{rel}","templated":true}]}}