{"id":3395,"date":"2022-05-12T20:59:56","date_gmt":"2022-05-12T18:59:56","guid":{"rendered":"https:\/\/wordpress.nibis.de\/gshes\/?page_id=3395"},"modified":"2022-12-20T14:25:32","modified_gmt":"2022-12-20T13:25:32","slug":"unsere-ags","status":"publish","type":"page","link":"https:\/\/wordpress.nibis.de\/gshes\/unsere-ags\/","title":{"rendered":"Impressionen der AG\u00b4s"},"content":{"rendered":"\n<p>Die AG &#8222;Wir reisen durch Europa&#8220;<\/p>\n<p style=\"font-weight: 400\">Teil 1: Deutschland\/Ostfriesland<\/p>\n<p style=\"font-weight: 400\">Unsere Reise begann in Ostfriesland. Nachdem wir etwas \u00fcber \u201eLand un L\u00fc\u201c gelernt<\/p>\n<p style=\"font-weight: 400\">hatten, wurde eine Ostfriesische Teezeit durchgef\u00fchrt. Jeder Sch\u00fclerInn bekam eine Teetasse und in einer dickbauchigen Teekanne wurde der Tee zubereitet. Zum Tee gab es f\u00fcr jeden ein St\u00fcck Rosinenbrot mit Butter. War das lecker!<\/p>\n<p><img loading=\"lazy\" decoding=\"async\" class=\"\" src=\"https:\/\/wordpress.nibis.de\/gshes\/files\/2022\/10\/image-1.jpeg\" alt=\"\" width=\"313\" height=\"417\" \/>\u00a0\u00a0<img loading=\"lazy\" decoding=\"async\" class=\"\" src=\"https:\/\/wordpress.nibis.de\/gshes\/files\/2022\/10\/image.jpeg\" alt=\"\" width=\"311\" height=\"414\" \/><\/p>\n<p style=\"font-weight: 400\">Teil 2: Schweden<\/p>\n<p style=\"font-weight: 400\">Nachdem wir noch einen kurzen Abstecher nach S\u00fcddeutschland gemacht hatten,<\/p>\n<p style=\"font-weight: 400\">reisten wir nun in den hohen Norden nach Schweden. Wir sahen uns die Produktion<\/p>\n<p style=\"font-weight: 400\">des Dalarna Pferdes an und erfuhren etwas \u00fcber das Leben der Elche in der freien Natur.<\/p>\n<p style=\"font-weight: 400\">Wir h\u00f6rten Musik von ABBA und lasen eine Geschichte von Astrid Lindgren.<\/p>\n<p style=\"font-weight: 400\">Zum Abschluss gab es f\u00fcr jeden eine schwedische Zimtschnecke (Kanelbullar).<\/p>\n<p><img loading=\"lazy\" decoding=\"async\" class=\"\" src=\"https:\/\/wordpress.nibis.de\/gshes\/files\/2022\/12\/Schweden-2.jpeg.png\" alt=\"\" width=\"160\" height=\"213\" \/>\u00a0 \u00a0<img decoding=\"async\" src=\"https:\/\/wordpress.nibis.de\/gshes\/files\/2022\/12\/image.png\" alt=\"\" \/>\u00a0\u00a0<img decoding=\"async\" src=\"https:\/\/wordpress.nibis.de\/gshes\/files\/2022\/12\/image-1.png\" alt=\"\" \/><\/p>\n<p>\u00a0<\/p>\n<p>\u00a0<\/p>\n<p>Die Garten-AG war in unserem Schulgarten flei\u00dfig.\u00a0 Viele verschiedene Gem\u00fcsesorten wachsen und gedeihen.<\/p>\n<p>\u00a0 \u00a0 \u00a0 \u00a0 \u00a0 \u00a0 \u00a0 \u00a0 \u00a0 \u00a0 Mais mit Gurke\u00a0 \u00a0 \u00a0 \u00a0 \u00a0 \u00a0 \u00a0 \u00a0 \u00a0 \u00a0 \u00a0 \u00a0 \u00a0 \u00a0 \u00a0 \u00a0 \u00a0 \u00a0 \u00a0 \u00a0 \u00a0 \u00a0 \u00a0 \u00a0 \u00a0<\/p>\n\n\n\n<p><img loading=\"lazy\" decoding=\"async\" class=\"alignnone  wp-image-3511\" src=\"https:\/\/wordpress.nibis.de\/gshes\/files\/2022\/06\/signal-2022-06-16-19-41-14-767.jpg\" alt=\"\" width=\"348\" height=\"464\">&nbsp; &nbsp; <img loading=\"lazy\" decoding=\"async\" class=\"alignnone  wp-image-3512\" src=\"https:\/\/wordpress.nibis.de\/gshes\/files\/2022\/06\/signal-2022-06-16-19-41-35-941.jpg\" alt=\"\" width=\"348\" height=\"464\"><\/p>\n<p>&nbsp; &nbsp; &nbsp; &nbsp; &nbsp;Fr\u00fchlingszwiebeln, Zwiebeln, Zuckererbsen<\/p>\n<p>&nbsp; &nbsp; &nbsp; &nbsp; &nbsp; &nbsp; &nbsp; &nbsp; &nbsp; &nbsp; &nbsp; &nbsp; &nbsp; &nbsp; &nbsp; &nbsp; &nbsp; &nbsp; &nbsp;Mangold &nbsp; &nbsp; &nbsp; &nbsp; &nbsp; &nbsp; &nbsp; &nbsp; &nbsp; &nbsp; &nbsp; &nbsp; &nbsp; &nbsp; &nbsp; &nbsp; &nbsp; &nbsp; &nbsp; &nbsp; &nbsp; &nbsp; &nbsp; &nbsp; &nbsp; &nbsp; &nbsp; &nbsp; &nbsp; &nbsp; &nbsp; &nbsp; &nbsp; &nbsp; &nbsp; &nbsp; &nbsp; &nbsp;&nbsp;<\/p>\n<p><img loading=\"lazy\" decoding=\"async\" class=\"alignnone  wp-image-3513\" src=\"https:\/\/wordpress.nibis.de\/gshes\/files\/2022\/06\/signal-2022-06-16-19-41-46-380.jpg\" alt=\"\" width=\"349\" height=\"465\"><\/p>\n<p><img loading=\"lazy\" decoding=\"async\" class=\"alignnone  wp-image-3514\" src=\"https:\/\/wordpress.nibis.de\/gshes\/files\/2022\/06\/signal-2022-06-16-19-42-00-030.jpg\" alt=\"\" width=\"349\" height=\"465\"><\/p>\n<p>&nbsp; &nbsp; &nbsp; &nbsp; &nbsp; &nbsp; &nbsp; &nbsp; &nbsp; &nbsp; &nbsp; &nbsp; &nbsp; &nbsp; Rote Beete<\/p>\n<p>&nbsp; &nbsp; &nbsp; &nbsp; &nbsp; &nbsp; &nbsp; &nbsp; &nbsp; &nbsp; &nbsp; &nbsp; &nbsp; &nbsp; &nbsp; Kohlrabi &nbsp; &nbsp; &nbsp; &nbsp; &nbsp; &nbsp; &nbsp; &nbsp; &nbsp; &nbsp; &nbsp; &nbsp; &nbsp; &nbsp; &nbsp; &nbsp; &nbsp; &nbsp; &nbsp; &nbsp; &nbsp; &nbsp; &nbsp; &nbsp; &nbsp; &nbsp; &nbsp; &nbsp; &nbsp; &nbsp; &nbsp; &nbsp; &nbsp; &nbsp; &nbsp; &nbsp; &nbsp; &nbsp; &nbsp; &nbsp; &nbsp;<\/p>\n\n\n\n<p><img loading=\"lazy\" decoding=\"async\" class=\"alignnone  wp-image-3515\" src=\"https:\/\/wordpress.nibis.de\/gshes\/files\/2022\/06\/signal-2022-06-16-19-42-09-476.jpg\" alt=\"\" width=\"338\" height=\"451\" \/>\u00a0 \u00a0\u00a0<\/p>\n<p><img loading=\"lazy\" decoding=\"async\" class=\"alignnone  wp-image-3516\" src=\"https:\/\/wordpress.nibis.de\/gshes\/files\/2022\/06\/signal-2022-06-16-19-42-18-746.jpg\" alt=\"\" width=\"337\" height=\"449\" \/><\/p>\n<p>\u00a0 \u00a0 \u00a0 \u00a0 \u00a0 \u00a0 \u00a0 \u00a0 \u00a0 \u00a0 \u00a0 \u00a0 \u00a0 \u00a0 Kartoffen<\/p>\n<p>\u00a0 \u00a0 \u00a0 \u00a0 \u00a0 \u00a0 \u00a0 \u00a0 \u00a0 \u00a0 \u00a0 \u00a0 \u00a0 \u00a0 \u00a0 K\u00fcrbis \u00a0 \u00a0 \u00a0 \u00a0 \u00a0 \u00a0 \u00a0 \u00a0 \u00a0 \u00a0 \u00a0 \u00a0 \u00a0 \u00a0 \u00a0 \u00a0 \u00a0 \u00a0 \u00a0 \u00a0 \u00a0 \u00a0 \u00a0 \u00a0 \u00a0 \u00a0 \u00a0 \u00a0 \u00a0 \u00a0 \u00a0 \u00a0 \u00a0 \u00a0 \u00a0 \u00a0 \u00a0 \u00a0 \u00a0 \u00a0 \u00a0<\/p>\n<p><img loading=\"lazy\" decoding=\"async\" class=\"alignnone  wp-image-3517\" src=\"https:\/\/wordpress.nibis.de\/gshes\/files\/2022\/06\/signal-2022-06-16-19-42-28-105.jpg\" alt=\"\" width=\"348\" height=\"464\" \/>\u00a0 \u00a0 <img loading=\"lazy\" decoding=\"async\" class=\"alignnone  wp-image-3518\" src=\"https:\/\/wordpress.nibis.de\/gshes\/files\/2022\/06\/signal-2022-06-16-19-42-36-664.jpg\" alt=\"\" width=\"348\" height=\"464\" \/><\/p>\n<p>\u00a0 \u00a0 \u00a0 \u00a0 \u00a0 \u00a0 \u00a0 \u00a0 \u00a0 \u00a0 \u00a0 \u00a0 \u00a0 \u00a0 \u00a0 \u00a0 \u00a0 Tomaten<\/p>\n","protected":false},"excerpt":{"rendered":"<p>Die AG &#8222;Wir reisen durch Europa&#8220; Teil 1: Deutschland\/Ostfriesland Unsere Reise begann in Ostfriesland. Nachdem wir etwas \u00fcber \u201eLand un L\u00fc\u201c gelernt hatten, wurde eine Ostfriesische Teezeit durchgef\u00fchrt. Jeder Sch\u00fclerInn bekam eine Teetasse und in einer dickbauchigen Teekanne wurde der &hellip; <a href=\"https:\/\/wordpress.nibis.de\/gshes\/unsere-ags\/\">Weiterlesen <span class=\"meta-nav\">&rarr;<\/span><\/a><\/p>\n","protected":false},"author":1386,"featured_media":0,"parent":0,"menu_order":0,"comment_status":"closed","ping_status":"closed","template":"","meta":{"footnotes":""},"class_list":["post-3395","page","type-page","status-publish","hentry"],"_links":{"self":[{"href":"https:\/\/wordpress.nibis.de\/gshes\/wp-json\/wp\/v2\/pages\/3395","targetHints":{"allow":["GET"]}}],"collection":[{"href":"https:\/\/wordpress.nibis.de\/gshes\/wp-json\/wp\/v2\/pages"}],"about":[{"href":"https:\/\/wordpress.nibis.de\/gshes\/wp-json\/wp\/v2\/types\/page"}],"author":[{"embeddable":true,"href":"https:\/\/wordpress.nibis.de\/gshes\/wp-json\/wp\/v2\/users\/1386"}],"replies":[{"embeddable":true,"href":"https:\/\/wordpress.nibis.de\/gshes\/wp-json\/wp\/v2\/comments?post=3395"}],"version-history":[{"count":23,"href":"https:\/\/wordpress.nibis.de\/gshes\/wp-json\/wp\/v2\/pages\/3395\/revisions"}],"predecessor-version":[{"id":3920,"href":"https:\/\/wordpress.nibis.de\/gshes\/wp-json\/wp\/v2\/pages\/3395\/revisions\/3920"}],"wp:attachment":[{"href":"https:\/\/wordpress.nibis.de\/gshes\/wp-json\/wp\/v2\/media?parent=3395"}],"curies":[{"name":"wp","href":"https:\/\/api.w.org\/{rel}","templated":true}]}}