{"id":34,"date":"2017-03-15T10:47:09","date_gmt":"2017-03-15T09:47:09","guid":{"rendered":"http:\/\/wordpress.nibis.de\/gshes\/?page_id=34"},"modified":"2025-02-26T08:57:05","modified_gmt":"2025-02-26T07:57:05","slug":"die-schulmensa","status":"publish","type":"page","link":"https:\/\/wordpress.nibis.de\/gshes\/die-schulmensa\/","title":{"rendered":"Die Mensa"},"content":{"rendered":"\n<p>Das warme Essen f\u00fcr die Mensa muss von Ihnen online bestellt werden. Sie erhalten in der Mensa direkt eine Chipkarte, die von Ihnen mit Guthaben best\u00fcckt werden muss. Eine Anleitung f\u00fcr die Erstnutzung steht Ihnen <a href=\"https:\/\/wordpress.nibis.de\/gshes\/files\/2024\/08\/Mensa-Juni-2024.pdf\">hier<\/a> zum Download zur Verf\u00fcgung.&nbsp;Eine Mahlzeit kostet 3,50 Euro.<\/p>\n\n\n\n<p>Die Verantwortung f\u00fcr den Mensabetrieb tr\u00e4gt die Stadt Leer.<\/p>\n\n\n\n<p>Um einen reibungslosen Ablauf in der sehr gut angenommenen Mensa gew\u00e4hrleisten zu k\u00f6nnen, ist die Einhaltung von Regeln unabdingbar.<\/p>\n\n\n\n<p>Falls krankheitsbedingt nicht am Mittagessen teilgenommen werden kann, muss das Mittagessen am gleichen Tag bis 8.45 Uhr online storniert werden.<\/p>\n\n\n\n<p>Die Essenskarte (Chipkarte) wird kostenlos als Leihkarte zur Verf\u00fcgung gestellt. Wird die Teilnahme am Mittagessen beendet, muss sie zur\u00fcckgegeben werden. Noch vorhandenes Guthaben auf der Karte wird ausgezahlt. (<a rel=\"noreferrer noopener\" href=\"https:\/\/wordpress.nibis.de\/gshes\/files\/2024\/06\/Scan_2024_06_11_10_55_11_379.pdf\" target=\"_blank\">Download &#8211; Erstattung von Mensa-Kartenguthaben<\/a>)<\/p>\n\n\n\n<p>Sollte die Chipkarte zerbrechen oder verloren gehen, bitte umgehend in der Mensa bei Frau Buss (Tel. 0491 98792939 oder per Mail an: <a href=\"&#109;&#x61;&#105;&#x6c;&#116;&#x6f;&#58;&#x67;i&#x74;t&#x61;&#46;&#x62;u&#115;&#x73;&#64;&#x68;&#111;&#x68;&#101;&#x65;&#108;&#x6c;e&#x72;n&#x73;c&#x68;u&#108;&#x65;&#46;&#x6e;&#101;&#x74;\">&#103;&#x69;&#116;&#x74;&#97;&#x2e;&#98;&#x75;s&#x73;&#64;&#x68;o&#x68;e&#101;&#x6c;&#108;&#x65;&#114;&#x6e;&#115;&#x63;&#104;&#x75;l&#x65;&#46;&#x6e;e&#x74;<\/a>) in der Mensa melden.<\/p>\n\n\n\n<p>Bei Verlust oder Besch\u00e4digung ist je Karte ein Betrag von 3,27\u20ac zu zahlen.<\/p>\n\n\n\n<p>Sprechen Sie mich gerne an.<\/p>\n\n\n\n<p><img decoding=\"async\" src=\"https:\/\/wordpress.nibis.de\/gshes\/files\/2025\/02\/Foto-Gitta.pdf\" alt=\"\" \/><\/p>\n<p>Gitta Buss<\/p>\n","protected":false},"excerpt":{"rendered":"<p>Das warme Essen f\u00fcr die Mensa muss von Ihnen online bestellt werden. Sie erhalten in der Mensa direkt eine Chipkarte, die von Ihnen mit Guthaben best\u00fcckt werden muss. Eine Anleitung f\u00fcr die Erstnutzung steht Ihnen hier zum Download zur Verf\u00fcgung.&nbsp;Eine &hellip; <a href=\"https:\/\/wordpress.nibis.de\/gshes\/die-schulmensa\/\">Weiterlesen <span class=\"meta-nav\">&rarr;<\/span><\/a><\/p>\n","protected":false},"author":1392,"featured_media":0,"parent":0,"menu_order":0,"comment_status":"closed","ping_status":"closed","template":"","meta":{"footnotes":""},"class_list":["post-34","page","type-page","status-publish","hentry"],"_links":{"self":[{"href":"https:\/\/wordpress.nibis.de\/gshes\/wp-json\/wp\/v2\/pages\/34","targetHints":{"allow":["GET"]}}],"collection":[{"href":"https:\/\/wordpress.nibis.de\/gshes\/wp-json\/wp\/v2\/pages"}],"about":[{"href":"https:\/\/wordpress.nibis.de\/gshes\/wp-json\/wp\/v2\/types\/page"}],"author":[{"embeddable":true,"href":"https:\/\/wordpress.nibis.de\/gshes\/wp-json\/wp\/v2\/users\/1392"}],"replies":[{"embeddable":true,"href":"https:\/\/wordpress.nibis.de\/gshes\/wp-json\/wp\/v2\/comments?post=34"}],"version-history":[{"count":18,"href":"https:\/\/wordpress.nibis.de\/gshes\/wp-json\/wp\/v2\/pages\/34\/revisions"}],"predecessor-version":[{"id":4778,"href":"https:\/\/wordpress.nibis.de\/gshes\/wp-json\/wp\/v2\/pages\/34\/revisions\/4778"}],"wp:attachment":[{"href":"https:\/\/wordpress.nibis.de\/gshes\/wp-json\/wp\/v2\/media?parent=34"}],"curies":[{"name":"wp","href":"https:\/\/api.w.org\/{rel}","templated":true}]}}