{"id":36,"date":"2017-03-15T10:47:40","date_gmt":"2017-03-15T09:47:40","guid":{"rendered":"http:\/\/wordpress.nibis.de\/gshes\/?page_id=36"},"modified":"2022-06-27T20:49:24","modified_gmt":"2022-06-27T18:49:24","slug":"streicherklassen","status":"publish","type":"page","link":"https:\/\/wordpress.nibis.de\/gshes\/streicherklassen\/","title":{"rendered":"Streicherklassen"},"content":{"rendered":"<h2><span style=\"font-family: arial,helvetica,sans-serif\">Projektdarstellung<\/span><\/h2>\n<p><u>Was ist die Streicherklasse?<\/u><\/p>\n<p><span style=\"font-family: arial,helvetica,sans-serif\">Der Geigenklassenunterricht ist klassen\u00fcbergreifend und findet einmal w\u00f6chentlich \u00fcber zwei Schulstunden statt. Instrumente werden gratis zur Verf\u00fcgung gestellt, Kostenbeitrag 150 Euro pro Jahr.<\/span><\/p>\n<p>\u00a0<\/p>\n<p><strong>Konzept des Geigenklassen-Unterrichts:<\/strong><\/p>\n<p>Der Violinunterricht der Geigenklasse richtet sich weitgehend nach der Internationalen Suzuki-Methode. Bei der inzwischen in der ganzen Welt bekannt &#8222;Suzuki-Methode&#8220; wird erst Haltung und Klangerzeugung und \u00fcber das Geh\u00f6r erlernt, dann das Notenlesen ge\u00fcbt. Suzuki nannte seine Methode &#8222;Muttersprachenmethode&#8220; .<\/p>\n<p><a href=\"https:\/\/www.germansuzuki.de\/\">http\/\/www.germansuzuki.com<\/a><\/p>\n<p>\u00a0<\/p>\n<p>In der Geigenklasse lernen die Kinder kreativ und spielerisch mit ihrem Instrument, der Geige, Empfindsamkeit zu entwickeln: das Talent hin zu einer ganz pers\u00f6nlichen Musikalit\u00e4t.<\/p>\n<p>Auf spielerische Weise werden das Ged\u00e4chtnis, die Konzentrations- und Reaktionsf\u00e4higkeit geschult, Ein\u00fcbung sozialen Verhaltens in der Gruppe (beim Zusammenspiel), die Sensibilit\u00e4t dem Sch\u00f6nen bzw. der Kunst gegen\u00fcber geweckt und die Einsicht vermittelt, dass Lernen und \u00dcben in allen Bereichen eine lebenslange Aufgabe darstellen.<\/p>\n<p>Wichtig f\u00fcr die Motivation und Erfolg ist besonders die aktive Mitarbeit eines Elternteils, der die Kinder zu Hause beim t\u00e4glichen \u00dcbern liebevoll unterst\u00fctzt, ermutigt und betreut. Die Eltern sind eingeladen beim Geigenklassenunterricht anwesend zu sein.<\/p>\n<p>Unser Anliegen ist es, das Talent eines jeden Kindes zu entwickeln. Denn im Grunde ist jedes Kind musikalisch und hat Freude am Musizieren. Es soll mit seinem Instrument zusammenwachsen, so dass es ein Teil von ihm wird, den es nicht mehr missen m\u00f6chte.<\/p>\n<p>Barbara Rehklau, dipl. Violinp\u00e4dagin, kms Leer<\/p>\n<p>&#x62;&#x61;&#x72;&#97;&#114;ar&#x65;&#x68;&#x6b;&#x6c;&#97;&#117;&#64;g&#x6d;&#x61;&#x69;&#108;&#46;&#99;om<\/p>\n<p>Britta Lameyer, Lehrerin der Hoehellernschule<\/p>\n\n\n<p><\/p>\n\n\n\n<p>Mehr Informationen entnehmen Sie bitte unserem <a href=\"https:\/\/wordpress.nibis.de\/gshes\/files\/2022\/03\/Flyer-Geigen.pdf\" target=\"_blank\" rel=\"noopener\"><strong>Flyer.<\/strong><\/a><\/p>\n\n\n","protected":false},"excerpt":{"rendered":"<p>Projektdarstellung Was ist die Streicherklasse? Der Geigenklassenunterricht ist klassen\u00fcbergreifend und findet einmal w\u00f6chentlich \u00fcber zwei Schulstunden statt. Instrumente werden gratis zur Verf\u00fcgung gestellt, Kostenbeitrag 150 Euro pro Jahr. \u00a0 Konzept des Geigenklassen-Unterrichts: Der Violinunterricht der Geigenklasse richtet sich weitgehend nach &hellip; <a href=\"https:\/\/wordpress.nibis.de\/gshes\/streicherklassen\/\">Weiterlesen <span class=\"meta-nav\">&rarr;<\/span><\/a><\/p>\n","protected":false},"author":1377,"featured_media":0,"parent":0,"menu_order":0,"comment_status":"closed","ping_status":"closed","template":"","meta":{"footnotes":""},"class_list":["post-36","page","type-page","status-publish","hentry"],"_links":{"self":[{"href":"https:\/\/wordpress.nibis.de\/gshes\/wp-json\/wp\/v2\/pages\/36","targetHints":{"allow":["GET"]}}],"collection":[{"href":"https:\/\/wordpress.nibis.de\/gshes\/wp-json\/wp\/v2\/pages"}],"about":[{"href":"https:\/\/wordpress.nibis.de\/gshes\/wp-json\/wp\/v2\/types\/page"}],"author":[{"embeddable":true,"href":"https:\/\/wordpress.nibis.de\/gshes\/wp-json\/wp\/v2\/users\/1377"}],"replies":[{"embeddable":true,"href":"https:\/\/wordpress.nibis.de\/gshes\/wp-json\/wp\/v2\/comments?post=36"}],"version-history":[{"count":10,"href":"https:\/\/wordpress.nibis.de\/gshes\/wp-json\/wp\/v2\/pages\/36\/revisions"}],"predecessor-version":[{"id":3548,"href":"https:\/\/wordpress.nibis.de\/gshes\/wp-json\/wp\/v2\/pages\/36\/revisions\/3548"}],"wp:attachment":[{"href":"https:\/\/wordpress.nibis.de\/gshes\/wp-json\/wp\/v2\/media?parent=36"}],"curies":[{"name":"wp","href":"https:\/\/api.w.org\/{rel}","templated":true}]}}