{"id":4073,"date":"2023-07-01T11:02:46","date_gmt":"2023-07-01T09:02:46","guid":{"rendered":"https:\/\/wordpress.nibis.de\/gshes\/?page_id=4073"},"modified":"2024-05-24T18:24:11","modified_gmt":"2024-05-24T16:24:11","slug":"bienenprojekt","status":"publish","type":"page","link":"https:\/\/wordpress.nibis.de\/gshes\/bienenprojekt\/","title":{"rendered":"Bienenprojekt"},"content":{"rendered":"<p>In Zusammenarbeit mit Multi-S\u00fcd und dem Imkerverein d\u00fcrfen wir einmal im Jahr den Bienenstock erkunden und Honig ernten. F\u00fcr diese unglaublich tolle Zusammenarbeit danken wir den Verantwortlichen sehr. F\u00fcr die Kinder ist diese Erfahrung vor Ort-eingebettet in den Sachunterricht- eine wunderbare Erfahrung, die sich einpr\u00e4gt und ganz sicher ein richtiger und wichtiger Weg zum Schutz der f\u00fcr uns lebensnotwendigen Bienen darstellt.<\/p>\n\n\t\t<style type=\"text\/css\">\n\t\t\t#gallery-1 {\n\t\t\t\tmargin: auto;\n\t\t\t}\n\t\t\t#gallery-1 .gallery-item {\n\t\t\t\tfloat: left;\n\t\t\t\tmargin-top: 10px;\n\t\t\t\ttext-align: center;\n\t\t\t\twidth: 50%;\n\t\t\t}\n\t\t\t#gallery-1 img {\n\t\t\t\tborder: 2px solid #cfcfcf;\n\t\t\t}\n\t\t\t#gallery-1 .gallery-caption {\n\t\t\t\tmargin-left: 0;\n\t\t\t}\n\t\t\t\/* see gallery_shortcode() in wp-includes\/media.php *\/\n\t\t<\/style>\n\t\t<div id='gallery-1' class='gallery galleryid-4073 gallery-columns-2 gallery-size-full'><dl class='gallery-item'>\n\t\t\t<dt class='gallery-icon portrait'>\n\t\t\t\t<img loading=\"lazy\" decoding=\"async\" width=\"1920\" height=\"2560\" src=\"https:\/\/wordpress.nibis.de\/gshes\/files\/2024\/05\/IMG_1655-scaled.jpg\" class=\"attachment-full size-full\" alt=\"\" srcset=\"https:\/\/wordpress.nibis.de\/gshes\/files\/2024\/05\/IMG_1655-scaled.jpg 1920w, https:\/\/wordpress.nibis.de\/gshes\/files\/2024\/05\/IMG_1655-768x1024.jpg 768w, https:\/\/wordpress.nibis.de\/gshes\/files\/2024\/05\/IMG_1655-1152x1536.jpg 1152w, https:\/\/wordpress.nibis.de\/gshes\/files\/2024\/05\/IMG_1655-1536x2048.jpg 1536w\" sizes=\"auto, (max-width: 1920px) 100vw, 1920px\" \/>\n\t\t\t<\/dt><\/dl><dl class='gallery-item'>\n\t\t\t<dt class='gallery-icon portrait'>\n\t\t\t\t<img loading=\"lazy\" decoding=\"async\" width=\"1920\" height=\"2560\" src=\"https:\/\/wordpress.nibis.de\/gshes\/files\/2024\/05\/IMG_1651-scaled.jpg\" class=\"attachment-full size-full\" alt=\"\" srcset=\"https:\/\/wordpress.nibis.de\/gshes\/files\/2024\/05\/IMG_1651-scaled.jpg 1920w, https:\/\/wordpress.nibis.de\/gshes\/files\/2024\/05\/IMG_1651-768x1024.jpg 768w, https:\/\/wordpress.nibis.de\/gshes\/files\/2024\/05\/IMG_1651-1152x1536.jpg 1152w, https:\/\/wordpress.nibis.de\/gshes\/files\/2024\/05\/IMG_1651-1536x2048.jpg 1536w\" sizes=\"auto, (max-width: 1920px) 100vw, 1920px\" \/>\n\t\t\t<\/dt><\/dl><br style=\"clear: both\" \/><dl class='gallery-item'>\n\t\t\t<dt class='gallery-icon landscape'>\n\t\t\t\t<img loading=\"lazy\" decoding=\"async\" width=\"2560\" height=\"1920\" src=\"https:\/\/wordpress.nibis.de\/gshes\/files\/2024\/05\/IMG_1646-scaled.jpg\" class=\"attachment-full size-full\" alt=\"\" srcset=\"https:\/\/wordpress.nibis.de\/gshes\/files\/2024\/05\/IMG_1646-scaled.jpg 2560w, https:\/\/wordpress.nibis.de\/gshes\/files\/2024\/05\/IMG_1646-768x576.jpg 768w, https:\/\/wordpress.nibis.de\/gshes\/files\/2024\/05\/IMG_1646-1536x1152.jpg 1536w, https:\/\/wordpress.nibis.de\/gshes\/files\/2024\/05\/IMG_1646-2048x1536.jpg 2048w\" sizes=\"auto, (max-width: 2560px) 100vw, 2560px\" \/>\n\t\t\t<\/dt><\/dl><dl class='gallery-item'>\n\t\t\t<dt class='gallery-icon landscape'>\n\t\t\t\t<img loading=\"lazy\" decoding=\"async\" width=\"2560\" height=\"1920\" src=\"https:\/\/wordpress.nibis.de\/gshes\/files\/2024\/05\/IMG_1648-scaled.jpg\" class=\"attachment-full size-full\" alt=\"\" srcset=\"https:\/\/wordpress.nibis.de\/gshes\/files\/2024\/05\/IMG_1648-scaled.jpg 2560w, https:\/\/wordpress.nibis.de\/gshes\/files\/2024\/05\/IMG_1648-768x576.jpg 768w, https:\/\/wordpress.nibis.de\/gshes\/files\/2024\/05\/IMG_1648-1536x1152.jpg 1536w, https:\/\/wordpress.nibis.de\/gshes\/files\/2024\/05\/IMG_1648-2048x1536.jpg 2048w\" sizes=\"auto, (max-width: 2560px) 100vw, 2560px\" \/>\n\t\t\t<\/dt><\/dl><br style=\"clear: both\" \/><dl class='gallery-item'>\n\t\t\t<dt class='gallery-icon portrait'>\n\t\t\t\t<img loading=\"lazy\" decoding=\"async\" width=\"1920\" height=\"2560\" src=\"https:\/\/wordpress.nibis.de\/gshes\/files\/2024\/05\/IMG_1650-scaled.jpg\" class=\"attachment-full size-full\" alt=\"\" srcset=\"https:\/\/wordpress.nibis.de\/gshes\/files\/2024\/05\/IMG_1650-scaled.jpg 1920w, https:\/\/wordpress.nibis.de\/gshes\/files\/2024\/05\/IMG_1650-768x1024.jpg 768w, https:\/\/wordpress.nibis.de\/gshes\/files\/2024\/05\/IMG_1650-1152x1536.jpg 1152w, https:\/\/wordpress.nibis.de\/gshes\/files\/2024\/05\/IMG_1650-1536x2048.jpg 1536w\" sizes=\"auto, (max-width: 1920px) 100vw, 1920px\" \/>\n\t\t\t<\/dt><\/dl><dl class='gallery-item'>\n\t\t\t<dt class='gallery-icon landscape'>\n\t\t\t\t<img loading=\"lazy\" decoding=\"async\" width=\"2560\" height=\"1920\" src=\"https:\/\/wordpress.nibis.de\/gshes\/files\/2024\/05\/IMG_1654-scaled.jpg\" class=\"attachment-full size-full\" alt=\"\" srcset=\"https:\/\/wordpress.nibis.de\/gshes\/files\/2024\/05\/IMG_1654-scaled.jpg 2560w, https:\/\/wordpress.nibis.de\/gshes\/files\/2024\/05\/IMG_1654-768x576.jpg 768w, https:\/\/wordpress.nibis.de\/gshes\/files\/2024\/05\/IMG_1654-1536x1152.jpg 1536w, https:\/\/wordpress.nibis.de\/gshes\/files\/2024\/05\/IMG_1654-2048x1536.jpg 2048w\" sizes=\"auto, (max-width: 2560px) 100vw, 2560px\" \/>\n\t\t\t<\/dt><\/dl><br style=\"clear: both\" \/><dl class='gallery-item'>\n\t\t\t<dt class='gallery-icon portrait'>\n\t\t\t\t<img loading=\"lazy\" decoding=\"async\" width=\"1920\" height=\"2560\" src=\"https:\/\/wordpress.nibis.de\/gshes\/files\/2024\/05\/IMG_1653-scaled.jpg\" class=\"attachment-full size-full\" alt=\"\" srcset=\"https:\/\/wordpress.nibis.de\/gshes\/files\/2024\/05\/IMG_1653-scaled.jpg 1920w, https:\/\/wordpress.nibis.de\/gshes\/files\/2024\/05\/IMG_1653-768x1024.jpg 768w, https:\/\/wordpress.nibis.de\/gshes\/files\/2024\/05\/IMG_1653-1152x1536.jpg 1152w, https:\/\/wordpress.nibis.de\/gshes\/files\/2024\/05\/IMG_1653-1536x2048.jpg 1536w\" sizes=\"auto, (max-width: 1920px) 100vw, 1920px\" \/>\n\t\t\t<\/dt><\/dl><dl class='gallery-item'>\n\t\t\t<dt class='gallery-icon portrait'>\n\t\t\t\t<img loading=\"lazy\" decoding=\"async\" width=\"1920\" height=\"2560\" src=\"https:\/\/wordpress.nibis.de\/gshes\/files\/2024\/05\/IMG_1649-scaled.jpg\" class=\"attachment-full size-full\" alt=\"\" srcset=\"https:\/\/wordpress.nibis.de\/gshes\/files\/2024\/05\/IMG_1649-scaled.jpg 1920w, https:\/\/wordpress.nibis.de\/gshes\/files\/2024\/05\/IMG_1649-768x1024.jpg 768w, https:\/\/wordpress.nibis.de\/gshes\/files\/2024\/05\/IMG_1649-1152x1536.jpg 1152w, https:\/\/wordpress.nibis.de\/gshes\/files\/2024\/05\/IMG_1649-1536x2048.jpg 1536w\" sizes=\"auto, (max-width: 1920px) 100vw, 1920px\" \/>\n\t\t\t<\/dt><\/dl><br style=\"clear: both\" \/><dl class='gallery-item'>\n\t\t\t<dt class='gallery-icon portrait'>\n\t\t\t\t<img loading=\"lazy\" decoding=\"async\" width=\"1920\" height=\"2560\" src=\"https:\/\/wordpress.nibis.de\/gshes\/files\/2024\/05\/IMG_1656-scaled.jpg\" class=\"attachment-full size-full\" alt=\"\" srcset=\"https:\/\/wordpress.nibis.de\/gshes\/files\/2024\/05\/IMG_1656-scaled.jpg 1920w, https:\/\/wordpress.nibis.de\/gshes\/files\/2024\/05\/IMG_1656-768x1024.jpg 768w, https:\/\/wordpress.nibis.de\/gshes\/files\/2024\/05\/IMG_1656-1152x1536.jpg 1152w, https:\/\/wordpress.nibis.de\/gshes\/files\/2024\/05\/IMG_1656-1536x2048.jpg 1536w\" sizes=\"auto, (max-width: 1920px) 100vw, 1920px\" \/>\n\t\t\t<\/dt><\/dl>\n\t\t\t<br style='clear: both' \/>\n\t\t<\/div>\n\n<p>\u00a0<\/p>\n<p>\u00a0<\/p>\n<p>\u00a0<\/p>\n\n","protected":false},"excerpt":{"rendered":"<p>In Zusammenarbeit mit Multi-S\u00fcd und dem Imkerverein d\u00fcrfen wir einmal im Jahr den Bienenstock erkunden und Honig ernten. F\u00fcr diese unglaublich tolle Zusammenarbeit danken wir den Verantwortlichen sehr. F\u00fcr die Kinder ist diese Erfahrung vor Ort-eingebettet in den Sachunterricht- eine &hellip; <a href=\"https:\/\/wordpress.nibis.de\/gshes\/bienenprojekt\/\">Weiterlesen <span class=\"meta-nav\">&rarr;<\/span><\/a><\/p>\n","protected":false},"author":1392,"featured_media":0,"parent":0,"menu_order":0,"comment_status":"closed","ping_status":"closed","template":"","meta":{"footnotes":""},"class_list":["post-4073","page","type-page","status-publish","hentry"],"_links":{"self":[{"href":"https:\/\/wordpress.nibis.de\/gshes\/wp-json\/wp\/v2\/pages\/4073","targetHints":{"allow":["GET"]}}],"collection":[{"href":"https:\/\/wordpress.nibis.de\/gshes\/wp-json\/wp\/v2\/pages"}],"about":[{"href":"https:\/\/wordpress.nibis.de\/gshes\/wp-json\/wp\/v2\/types\/page"}],"author":[{"embeddable":true,"href":"https:\/\/wordpress.nibis.de\/gshes\/wp-json\/wp\/v2\/users\/1392"}],"replies":[{"embeddable":true,"href":"https:\/\/wordpress.nibis.de\/gshes\/wp-json\/wp\/v2\/comments?post=4073"}],"version-history":[{"count":13,"href":"https:\/\/wordpress.nibis.de\/gshes\/wp-json\/wp\/v2\/pages\/4073\/revisions"}],"predecessor-version":[{"id":4481,"href":"https:\/\/wordpress.nibis.de\/gshes\/wp-json\/wp\/v2\/pages\/4073\/revisions\/4481"}],"wp:attachment":[{"href":"https:\/\/wordpress.nibis.de\/gshes\/wp-json\/wp\/v2\/media?parent=4073"}],"curies":[{"name":"wp","href":"https:\/\/api.w.org\/{rel}","templated":true}]}}