{"id":4590,"date":"2024-08-07T19:32:27","date_gmt":"2024-08-07T17:32:27","guid":{"rendered":"https:\/\/wordpress.nibis.de\/gshes\/?page_id=4590"},"modified":"2024-12-02T17:50:10","modified_gmt":"2024-12-02T16:50:10","slug":"motto-des-monats-2","status":"publish","type":"page","link":"https:\/\/wordpress.nibis.de\/gshes\/motto-des-monats-2\/","title":{"rendered":"Motto des Monats"},"content":{"rendered":"\n<p>Um unsere Sch\u00fclerinnen und Sch\u00fcler f\u00fcr ausgew\u00e4hlte soziale Situationen zu sensibilisieren, haben wir das Motto des Monats ins Leben gerufen.<\/p>\n<p>Unser Motto im Monat Dezember lautet:<\/p>\n<p><img decoding=\"async\" src=\"https:\/\/wordpress.nibis.de\/gshes\/files\/2024\/12\/Helfen.wscdoc.pdf\" alt=\"\" \/><\/p>\n<p>\u00a0<\/p>\n<p>\u00a0<\/p>\n<p>\u00a0<\/p>\n<p><img decoding=\"async\" src=\"https:\/\/wordpress.nibis.de\/gshes\/file\" alt=\"\" \/><\/p>\n","protected":false},"excerpt":{"rendered":"<p>Um unsere Sch\u00fclerinnen und Sch\u00fcler f\u00fcr ausgew\u00e4hlte soziale Situationen zu sensibilisieren, haben wir das Motto des Monats ins Leben gerufen. Unser Motto im Monat Dezember lautet: \u00a0 \u00a0 \u00a0<\/p>\n","protected":false},"author":1392,"featured_media":0,"parent":0,"menu_order":0,"comment_status":"closed","ping_status":"closed","template":"","meta":{"footnotes":""},"class_list":["post-4590","page","type-page","status-publish","hentry"],"_links":{"self":[{"href":"https:\/\/wordpress.nibis.de\/gshes\/wp-json\/wp\/v2\/pages\/4590","targetHints":{"allow":["GET"]}}],"collection":[{"href":"https:\/\/wordpress.nibis.de\/gshes\/wp-json\/wp\/v2\/pages"}],"about":[{"href":"https:\/\/wordpress.nibis.de\/gshes\/wp-json\/wp\/v2\/types\/page"}],"author":[{"embeddable":true,"href":"https:\/\/wordpress.nibis.de\/gshes\/wp-json\/wp\/v2\/users\/1392"}],"replies":[{"embeddable":true,"href":"https:\/\/wordpress.nibis.de\/gshes\/wp-json\/wp\/v2\/comments?post=4590"}],"version-history":[{"count":3,"href":"https:\/\/wordpress.nibis.de\/gshes\/wp-json\/wp\/v2\/pages\/4590\/revisions"}],"predecessor-version":[{"id":4668,"href":"https:\/\/wordpress.nibis.de\/gshes\/wp-json\/wp\/v2\/pages\/4590\/revisions\/4668"}],"wp:attachment":[{"href":"https:\/\/wordpress.nibis.de\/gshes\/wp-json\/wp\/v2\/media?parent=4590"}],"curies":[{"name":"wp","href":"https:\/\/api.w.org\/{rel}","templated":true}]}}