{"id":529,"date":"2018-02-13T19:57:16","date_gmt":"2018-02-13T18:57:16","guid":{"rendered":"http:\/\/wordpress.nibis.de\/gshes\/?page_id=529"},"modified":"2021-06-06T19:00:01","modified_gmt":"2021-06-06T17:00:01","slug":"betreuung","status":"publish","type":"page","link":"https:\/\/wordpress.nibis.de\/gshes\/betreuung\/","title":{"rendered":"Betreuung"},"content":{"rendered":"<p>W\u00e4hrend die Kinder des 3. und 4. Schuljahrganges an allen Wochentagen einen 5-st\u00fcndigen Vormittag bis 13.00 Uhr haben, endet bei den Erst- und Zweitkl\u00e4sslern der Unterricht \u2013 au\u00dfer freitags \u2013 schon nach der 4. Stunde um 12.00 Uhr. \u00a0In dieser Zeit findet eine Betreuung bis 13.00 Uhr durch unsere langj\u00e4hrigen Mitarbeiterinnen und Mitarbeiter statt. Viele Aktivit\u00e4ten lassen die Betreuungszeit sehr abwechslungsreich werden: Malen, Basteln, Bauen, gemeinsame Gruppenspiele, Sport und freies Spiel. Langeweile kommt ganz bestimmt nicht auf!<\/p>\n<p>Alle Kinder des 1. und 2. Schuljahrganges k\u00f6nnen sich verbindlich f\u00fcr immer ein Jahr f\u00fcr die Betreuung bis 13.00 Uhr anmelden.<\/p>\n","protected":false},"excerpt":{"rendered":"<p>W\u00e4hrend die Kinder des 3. und 4. Schuljahrganges an allen Wochentagen einen 5-st\u00fcndigen Vormittag bis 13.00 Uhr haben, endet bei den Erst- und Zweitkl\u00e4sslern der Unterricht \u2013 au\u00dfer freitags \u2013 schon nach der 4. Stunde um 12.00 Uhr. \u00a0In dieser &hellip; <a href=\"https:\/\/wordpress.nibis.de\/gshes\/betreuung\/\">Weiterlesen <span class=\"meta-nav\">&rarr;<\/span><\/a><\/p>\n","protected":false},"author":1392,"featured_media":0,"parent":0,"menu_order":0,"comment_status":"closed","ping_status":"closed","template":"","meta":{"footnotes":""},"class_list":["post-529","page","type-page","status-publish","hentry"],"_links":{"self":[{"href":"https:\/\/wordpress.nibis.de\/gshes\/wp-json\/wp\/v2\/pages\/529","targetHints":{"allow":["GET"]}}],"collection":[{"href":"https:\/\/wordpress.nibis.de\/gshes\/wp-json\/wp\/v2\/pages"}],"about":[{"href":"https:\/\/wordpress.nibis.de\/gshes\/wp-json\/wp\/v2\/types\/page"}],"author":[{"embeddable":true,"href":"https:\/\/wordpress.nibis.de\/gshes\/wp-json\/wp\/v2\/users\/1392"}],"replies":[{"embeddable":true,"href":"https:\/\/wordpress.nibis.de\/gshes\/wp-json\/wp\/v2\/comments?post=529"}],"version-history":[{"count":7,"href":"https:\/\/wordpress.nibis.de\/gshes\/wp-json\/wp\/v2\/pages\/529\/revisions"}],"predecessor-version":[{"id":2721,"href":"https:\/\/wordpress.nibis.de\/gshes\/wp-json\/wp\/v2\/pages\/529\/revisions\/2721"}],"wp:attachment":[{"href":"https:\/\/wordpress.nibis.de\/gshes\/wp-json\/wp\/v2\/media?parent=529"}],"curies":[{"name":"wp","href":"https:\/\/api.w.org\/{rel}","templated":true}]}}