{"id":534,"date":"2018-02-13T20:08:56","date_gmt":"2018-02-13T19:08:56","guid":{"rendered":"http:\/\/wordpress.nibis.de\/gshes\/?page_id=534"},"modified":"2025-02-26T11:19:55","modified_gmt":"2025-02-26T10:19:55","slug":"zusammenarbeit-mit-dem-leda-treff","status":"publish","type":"page","link":"https:\/\/wordpress.nibis.de\/gshes\/zusammenarbeit-mit-dem-leda-treff\/","title":{"rendered":"Schulsozialarbeit: Das sind wir!"},"content":{"rendered":"\n<p><strong><u>&#8222;Team Schulsozialarbeit&#8220; an der Hoheellernschule Leer<\/u><\/strong><\/p>\n<p>Zum Team der Schulsozialarbeit an der Hoheellernschule geh\u00f6ren:\u00a0\u00a0\u00a0\u00a0\u00a0\u00a0\u00a0\u00a0\u00a0<\/p>\n<p><img decoding=\"async\" src=\"https:\/\/wordpress.nibis.de\/gshes\/files\/2025\/02\/Sozilpaedagoginnen.pdf\" alt=\"\" \/>\u00a0\u00a0<\/p>\n<p>v.l. Silke Behrends-Buskohl (Dipl. Sozialp\u00e4dagogin), Angestellte der Stadt Leer, Kooperation Ledatreff<\/p>\n<p>Theresa Liesen (Soziale Arbeit M.A.) in Vollzeit<\/p>\n<p>Kathrin Jung (Dipl. Sozialp\u00e4dagogin) in Teilzeit, unterrichtsbegleitende Funktion\u00a0\u00a0\u00a0\u00a0\u00a0\u00a0\u00a0\u00a0\u00a0\u00a0\u00a0\u00a0\u00a0\u00a0\u00a0\u00a0\u00a0\u00a0\u00a0\u00a0\u00a0\u00a0\u00a0\u00a0\u00a0\u00a0\u00a0\u00a0\u00a0\u00a0\u00a0\u00a0\u00a0\u00a0\u00a0\u00a0\u00a0\u00a0\u00a0\u00a0\u00a0\u00a0\u00a0\u00a0\u00a0\u00a0\u00a0\u00a0\u00a0\u00a0\u00a0\u00a0\u00a0\u00a0\u00a0\u00a0\u00a0\u00a0\u00a0\u00a0\u00a0\u00a0\u00a0\u00a0\u00a0\u00a0\u00a0\u00a0\u00a0\u00a0\u00a0\u00a0\u00a0\u00a0\u00a0\u00a0\u00a0\u00a0\u00a0\u00a0\u00a0\u00a0\u00a0\u00a0\u00a0\u00a0\u00a0\u00a0<\/p>\n<p>\u00a0<\/p>\n<p>Die Schwerpunkte der Sozialen Arbeit in schulischer Verantwortung liegen auf Ma\u00dfnahmen, die<\/p>\n<ul>\n<li>sich an Sch\u00fclerinnen und Sch\u00fcler richten,<\/li>\n<li>einen pr\u00e4ventiven Ansatz verfolgen und<\/li>\n<li>vorrangig schulische Aufgaben betreffen.<\/li>\n<\/ul>\n<p><strong><u>Aufgaben schulischer Sozialarbeit<\/u><\/strong><\/p>\n<p>Schulische Sozialarbeit hat sich zu einem wichtigen Baustein in der nieders\u00e4chsischen Schullandschaft entwickelt. Zu den Aufgaben geh\u00f6ren:<\/p>\n<ul>\n<li>Sch\u00fclerinnen und Sch\u00fcler bei ihrer Pers\u00f6nlichkeitsentwicklung zu unterst\u00fctzen<\/li>\n<li>die Bedingungen f\u00fcr den schulischen Lernerfolg zu verbessern<\/li>\n<li>Lehrkr\u00e4fte und Eltern mit sozialp\u00e4dagogischer Kompetenz beraten<\/li>\n<li>Netzwerke aufbauen<\/li>\n<li>Einzel- oder Gruppenangebote f\u00fcr ganze Klassen (Sozialtraining)<\/li>\n<li>Krisen- und Konfliktbew\u00e4ltigung (u.a. Nachdenkpause)<\/li>\n<li>Begleitung, Beratung und Vermittlung<\/li>\n<\/ul>\n<p>Schulsozialarbeit ist ein freies Angebot, unterliegt der Schweigepflicht und geschieht im Auftrag der Landesschulbeh\u00f6rde.<\/p>\n<p>Gemeinsam mit dem multiprofessionellen Team an der Hoheellernschule f\u00f6rdert das Team der Schulsozialarbeit die individuelle und soziale Entwicklung von jungen Menschen. Wir bieten Aktivit\u00e4ten an, durch die junge Menschen \u00fcber das schulische Angebot hinaus ihre F\u00e4higkeiten entfalten, Anerkennung erfahren und soziale Prozesse gestalten k\u00f6nnen. Zunehmend bedeutsam sind auch Angebote zum Umgang mit Mobbing sowie Anti-Gewalt-Trainings.<\/p>\n<p>Frau Liesen erreichen Sie t\u00e4glich unter:\u00a0 0173-3927436<\/p>\n<p>Frau Jung erreichen Sie (Mo-Do von 8-13 Uhr) unter: 0491-13058<\/p>\n<p><strong>Sprechen Sie uns gerne an &#8230;&#8230; <\/strong><\/p>\n<p><img loading=\"lazy\" decoding=\"async\" class=\"alignnone  wp-image-3023\" src=\"https:\/\/wordpress.nibis.de\/gshes\/files\/2022\/01\/IMG_20220127_113928-scaled-e1643725315409-850x478.jpg\" alt=\"\" width=\"331\" height=\"186\" \/> <img loading=\"lazy\" decoding=\"async\" class=\"alignnone  wp-image-3022\" src=\"https:\/\/wordpress.nibis.de\/gshes\/files\/2022\/01\/IMG_20220127_113921-scaled-e1643725355256-850x478.jpg\" alt=\"\" width=\"331\" height=\"186\" \/><\/p>\n","protected":false},"excerpt":{"rendered":"<p>&#8222;Team Schulsozialarbeit&#8220; an der Hoheellernschule Leer Zum Team der Schulsozialarbeit an der Hoheellernschule geh\u00f6ren:\u00a0\u00a0\u00a0\u00a0\u00a0\u00a0\u00a0\u00a0\u00a0 \u00a0\u00a0 v.l. Silke Behrends-Buskohl (Dipl. Sozialp\u00e4dagogin), Angestellte der Stadt Leer, Kooperation Ledatreff Theresa Liesen (Soziale Arbeit M.A.) in Vollzeit Kathrin Jung (Dipl. Sozialp\u00e4dagogin) in Teilzeit, unterrichtsbegleitende &hellip; <a href=\"https:\/\/wordpress.nibis.de\/gshes\/zusammenarbeit-mit-dem-leda-treff\/\">Weiterlesen <span class=\"meta-nav\">&rarr;<\/span><\/a><\/p>\n","protected":false},"author":1392,"featured_media":0,"parent":0,"menu_order":0,"comment_status":"closed","ping_status":"closed","template":"","meta":{"footnotes":""},"class_list":["post-534","page","type-page","status-publish","hentry"],"_links":{"self":[{"href":"https:\/\/wordpress.nibis.de\/gshes\/wp-json\/wp\/v2\/pages\/534","targetHints":{"allow":["GET"]}}],"collection":[{"href":"https:\/\/wordpress.nibis.de\/gshes\/wp-json\/wp\/v2\/pages"}],"about":[{"href":"https:\/\/wordpress.nibis.de\/gshes\/wp-json\/wp\/v2\/types\/page"}],"author":[{"embeddable":true,"href":"https:\/\/wordpress.nibis.de\/gshes\/wp-json\/wp\/v2\/users\/1392"}],"replies":[{"embeddable":true,"href":"https:\/\/wordpress.nibis.de\/gshes\/wp-json\/wp\/v2\/comments?post=534"}],"version-history":[{"count":12,"href":"https:\/\/wordpress.nibis.de\/gshes\/wp-json\/wp\/v2\/pages\/534\/revisions"}],"predecessor-version":[{"id":4795,"href":"https:\/\/wordpress.nibis.de\/gshes\/wp-json\/wp\/v2\/pages\/534\/revisions\/4795"}],"wp:attachment":[{"href":"https:\/\/wordpress.nibis.de\/gshes\/wp-json\/wp\/v2\/media?parent=534"}],"curies":[{"name":"wp","href":"https:\/\/api.w.org\/{rel}","templated":true}]}}