{"id":618,"date":"2018-02-15T15:42:18","date_gmt":"2018-02-15T14:42:18","guid":{"rendered":"http:\/\/wordpress.nibis.de\/gshes\/?page_id=618"},"modified":"2025-08-21T19:49:25","modified_gmt":"2025-08-21T17:49:25","slug":"motto-des-monats","status":"publish","type":"page","link":"https:\/\/wordpress.nibis.de\/gshes\/motto-des-monats\/","title":{"rendered":"Elli-ABC"},"content":{"rendered":"\n<p>Sehr geehrte Eltern, Erziehungsberechtigte und liebe Kinder,<br \/>es ist uns eine Freude, Sie und euch in unserer Schule willkommen zu hei\u00dfen. Unser Elli-ABC soll Ihnen und euch dabei helfen, sich besser zurechtzufinden. F\u00fcr Fragen und bei Problemen sind wir jederzeit gerne f\u00fcr Sie und euch da.<br \/>Das Lehrerkollegium der Hoheellernschule freut sich auf eine gute Zusammenarbeit.<\/p>\n<h1 style=\"text-align: center\"><a href=\"https:\/\/wordpress.nibis.de\/gshes\/files\/2025\/08\/2025.08.21_Elli-ABC.pdf\"><strong><span style=\"color: #339966\">Elli-ABC<\/span><\/strong><\/a><\/h1>\n\n\n","protected":false},"excerpt":{"rendered":"<p>Sehr geehrte Eltern, Erziehungsberechtigte und liebe Kinder,es ist uns eine Freude, Sie und euch in unserer Schule willkommen zu hei\u00dfen. Unser Elli-ABC soll Ihnen und euch dabei helfen, sich besser zurechtzufinden. F\u00fcr Fragen und bei Problemen sind wir jederzeit gerne &hellip; <a href=\"https:\/\/wordpress.nibis.de\/gshes\/motto-des-monats\/\">Weiterlesen <span class=\"meta-nav\">&rarr;<\/span><\/a><\/p>\n","protected":false},"author":1392,"featured_media":0,"parent":0,"menu_order":0,"comment_status":"closed","ping_status":"closed","template":"","meta":{"footnotes":""},"class_list":["post-618","page","type-page","status-publish","hentry"],"_links":{"self":[{"href":"https:\/\/wordpress.nibis.de\/gshes\/wp-json\/wp\/v2\/pages\/618","targetHints":{"allow":["GET"]}}],"collection":[{"href":"https:\/\/wordpress.nibis.de\/gshes\/wp-json\/wp\/v2\/pages"}],"about":[{"href":"https:\/\/wordpress.nibis.de\/gshes\/wp-json\/wp\/v2\/types\/page"}],"author":[{"embeddable":true,"href":"https:\/\/wordpress.nibis.de\/gshes\/wp-json\/wp\/v2\/users\/1392"}],"replies":[{"embeddable":true,"href":"https:\/\/wordpress.nibis.de\/gshes\/wp-json\/wp\/v2\/comments?post=618"}],"version-history":[{"count":16,"href":"https:\/\/wordpress.nibis.de\/gshes\/wp-json\/wp\/v2\/pages\/618\/revisions"}],"predecessor-version":[{"id":4903,"href":"https:\/\/wordpress.nibis.de\/gshes\/wp-json\/wp\/v2\/pages\/618\/revisions\/4903"}],"wp:attachment":[{"href":"https:\/\/wordpress.nibis.de\/gshes\/wp-json\/wp\/v2\/media?parent=618"}],"curies":[{"name":"wp","href":"https:\/\/api.w.org\/{rel}","templated":true}]}}