{"id":703,"date":"2018-02-17T10:26:39","date_gmt":"2018-02-17T09:26:39","guid":{"rendered":"http:\/\/wordpress.nibis.de\/gshes\/?page_id=703"},"modified":"2026-02-24T17:33:03","modified_gmt":"2026-02-24T16:33:03","slug":"wichtiges-zum-download","status":"publish","type":"page","link":"https:\/\/wordpress.nibis.de\/gshes\/wichtiges-zum-download\/","title":{"rendered":"Vordrucke f\u00fcr Eltern"},"content":{"rendered":"\n<p><\/p>\n\n\n<pre><span style=\"font-family: arial,helvetica,sans-serif;font-size: 14pt\">Vordrucke f\u00fcr Eltern<\/span><\/pre>\n<p><a href=\"http:\/\/wordpress.nibis.de\/gshes\/files\/2019\/01\/Anmeldebogen-als-PDF.pdf\" target=\"_blank\" rel=\"noopener noreferrer\">Anmeldebogen<\/a><\/p>\n<p><a href=\"https:\/\/wordpress.nibis.de\/gshes\/files\/2026\/02\/Foerderverein-Beitrittserklaerung.pdf\" target=\"_blank\" rel=\"noopener\">Beitrittserkl\u00e4rung zum F\u00f6rderverein<\/a><\/p>\n<p><a href=\"http:\/\/wordpress.nibis.de\/gshes\/files\/2019\/01\/Erkl\u00e4rung-zur-Sorgeberechtigung-als-PDF.pdf\">Erkl\u00e4rung zur Sorgeberechtigung<\/a><\/p>\n<p>E<a href=\"https:\/\/wordpress.nibis.de\/gshes\/files\/2024\/06\/Scan_2024_06_11_10_55_11_379.pdf\" target=\"_blank\" rel=\"noopener\">rstattung des Mensa-Kartenguthabens<\/a><\/p>\n<p><a href=\"http:\/\/wordpress.nibis.de\/gshes\/files\/2018\/03\/Einverst\u00e4ndnis-Zahnarzt.pdf\" target=\"_blank\" rel=\"noopener noreferrer\">Einverst\u00e4ndnis Zahnarzt<\/a><\/p>\n<p><a href=\"http:\/\/wordpress.nibis.de\/gshes\/files\/2018\/02\/Elternmitarbeit-an-der-Hoheellernschule.pdf\" target=\"_blank\" rel=\"noopener noreferrer\">Elternmitarbeit an der Hoheellernschule<\/a><\/p>\n<p><a href=\"http:\/\/wordpress.nibis.de\/gshes\/files\/2019\/01\/\u00dcbersicht-personenbezogene-Daten-als-PDF.pdf\">\u00dcbersicht personenbezogene Daten<\/a><\/p>\n<p><span style=\"color: #0000ff\"><a style=\"color: #0000ff\" href=\"http:\/\/wordpress.nibis.de\/gshes\/files\/2018\/03\/Schulordnung-A3-1.pdf\" target=\"_blank\" rel=\"noopener noreferrer\">Schulregeln<\/a><\/span><\/p>\n<p><a href=\"http:\/\/wordpress.nibis.de\/gshes\/files\/2019\/01\/Infektionsschutzgesetz-als-PDF.pdf\"><span style=\"color: #0000ff\">Infektionsschutzgesetz<\/span><\/a><\/p>\n<p><span style=\"color: #0000ff\"><a style=\"color: #0000ff\" href=\"http:\/\/wordpress.nibis.de\/gshes\/files\/2019\/01\/Waffenerlass.pdf\">Waffenerlass<\/a><\/span><\/p>\n<p><span style=\"color: #0000ff\"><a style=\"color: #0000ff\" href=\"http:\/\/wordpress.nibis.de\/gshes\/files\/2019\/01\/DSGOV-als-PDF-1.pdf\">Informationen zum Datenschutz<\/a><\/span><\/p>","protected":false},"excerpt":{"rendered":"<p>Vordrucke f\u00fcr Eltern Anmeldebogen Beitrittserkl\u00e4rung zum F\u00f6rderverein Erkl\u00e4rung zur Sorgeberechtigung Erstattung des Mensa-Kartenguthabens Einverst\u00e4ndnis Zahnarzt Elternmitarbeit an der Hoheellernschule \u00dcbersicht personenbezogene Daten Schulregeln Infektionsschutzgesetz Waffenerlass Informationen zum Datenschutz<\/p>\n","protected":false},"author":1392,"featured_media":0,"parent":0,"menu_order":0,"comment_status":"closed","ping_status":"closed","template":"","meta":{"footnotes":""},"class_list":["post-703","page","type-page","status-publish","hentry"],"_links":{"self":[{"href":"https:\/\/wordpress.nibis.de\/gshes\/wp-json\/wp\/v2\/pages\/703","targetHints":{"allow":["GET"]}}],"collection":[{"href":"https:\/\/wordpress.nibis.de\/gshes\/wp-json\/wp\/v2\/pages"}],"about":[{"href":"https:\/\/wordpress.nibis.de\/gshes\/wp-json\/wp\/v2\/types\/page"}],"author":[{"embeddable":true,"href":"https:\/\/wordpress.nibis.de\/gshes\/wp-json\/wp\/v2\/users\/1392"}],"replies":[{"embeddable":true,"href":"https:\/\/wordpress.nibis.de\/gshes\/wp-json\/wp\/v2\/comments?post=703"}],"version-history":[{"count":55,"href":"https:\/\/wordpress.nibis.de\/gshes\/wp-json\/wp\/v2\/pages\/703\/revisions"}],"predecessor-version":[{"id":5330,"href":"https:\/\/wordpress.nibis.de\/gshes\/wp-json\/wp\/v2\/pages\/703\/revisions\/5330"}],"wp:attachment":[{"href":"https:\/\/wordpress.nibis.de\/gshes\/wp-json\/wp\/v2\/media?parent=703"}],"curies":[{"name":"wp","href":"https:\/\/api.w.org\/{rel}","templated":true}]}}