{"id":811,"date":"2018-02-22T19:37:34","date_gmt":"2018-02-22T18:37:34","guid":{"rendered":"http:\/\/wordpress.nibis.de\/gshes\/?page_id=811"},"modified":"2018-02-22T19:42:43","modified_gmt":"2018-02-22T18:42:43","slug":"chronik-der-hes","status":"publish","type":"page","link":"https:\/\/wordpress.nibis.de\/gshes\/chronik-der-hes\/","title":{"rendered":"Geschichte der Schule"},"content":{"rendered":"<p><span style=\"font-family: arial,helvetica,sans-serif;font-size: 12pt\">Die folgende Darstellung basiert auf den langj\u00e4hrigen Aufzeichnungen von Herr Albert Katenkamp.\u00a0 <\/span><\/p>\n<p><span style=\"font-size: 14pt;text-decoration: underline\"><span style=\"font-family: arial,helvetica,sans-serif\">Die Hoheellernschule im Wandel der Zeit<\/span><\/span><\/p>\n<p style=\"text-align: justify\"><span style=\"font-family: arial,helvetica,sans-serif;font-size: 12pt\">Vor 126 Jahren, am 1.10.1891, wurde im Beisein\u00a0\u00a0<\/span><span style=\"font-family: arial,helvetica,sans-serif;font-size: 12pt\">des Schulvorstandes und der Lehrer der <\/span><span style=\"font-family: arial,helvetica,sans-serif;font-size: 12pt\">lutherischen Gemeinde die 3. lutherische Schule, wie sich die Hoheellernschule damals nannte, eingeweiht. Tr\u00e4ger der Schule war die Kirchengemeinde, schon nach der Einweihung war die Situation der Schule durch Raumnot gepr\u00e4gt, so dass bereits im Jahre 1899 ein Anbau von 2 weiteren Klassenr\u00e4umen f\u00fcr die 5 in 4 R\u00e4umen von 5 Lehrern unterrichteten Klassen in Angriff genommen wurde.<\/span><\/p>\n<p style=\"text-align: left\"><a href=\"http:\/\/wordpress.nibis.de\/gshes\/files\/2018\/02\/Schule-1891-klein-1.jpg\"><img loading=\"lazy\" decoding=\"async\" class=\"size-full wp-image-819 aligncenter\" src=\"http:\/\/wordpress.nibis.de\/gshes\/files\/2018\/02\/Schule-1891-klein-1.jpg\" alt=\"\" width=\"350\" height=\"237\" \/><\/a><\/p>\n<p style=\"text-align: center\"><span style=\"font-family: arial,helvetica,sans-serif;font-size: 12pt\">Die Schule um 1891<\/span><\/p>\n<p style=\"text-align: justify\"><span style=\"font-family: arial,helvetica,sans-serif;font-size: 12pt\">Im Jahre 1923 bekam die Schule im Rahmen einer Umgestaltung der Schulstruktur ihren heutigen Namen Hoheellerschule. Kurz vorm Ende des 2. Weltkrieges wurde die Hoheellernschule fast v\u00f6llig zerst\u00f6rt. Dies f\u00fchrte in der Stadt zu einer gro\u00dfen Schulraumnot. F\u00fcr de 620 Sch\u00fcler ruhte der Unterricht, bis er im August 1945 behelfsm\u00e4\u00dfig wieder aufgenommen wurde.<\/span><\/p>\n<p><a href=\"http:\/\/wordpress.nibis.de\/gshes\/files\/2018\/02\/Schule1920-klein.jpg\"><img loading=\"lazy\" decoding=\"async\" class=\"size-full wp-image-814 aligncenter\" src=\"http:\/\/wordpress.nibis.de\/gshes\/files\/2018\/02\/Schule1920-klein.jpg\" alt=\"\" width=\"400\" height=\"242\" \/><\/a><\/p>\n<p style=\"text-align: justify\"><span style=\"font-family: arial,helvetica,sans-serif;font-size: 12pt\">Im Mai 1949 wurde der Entschluss gefasst, die Hoheellernschule as 12-klassige Schule wieder aufzubauen. Bereits im August 1950 konnte sie \u00fcbergeben werden. Die Schule verf\u00fcgte zu dieser Zeit bereits \u00fcber einen Physiksaal, einen Zeichensaal, Werkr\u00e4ume, eine K\u00fcche, einen Lehrmittelraum, ein Lehrerzimmer sowie Nebengeb\u00e4ude mit einer Hausmeisterwohnung. Sie konnte damit als modernste Schule der Stadt Leer gelten.<\/span><\/p>\n<p><a href=\"http:\/\/wordpress.nibis.de\/gshes\/files\/2018\/02\/Schule1950klein.jpg\"><img loading=\"lazy\" decoding=\"async\" class=\"size-full wp-image-815 aligncenter\" src=\"http:\/\/wordpress.nibis.de\/gshes\/files\/2018\/02\/Schule1950klein.jpg\" alt=\"\" width=\"350\" height=\"239\" \/><\/a><\/p>\n<p><span style=\"font-size: medium\">Bis zum Jahr 1968 war die Hoheellernschule eine Volksschule. Mit der Schulreform erfolgte dann eine Aufteilung in Grund-und Hauptschulen. Die Hoheellernschule wurde im Rahmen dieser Umgestaltungen zur Grundschule, den Part der Hauptschule \u00fcbernahm die Ledaschule.<\/span><\/p>\n<p>&nbsp;<\/p>\n<p>&nbsp;<\/p>\n<p>&nbsp;<\/p>\n","protected":false},"excerpt":{"rendered":"<p>Die folgende Darstellung basiert auf den langj\u00e4hrigen Aufzeichnungen von Herr Albert Katenkamp.\u00a0 Die Hoheellernschule im Wandel der Zeit Vor 126 Jahren, am 1.10.1891, wurde im Beisein\u00a0\u00a0des Schulvorstandes und der Lehrer der lutherischen Gemeinde die 3. lutherische Schule, wie sich die &hellip; <a href=\"https:\/\/wordpress.nibis.de\/gshes\/chronik-der-hes\/\">Weiterlesen <span class=\"meta-nav\">&rarr;<\/span><\/a><\/p>\n","protected":false},"author":1386,"featured_media":0,"parent":0,"menu_order":0,"comment_status":"closed","ping_status":"closed","template":"","meta":{"footnotes":""},"class_list":["post-811","page","type-page","status-publish","hentry"],"_links":{"self":[{"href":"https:\/\/wordpress.nibis.de\/gshes\/wp-json\/wp\/v2\/pages\/811","targetHints":{"allow":["GET"]}}],"collection":[{"href":"https:\/\/wordpress.nibis.de\/gshes\/wp-json\/wp\/v2\/pages"}],"about":[{"href":"https:\/\/wordpress.nibis.de\/gshes\/wp-json\/wp\/v2\/types\/page"}],"author":[{"embeddable":true,"href":"https:\/\/wordpress.nibis.de\/gshes\/wp-json\/wp\/v2\/users\/1386"}],"replies":[{"embeddable":true,"href":"https:\/\/wordpress.nibis.de\/gshes\/wp-json\/wp\/v2\/comments?post=811"}],"version-history":[{"count":4,"href":"https:\/\/wordpress.nibis.de\/gshes\/wp-json\/wp\/v2\/pages\/811\/revisions"}],"predecessor-version":[{"id":824,"href":"https:\/\/wordpress.nibis.de\/gshes\/wp-json\/wp\/v2\/pages\/811\/revisions\/824"}],"wp:attachment":[{"href":"https:\/\/wordpress.nibis.de\/gshes\/wp-json\/wp\/v2\/media?parent=811"}],"curies":[{"name":"wp","href":"https:\/\/api.w.org\/{rel}","templated":true}]}}