{"id":849,"date":"2018-03-01T11:53:02","date_gmt":"2018-03-01T10:53:02","guid":{"rendered":"http:\/\/wordpress.nibis.de\/gshes\/?page_id=849"},"modified":"2026-04-12T19:02:59","modified_gmt":"2026-04-12T17:02:59","slug":"startseite-3","status":"publish","type":"page","link":"https:\/\/wordpress.nibis.de\/gshes\/","title":{"rendered":"Aktuelles"},"content":{"rendered":"\n<h6>Liebe Eltern,<\/h6>\n<h6>bitte beachten Sie unbedingt, dass am Montag, den 13.4.26 und Dienstag, den 14.4.26 der Ganztag aufgrund einer schulinternen Veranstaltung zur Einschulung bereits f\u00fcr ALLE um 12:45 Uhr endet. Es gibt KEIN Mittagessen.&nbsp;<br \/><br \/>Ausnahmen:<\/h6>\n<ul>\n<li>\n<h6>Hort-Kinder<\/h6>\n<\/li>\n<li>\n<h6>Taxi-Kinder<\/h6>\n<\/li>\n<li>\n<h6>Notbetreuungs-Kinder&nbsp;<\/h6>\n<\/li>\n<\/ul>\n\n\n\n<p>&nbsp;<\/p>\n<p>&nbsp;<\/p>\n\n\n\n<h6><strong>Im Schulgarten bl\u00fchen nun die Fr\u00fchbl\u00fcher. Vielen Dank an Familie Bootsmann f\u00fcr die Spende der vielen Blumenzwiebeln.<\/strong><\/h6>\n<p>\u00a0<\/p>\n<div class=\"wp-block-image\"><img loading=\"lazy\" decoding=\"async\" class=\"wpa-warning wpa-image-missing-alt alignnone size-full wp-image-5557\" src=\"https:\/\/wordpress.nibis.de\/gshes\/files\/2026\/04\/A5191FBF-5B7B-4A8E-9F7C-F46AF5496FD2-2.jpg\" alt=\"\" width=\"480\" height=\"640\" data-warning=\"Missing alt text\" srcset=\"https:\/\/wordpress.nibis.de\/gshes\/files\/2026\/04\/A5191FBF-5B7B-4A8E-9F7C-F46AF5496FD2-2.jpg 480w, https:\/\/wordpress.nibis.de\/gshes\/files\/2026\/04\/A5191FBF-5B7B-4A8E-9F7C-F46AF5496FD2-2-100x133.jpg 100w, https:\/\/wordpress.nibis.de\/gshes\/files\/2026\/04\/A5191FBF-5B7B-4A8E-9F7C-F46AF5496FD2-2-225x300.jpg 225w\" sizes=\"auto, (max-width: 480px) 100vw, 480px\" \/><\/div>\n<div class=\"wp-block-image\"><img loading=\"lazy\" decoding=\"async\" class=\"wpa-warning wpa-image-missing-alt alignnone size-full wp-image-5556\" src=\"https:\/\/wordpress.nibis.de\/gshes\/files\/2026\/04\/25966920-1D64-4CEE-88EE-20BE0A1F5F1D-2.jpg\" alt=\"\" width=\"480\" height=\"640\" data-warning=\"Missing alt text\" srcset=\"https:\/\/wordpress.nibis.de\/gshes\/files\/2026\/04\/25966920-1D64-4CEE-88EE-20BE0A1F5F1D-2.jpg 480w, https:\/\/wordpress.nibis.de\/gshes\/files\/2026\/04\/25966920-1D64-4CEE-88EE-20BE0A1F5F1D-2-100x133.jpg 100w, https:\/\/wordpress.nibis.de\/gshes\/files\/2026\/04\/25966920-1D64-4CEE-88EE-20BE0A1F5F1D-2-225x300.jpg 225w\" sizes=\"auto, (max-width: 480px) 100vw, 480px\" \/><\/div>\n<div class=\"wp-block-image\"><img loading=\"lazy\" decoding=\"async\" class=\"wpa-warning wpa-image-missing-alt alignnone size-full wp-image-5555\" src=\"https:\/\/wordpress.nibis.de\/gshes\/files\/2026\/04\/4259D39A-4D3C-4487-9933-72EB60530659-2.jpg\" alt=\"\" width=\"480\" height=\"640\" data-warning=\"Missing alt text\" srcset=\"https:\/\/wordpress.nibis.de\/gshes\/files\/2026\/04\/4259D39A-4D3C-4487-9933-72EB60530659-2.jpg 480w, https:\/\/wordpress.nibis.de\/gshes\/files\/2026\/04\/4259D39A-4D3C-4487-9933-72EB60530659-2-100x133.jpg 100w, https:\/\/wordpress.nibis.de\/gshes\/files\/2026\/04\/4259D39A-4D3C-4487-9933-72EB60530659-2-225x300.jpg 225w\" sizes=\"auto, (max-width: 480px) 100vw, 480px\" \/><\/div>\n<p>\u00a0<\/p>\n\n\n\n<div class=\"wp-block-group is-layout-grid wp-container-core-group-is-layout-9649a0d9 wp-block-group-is-layout-grid\"><\/div>\n\n\n\n<p>&nbsp;<\/p>\n<p>&nbsp;<\/p>\n\n\n\n<figure class=\"wp-block-image size-full\"><img loading=\"lazy\" decoding=\"async\" width=\"553\" height=\"780\" src=\"https:\/\/wordpress.nibis.de\/gshes\/files\/2026\/02\/image-1.png\" alt=\"\" class=\"wp-image-5321\" srcset=\"https:\/\/wordpress.nibis.de\/gshes\/files\/2026\/02\/image-1.png 553w, https:\/\/wordpress.nibis.de\/gshes\/files\/2026\/02\/image-1-100x141.png 100w, https:\/\/wordpress.nibis.de\/gshes\/files\/2026\/02\/image-1-213x300.png 213w\" sizes=\"auto, (max-width: 553px) 100vw, 553px\" \/><\/figure>\n\n\n\n<p>&nbsp;<\/p>\n<p>&nbsp;<\/p>\n\n\n\n\n\n<h4>&nbsp;<\/h4>\n\n\n\n\n\n<p>&nbsp;<\/p>\n<h2>Beantragung Jugendticket f\u00fcr das Schuljahr 2025\/26<\/h2>\n<p>Ab den <b><u>01.05.2025<\/u><\/b> k\u00f6nnen alle Sch\u00fclerinnen und Sch\u00fcler die Antr\u00e4ge f\u00fcr das neue Schuljahr 2025\/2026 stellen. Bitte nutzen Sie den &nbsp;<a href=\"https:\/\/wordpress.nibis.de\/gshes\/files\/2025\/03\/QR-2025-2026-Antrag-Jugendticket.pdf\">QR-Code.<\/a><\/p>\n<p>Eine genaue Anleitung hierzu finden Sie<a href=\"https:\/\/wordpress.nibis.de\/gshes\/files\/2025\/03\/Anleitung-JUgendticket-Neu.pdf\"> hier.<\/a><\/p>\n<p><img decoding=\"async\" src=\"https:\/\/wordpress.nibis.de\/gshes\/files\/2025\/03\/Bildschirmfoto-2025-03-23-um-13.04.03.png\" alt=\"\"\/><\/p>\n<p style=\"font-weight: 400\">Wichtiger Hinweis:<\/p>\n<p style=\"font-weight: 400\">Antr\u00e4ge f\u00fcr das neue Schuljahr 2025\/2026 m\u00fcssen bei dem Punkt \u201eDer Sch\u00fcler\/die Sch\u00fclerin nutzt die \u00f6ffentlichen Verkehrsmittel ab dem Datum\u201c zwingend <strong>ab den <u>01.08.2025<\/u> ausw\u00e4hlen.<\/strong><\/p>\n<p style=\"font-weight: 400\"><strong>&nbsp;<\/strong><strong>Ansonsten wird kein Jugendticket f\u00fcr das Schuljahr 2025\/2026 erstellt.<\/strong><\/p>\n<p style=\"font-weight: 400\"><u>Hier zur Hilfe ein Schaubild.<\/u><\/p>\n<p><img decoding=\"async\" src=\"https:\/\/wordpress.nibis.de\/gshes\/files\/2025\/03\/Bildschirmfoto-2025-03-23-um-13.05.59.png\" alt=\"\"\/><\/p>\n\n\n\n\n\n\n\n<p>&nbsp;&nbsp;<\/p>\n\n\n\n<p>\u00a0<\/p>\n<h2>\u00a0<\/h2>\n\n\n\n<p class=\"has-text-align-center\">&nbsp;<\/p>\n","protected":false},"excerpt":{"rendered":"<p>Liebe Eltern, bitte beachten Sie unbedingt, dass am Montag, den 13.4.26 und Dienstag, den 14.4.26 der Ganztag aufgrund einer schulinternen Veranstaltung zur Einschulung bereits f\u00fcr ALLE um 12:45 Uhr endet. Es gibt KEIN Mittagessen.&nbsp; Ausnahmen: Hort-Kinder Taxi-Kinder Notbetreuungs-Kinder&nbsp; &nbsp; &nbsp; &hellip; <a href=\"https:\/\/wordpress.nibis.de\/gshes\/\">Weiterlesen <span class=\"meta-nav\">&rarr;<\/span><\/a><\/p>\n","protected":false},"author":1392,"featured_media":0,"parent":0,"menu_order":0,"comment_status":"closed","ping_status":"closed","template":"","meta":{"footnotes":""},"class_list":["post-849","page","type-page","status-publish","hentry"],"_links":{"self":[{"href":"https:\/\/wordpress.nibis.de\/gshes\/wp-json\/wp\/v2\/pages\/849","targetHints":{"allow":["GET"]}}],"collection":[{"href":"https:\/\/wordpress.nibis.de\/gshes\/wp-json\/wp\/v2\/pages"}],"about":[{"href":"https:\/\/wordpress.nibis.de\/gshes\/wp-json\/wp\/v2\/types\/page"}],"author":[{"embeddable":true,"href":"https:\/\/wordpress.nibis.de\/gshes\/wp-json\/wp\/v2\/users\/1392"}],"replies":[{"embeddable":true,"href":"https:\/\/wordpress.nibis.de\/gshes\/wp-json\/wp\/v2\/comments?post=849"}],"version-history":[{"count":1097,"href":"https:\/\/wordpress.nibis.de\/gshes\/wp-json\/wp\/v2\/pages\/849\/revisions"}],"predecessor-version":[{"id":5559,"href":"https:\/\/wordpress.nibis.de\/gshes\/wp-json\/wp\/v2\/pages\/849\/revisions\/5559"}],"wp:attachment":[{"href":"https:\/\/wordpress.nibis.de\/gshes\/wp-json\/wp\/v2\/media?parent=849"}],"curies":[{"name":"wp","href":"https:\/\/api.w.org\/{rel}","templated":true}]}}