{"id":1146,"date":"2022-08-15T10:49:27","date_gmt":"2022-08-15T08:49:27","guid":{"rendered":"https:\/\/wordpress.nibis.de\/gshimmel\/?page_id=1146"},"modified":"2022-08-15T10:49:27","modified_gmt":"2022-08-15T08:49:27","slug":"schulbustransport","status":"publish","type":"page","link":"https:\/\/wordpress.nibis.de\/gshimmel\/informationen-zur-schule\/schulbustransport\/","title":{"rendered":"Schulbustransport"},"content":{"rendered":"\n<p>Der Schulbus verkehrt t\u00e4glich aus und in die Nordstadt zu den folgenden Zeiten. Einen Download von Zeiten und Lageplan gibt es <a href=\"https:\/\/wordpress.nibis.de\/gshimmel\/downloads\/\">HIER<\/a>. <\/p>\n\n\n\n<p>(Information von Stadt Hildesheim, Bereich Schule und Sport vom 14.07.2022)<\/p>\n\n\n\n<p><br>Fahrplan im Schuljahr 2022\/23<br><\/p>\n\n\n\n<p>Hinfahrt:<br>Uhrzeit Haltestelle (des SVHI)<br>07.35 Lavesstra\u00dfe<br>07.38 Steuerwalder Stra\u00dfe \/ Ecke Richthofenstra\u00dfe *)<br>07.39 Steuerwalder Stra\u00dfe \/ Ecke Leunisstra\u00dfe *)<br>07.50 GS Himmelsth\u00fcr<br>*) stadteinw\u00e4rts auf der rechten Stra\u00dfenseite der Steuerwalder Stra\u00dfe<br><\/p>\n\n\n\n<p>R\u00fcckfahrt 1:<br>Uhrzeit Haltestelle (des SVHI)<br>13.10 GS Himmelsth\u00fcr<br>13.20 Steuerwalder Stra\u00dfe \/ Ecke Leunisstra\u00dfe *)<br>13.21 Steuerwalder Stra\u00dfe \/ Ecke Richthofensta\u00dfe *)<br>13.25 Lavesstra\u00dfe<br>*) stadteinw\u00e4rts auf der linken Stra\u00dfenseite der Steuerwalder Stra\u00dfe<br><\/p>\n\n\n\n<p>R\u00fcckfahrt 2:<br>Uhrzeit Haltestelle (des SVHI)<br>15.55 GS Himmelsth\u00fcr<br>16.05 Steuerwalder Stra\u00dfe \/ Ecke Leunisstra\u00dfe *)<br>16.06 Steuerwalder Stra\u00dfe \/ Ecke Richthofensta\u00dfe *)<br>16.10 Lavesstra\u00dfe<br>*) stadteinw\u00e4rts auf der linken Stra\u00dfenseite der Steuerwalder Stra\u00dfe<\/p>\n\n\n\n<figure class=\"wp-block-image size-large\"><img loading=\"lazy\" decoding=\"async\" width=\"724\" height=\"1024\" src=\"https:\/\/wordpress.nibis.de\/gshimmel\/files\/2022\/08\/Haltestellen-724x1024.jpg\" alt=\"\" class=\"wp-image-1147\" srcset=\"https:\/\/wordpress.nibis.de\/gshimmel\/files\/2022\/08\/Haltestellen-724x1024.jpg 724w, https:\/\/wordpress.nibis.de\/gshimmel\/files\/2022\/08\/Haltestellen-212x300.jpg 212w, https:\/\/wordpress.nibis.de\/gshimmel\/files\/2022\/08\/Haltestellen-768x1086.jpg 768w, https:\/\/wordpress.nibis.de\/gshimmel\/files\/2022\/08\/Haltestellen-1086x1536.jpg 1086w, https:\/\/wordpress.nibis.de\/gshimmel\/files\/2022\/08\/Haltestellen-1448x2048.jpg 1448w, https:\/\/wordpress.nibis.de\/gshimmel\/files\/2022\/08\/Haltestellen-scaled.jpg 1810w\" sizes=\"auto, (max-width: 724px) 100vw, 724px\" \/><\/figure>\n\n\n\n<p><\/p>\n","protected":false},"excerpt":{"rendered":"<p>Der Schulbus verkehrt t\u00e4glich aus und in die Nordstadt zu den folgenden Zeiten. Einen Download von Zeiten und Lageplan gibt es HIER. (Information von Stadt Hildesheim, Bereich Schule und Sport vom 14.07.2022) Fahrplan im Schuljahr 2022\/23 Hinfahrt:Uhrzeit Haltestelle (des SVHI)07.35 Lavesstra\u00dfe07.38 Steuerwalder Stra\u00dfe \/ Ecke Richthofenstra\u00dfe *)07.39 Steuerwalder Stra\u00dfe \/ Ecke Leunisstra\u00dfe *)07.50 GS Himmelsth\u00fcr*) [&hellip;]<\/p>\n","protected":false},"author":9193299,"featured_media":0,"parent":18,"menu_order":0,"comment_status":"closed","ping_status":"closed","template":"","meta":{"footnotes":""},"class_list":["post-1146","page","type-page","status-publish","hentry"],"_links":{"self":[{"href":"https:\/\/wordpress.nibis.de\/gshimmel\/wp-json\/wp\/v2\/pages\/1146","targetHints":{"allow":["GET"]}}],"collection":[{"href":"https:\/\/wordpress.nibis.de\/gshimmel\/wp-json\/wp\/v2\/pages"}],"about":[{"href":"https:\/\/wordpress.nibis.de\/gshimmel\/wp-json\/wp\/v2\/types\/page"}],"author":[{"embeddable":true,"href":"https:\/\/wordpress.nibis.de\/gshimmel\/wp-json\/wp\/v2\/users\/9193299"}],"replies":[{"embeddable":true,"href":"https:\/\/wordpress.nibis.de\/gshimmel\/wp-json\/wp\/v2\/comments?post=1146"}],"version-history":[{"count":2,"href":"https:\/\/wordpress.nibis.de\/gshimmel\/wp-json\/wp\/v2\/pages\/1146\/revisions"}],"predecessor-version":[{"id":1149,"href":"https:\/\/wordpress.nibis.de\/gshimmel\/wp-json\/wp\/v2\/pages\/1146\/revisions\/1149"}],"up":[{"embeddable":true,"href":"https:\/\/wordpress.nibis.de\/gshimmel\/wp-json\/wp\/v2\/pages\/18"}],"wp:attachment":[{"href":"https:\/\/wordpress.nibis.de\/gshimmel\/wp-json\/wp\/v2\/media?parent=1146"}],"curies":[{"name":"wp","href":"https:\/\/api.w.org\/{rel}","templated":true}]}}