{"id":1158,"date":"2022-08-15T11:07:23","date_gmt":"2022-08-15T09:07:23","guid":{"rendered":"https:\/\/wordpress.nibis.de\/gshimmel\/?page_id=1158"},"modified":"2022-08-15T11:10:23","modified_gmt":"2022-08-15T09:10:23","slug":"iserv","status":"publish","type":"page","link":"https:\/\/wordpress.nibis.de\/gshimmel\/iserv\/","title":{"rendered":"ISERV"},"content":{"rendered":"\n<p>Die Grundschule Himmelsth\u00fcr nutzt das Programm IServ f\u00fcr Kommunikation unter Kolleg*innen, mit Eltern und Sch\u00fcler*innen. Die Domain ist &#8222;gs-himmel.de&#8220;. Benutzername und Kennwort haben Sie von der Schule erhalten. Falls Sie dieses verloren haben sollten, senden Sie bitte eine Mail an adming&#114;&#117;&#112;&#112;&#101;&#64;&#103;&#x73;&#x2d;&#x68;&#x69;&#x6d;&#x6d;&#x65;&#x6c;&#x2e;&#x64;&#x65;.<\/p>\n\n\n\n<p><\/p>\n\n\n\n<p>Durch das Klicken auf den Button unten verlassen Sie die Website der Grundschule und loggen sich in das IServ der Schule ein.<\/p>\n\n\n\n<p class=\"has-text-align-center has-x-large-font-size\"><a href=\"https:\/\/gs-himmel.de\/\">Einloggen in ISERV<\/a> <\/p>\n","protected":false},"excerpt":{"rendered":"<p>Die Grundschule Himmelsth\u00fcr nutzt das Programm IServ f\u00fcr Kommunikation unter Kolleg*innen, mit Eltern und Sch\u00fcler*innen. Die Domain ist &#8222;gs-himmel.de&#8220;. Benutzername und Kennwort haben Sie von der Schule erhalten. Falls Sie dieses verloren haben sollten, senden Sie bitte eine Mail an &#x61;&#x64;&#x6d;&#105;&#110;&#103;ru&#x70;&#x70;&#x65;&#x40;&#103;&#115;-h&#x69;&#x6d;&#x6d;&#x65;&#108;&#46;de. Durch das Klicken auf den Button unten verlassen Sie die Website der Grundschule und [&hellip;]<\/p>\n","protected":false},"author":9193299,"featured_media":0,"parent":0,"menu_order":0,"comment_status":"closed","ping_status":"closed","template":"","meta":{"footnotes":""},"class_list":["post-1158","page","type-page","status-publish","hentry"],"_links":{"self":[{"href":"https:\/\/wordpress.nibis.de\/gshimmel\/wp-json\/wp\/v2\/pages\/1158","targetHints":{"allow":["GET"]}}],"collection":[{"href":"https:\/\/wordpress.nibis.de\/gshimmel\/wp-json\/wp\/v2\/pages"}],"about":[{"href":"https:\/\/wordpress.nibis.de\/gshimmel\/wp-json\/wp\/v2\/types\/page"}],"author":[{"embeddable":true,"href":"https:\/\/wordpress.nibis.de\/gshimmel\/wp-json\/wp\/v2\/users\/9193299"}],"replies":[{"embeddable":true,"href":"https:\/\/wordpress.nibis.de\/gshimmel\/wp-json\/wp\/v2\/comments?post=1158"}],"version-history":[{"count":2,"href":"https:\/\/wordpress.nibis.de\/gshimmel\/wp-json\/wp\/v2\/pages\/1158\/revisions"}],"predecessor-version":[{"id":1161,"href":"https:\/\/wordpress.nibis.de\/gshimmel\/wp-json\/wp\/v2\/pages\/1158\/revisions\/1161"}],"wp:attachment":[{"href":"https:\/\/wordpress.nibis.de\/gshimmel\/wp-json\/wp\/v2\/media?parent=1158"}],"curies":[{"name":"wp","href":"https:\/\/api.w.org\/{rel}","templated":true}]}}