{"id":1274,"date":"2022-11-21T14:52:27","date_gmt":"2022-11-21T13:52:27","guid":{"rendered":"https:\/\/wordpress.nibis.de\/gshimmel\/?page_id=1274"},"modified":"2022-11-21T15:11:21","modified_gmt":"2022-11-21T14:11:21","slug":"ganztagsangebote-2022-2023","status":"publish","type":"page","link":"https:\/\/wordpress.nibis.de\/gshimmel\/ganztag\/ganztagsangebote-2022-2023\/","title":{"rendered":"Ganztagsangebote 2022.2023"},"content":{"rendered":"\n<p>Im Schuljahr 2022.2023 finden unsere Ganztagsangebote endlich wieder jahrgangsgemischt statt! Alle Angebote sind von Klasse 1-4 anw\u00e4hlbar. Gew\u00e4hlt wird immer nur durch die Kinder, nicht durch die Eltern! Die Angebote k\u00f6nnen sich zum Halbjahr jeweils \u00e4ndern, die mit ** markierten Angebote sind allerdings i.d.R. immer an den genannten Tagen. Bitte beachten Sie, dass im Vertretungsfall auch Angebote zusammen gelegt werden. Die Betreuung der Kinder wird hierdurch sicher gestellt. Nur bei abweichendem Veranstaltungsort erfolgt hierzu eine gesonderte Elterninformation!<\/p>\n\n\n\n<p><\/p>\n\n\n\n<p><strong>Montag AG <\/strong><\/p>\n\n\n\n<p>Wandgestaltung (Kooperation mit Volkshochschule Hildesheim)<\/p>\n\n\n\n<p>Gestalten in Papier (Kooperation mit Go20 Nord)<\/p>\n\n\n\n<p>Gitarre (Kooperation mit Musikschule Hildesheim)<\/p>\n\n\n\n<p>Gesellschaftsspiele <\/p>\n\n\n\n<p>**Schwimmen (endet an der Schwimmhalle Himmelsth\u00fcr)<\/p>\n\n\n\n<p><\/p>\n\n\n\n<p><strong>Dienstag AG <\/strong><\/p>\n\n\n\n<p>**Luftaktobatik (Kooperation mit Ars Saltandi, endet dort um 16:00 Uhr) <\/p>\n\n\n\n<p>Spiele basteln <\/p>\n\n\n\n<p>Bewegte Kinder <\/p>\n\n\n\n<p>Gruppenspiele (Kooperation mit Go20 Nord)<\/p>\n\n\n\n<p><\/p>\n\n\n\n<p><strong>Donnerstag AG <\/strong><\/p>\n\n\n\n<p>Kreatives Gestalten (Kooperation mit Go20 Nord)<\/p>\n\n\n\n<p>Textil Kreativ <\/p>\n\n\n\n<p>**Turnen <\/p>\n\n\n\n<p>wildes Naturhandwerk <\/p>\n","protected":false},"excerpt":{"rendered":"<p>Im Schuljahr 2022.2023 finden unsere Ganztagsangebote endlich wieder jahrgangsgemischt statt! Alle Angebote sind von Klasse 1-4 anw\u00e4hlbar. Gew\u00e4hlt wird immer nur durch die Kinder, nicht durch die Eltern! Die Angebote k\u00f6nnen sich zum Halbjahr jeweils \u00e4ndern, die mit ** markierten Angebote sind allerdings i.d.R. immer an den genannten Tagen. Bitte beachten Sie, dass im Vertretungsfall [&hellip;]<\/p>\n","protected":false},"author":9193299,"featured_media":0,"parent":661,"menu_order":0,"comment_status":"closed","ping_status":"closed","template":"","meta":{"footnotes":""},"class_list":["post-1274","page","type-page","status-publish","hentry"],"_links":{"self":[{"href":"https:\/\/wordpress.nibis.de\/gshimmel\/wp-json\/wp\/v2\/pages\/1274","targetHints":{"allow":["GET"]}}],"collection":[{"href":"https:\/\/wordpress.nibis.de\/gshimmel\/wp-json\/wp\/v2\/pages"}],"about":[{"href":"https:\/\/wordpress.nibis.de\/gshimmel\/wp-json\/wp\/v2\/types\/page"}],"author":[{"embeddable":true,"href":"https:\/\/wordpress.nibis.de\/gshimmel\/wp-json\/wp\/v2\/users\/9193299"}],"replies":[{"embeddable":true,"href":"https:\/\/wordpress.nibis.de\/gshimmel\/wp-json\/wp\/v2\/comments?post=1274"}],"version-history":[{"count":4,"href":"https:\/\/wordpress.nibis.de\/gshimmel\/wp-json\/wp\/v2\/pages\/1274\/revisions"}],"predecessor-version":[{"id":1281,"href":"https:\/\/wordpress.nibis.de\/gshimmel\/wp-json\/wp\/v2\/pages\/1274\/revisions\/1281"}],"up":[{"embeddable":true,"href":"https:\/\/wordpress.nibis.de\/gshimmel\/wp-json\/wp\/v2\/pages\/661"}],"wp:attachment":[{"href":"https:\/\/wordpress.nibis.de\/gshimmel\/wp-json\/wp\/v2\/media?parent=1274"}],"curies":[{"name":"wp","href":"https:\/\/api.w.org\/{rel}","templated":true}]}}