{"id":13,"date":"2019-11-14T15:08:29","date_gmt":"2019-11-14T14:08:29","guid":{"rendered":"https:\/\/wordpress.nibis.de\/gshimmel\/?page_id=13"},"modified":"2020-04-21T09:06:04","modified_gmt":"2020-04-21T07:06:04","slug":"impressum","status":"publish","type":"page","link":"https:\/\/wordpress.nibis.de\/gshimmel\/impressum\/","title":{"rendered":"Datenschutz und Impressum"},"content":{"rendered":"\n<div>\n<p>Grundschule Himmelsth\u00fcr<br>Danziger Stra\u00dfe 40<br>31137 Hildesheim<br><br>Schulleitung: C.W.Freche<\/p>\n<p>Verantwortlich f\u00fcr Homepage: C.W.Freche<br><br>Telefon: 05121-3017750<br>Telefax: 05121-3017751<br>E-Mail: <span id=\"cloak557a4f93c09de2192f67ce077c1bfd07\"><a href=\"&#109;a&#x69;l&#x74;&#111;&#x3a;&#103;&#x73;&#45;h&#x69;m&#x6d;&#101;&#x6c;&#115;&#x74;&#104;&#x75;&#101;r&#x40;s&#x63;&#104;&#x75;&#108;&#x65;&#110;-&#x68;i&#x6c;&#100;&#x65;&#115;&#x68;&#101;&#x69;&#109;&#46;&#x64;e\">g&#115;&#45;&#x68;&#x69;&#x6d;me&#108;&#115;&#x74;&#x68;&#x75;e&#114;&#64;&#115;&#x63;&#x68;&#x75;l&#101;&#110;&#x2d;&#x68;&#x69;ld&#101;&#115;&#x68;&#x65;&#x69;m&#46;&#100;&#101;<\/a><\/span>&nbsp;<\/p>\n<p><span style=\"float: none;background-color: #ffffff;color: #000000;font-family: 'Open Sans',sans-serif;font-size: 14px;font-style: normal;font-variant: normal;font-weight: 300;letter-spacing: normal;text-align: left;text-decoration: none;text-indent: 0px;text-transform: none\">Ausf\u00fchrliche Informationen zum Datenschutz finden sich <a href=\"https:\/\/wordpress.nibis.de\/gshimmel\/impressum\/datenschutzerklaerung\/\">HIER<\/a>.&nbsp;<\/span><\/p>\n<\/div>\n","protected":false},"excerpt":{"rendered":"<p>Grundschule Himmelsth\u00fcrDanziger Stra\u00dfe 4031137 Hildesheim Schulleitung: C.W.Freche Verantwortlich f\u00fcr Homepage: C.W.Freche Telefon: 05121-3017750Telefax: 05121-3017751E-Mail: &#103;&#x73;&#45;&#x68;i&#x6d;m&#101;&#x6c;&#115;&#x74;h&#x75;e&#114;&#x40;&#115;&#x63;h&#x75;l&#101;&#x6e;&#45;&#x68;i&#x6c;d&#101;&#x73;&#104;&#x65;i&#x6d;&#46;&#100;&#x65;&nbsp; Ausf\u00fchrliche Informationen zum Datenschutz finden sich HIER.&nbsp;<\/p>\n","protected":false},"author":9193299,"featured_media":0,"parent":0,"menu_order":0,"comment_status":"closed","ping_status":"closed","template":"","meta":{"footnotes":""},"class_list":["post-13","page","type-page","status-publish","hentry"],"_links":{"self":[{"href":"https:\/\/wordpress.nibis.de\/gshimmel\/wp-json\/wp\/v2\/pages\/13","targetHints":{"allow":["GET"]}}],"collection":[{"href":"https:\/\/wordpress.nibis.de\/gshimmel\/wp-json\/wp\/v2\/pages"}],"about":[{"href":"https:\/\/wordpress.nibis.de\/gshimmel\/wp-json\/wp\/v2\/types\/page"}],"author":[{"embeddable":true,"href":"https:\/\/wordpress.nibis.de\/gshimmel\/wp-json\/wp\/v2\/users\/9193299"}],"replies":[{"embeddable":true,"href":"https:\/\/wordpress.nibis.de\/gshimmel\/wp-json\/wp\/v2\/comments?post=13"}],"version-history":[{"count":4,"href":"https:\/\/wordpress.nibis.de\/gshimmel\/wp-json\/wp\/v2\/pages\/13\/revisions"}],"predecessor-version":[{"id":537,"href":"https:\/\/wordpress.nibis.de\/gshimmel\/wp-json\/wp\/v2\/pages\/13\/revisions\/537"}],"wp:attachment":[{"href":"https:\/\/wordpress.nibis.de\/gshimmel\/wp-json\/wp\/v2\/media?parent=13"}],"curies":[{"name":"wp","href":"https:\/\/api.w.org\/{rel}","templated":true}]}}