{"id":1563,"date":"2025-05-19T08:29:35","date_gmt":"2025-05-19T06:29:35","guid":{"rendered":"https:\/\/wordpress.nibis.de\/gshimmel\/?page_id=1563"},"modified":"2025-05-19T08:32:05","modified_gmt":"2025-05-19T06:32:05","slug":"schulleitung","status":"publish","type":"page","link":"https:\/\/wordpress.nibis.de\/gshimmel\/informationen-zur-schule\/schulleitung\/","title":{"rendered":"Schulleitung"},"content":{"rendered":"\n<p>Rektor:     Constantin W. Freche<\/p>\n\n\n\n<p>Telefon:    05121 301 7750<\/p>\n\n\n\n<p>Email:       &#x67;&#x73;&#x2d;&#104;&#105;mm&#x65;&#x6c;&#x73;&#x74;&#104;&#117;er&#x40;&#x73;&#x63;&#104;&#117;&#108;en&#x2d;&#x68;&#x69;&#108;&#100;es&#x68;&#x65;&#x69;&#x6d;&#46;&#100;e<\/p>\n\n\n\n<p><\/p>\n\n\n\n<p>Moin!<\/p>\n\n\n\n<p>Mein Name ist Constantin Wilhelm Freche, ich leite die Grundschule Himmelsth\u00fcr seit dem 01.08.2019. Als Vater dreier Kinder sehe ich das Kindeswohl als zentral f\u00fcr unsere p\u00e4dagogische Arbeit an der Grundschule an.  Hinzu kommen eine demokratische und p\u00e4dagogische Haltung sowie Freude am Lebensraum Schule und der Arbeit mit Kindern und anderen Menschen.<\/p>\n\n\n\n<p>Wenn Sie einen Termin vereinbaren m\u00f6chten, wenden Sie sich bitte unter Angabe des Grundes an die oben genannte Email. Bitte beachten Sie, dass aufgrund von Unterricht und der Sekretariatszeiten die telefonische Erreichbarkeit nicht immer gegeben ist. Gerne k\u00f6nnen Sie aber eine Nachricht auf dem Anrufbeantworter hinterlassen, dieser wird regelm\u00e4\u00dfig abgeh\u00f6rt.<\/p>\n\n\n\n<p><\/p>\n","protected":false},"excerpt":{"rendered":"<p>Rektor: Constantin W. Freche Telefon: 05121 301 7750 Email: &#x67;&#x73;&#x2d;&#x68;&#x69;&#x6d;&#x6d;&#x65;&#x6c;&#x73;&#x74;&#x68;&#x75;&#x65;&#x72;&#x40;&#x73;&#x63;&#x68;&#x75;&#x6c;&#x65;&#110;&#45;&#104;&#105;&#108;&#100;&#101;&#115;&#104;&#101;&#105;&#109;&#46;&#100;&#101; Moin! Mein Name ist Constantin Wilhelm Freche, ich leite die Grundschule Himmelsth\u00fcr seit dem 01.08.2019. Als Vater dreier Kinder sehe ich das Kindeswohl als zentral f\u00fcr unsere p\u00e4dagogische Arbeit an der Grundschule an. Hinzu kommen eine demokratische und p\u00e4dagogische Haltung sowie Freude am Lebensraum Schule [&hellip;]<\/p>\n","protected":false},"author":9193299,"featured_media":0,"parent":18,"menu_order":0,"comment_status":"closed","ping_status":"closed","template":"","meta":{"footnotes":""},"class_list":["post-1563","page","type-page","status-publish","hentry"],"_links":{"self":[{"href":"https:\/\/wordpress.nibis.de\/gshimmel\/wp-json\/wp\/v2\/pages\/1563","targetHints":{"allow":["GET"]}}],"collection":[{"href":"https:\/\/wordpress.nibis.de\/gshimmel\/wp-json\/wp\/v2\/pages"}],"about":[{"href":"https:\/\/wordpress.nibis.de\/gshimmel\/wp-json\/wp\/v2\/types\/page"}],"author":[{"embeddable":true,"href":"https:\/\/wordpress.nibis.de\/gshimmel\/wp-json\/wp\/v2\/users\/9193299"}],"replies":[{"embeddable":true,"href":"https:\/\/wordpress.nibis.de\/gshimmel\/wp-json\/wp\/v2\/comments?post=1563"}],"version-history":[{"count":3,"href":"https:\/\/wordpress.nibis.de\/gshimmel\/wp-json\/wp\/v2\/pages\/1563\/revisions"}],"predecessor-version":[{"id":1567,"href":"https:\/\/wordpress.nibis.de\/gshimmel\/wp-json\/wp\/v2\/pages\/1563\/revisions\/1567"}],"up":[{"embeddable":true,"href":"https:\/\/wordpress.nibis.de\/gshimmel\/wp-json\/wp\/v2\/pages\/18"}],"wp:attachment":[{"href":"https:\/\/wordpress.nibis.de\/gshimmel\/wp-json\/wp\/v2\/media?parent=1563"}],"curies":[{"name":"wp","href":"https:\/\/api.w.org\/{rel}","templated":true}]}}