{"id":1597,"date":"2025-09-18T11:34:19","date_gmt":"2025-09-18T09:34:19","guid":{"rendered":"https:\/\/wordpress.nibis.de\/gshimmel\/?page_id=1597"},"modified":"2025-09-30T13:11:01","modified_gmt":"2025-09-30T11:11:01","slug":"schulsozialarbeit-an-der-grundschule-himmelsthuer","status":"publish","type":"page","link":"https:\/\/wordpress.nibis.de\/gshimmel\/informationen-zur-schule\/schulsozialarbeit-an-der-grundschule-himmelsthuer\/","title":{"rendered":"Schulsozialarbeit an der Grundschule Himmelsth\u00fcr"},"content":{"rendered":"\n<p>Ich bin <strong>Frau Sinner <\/strong>und seit August 2025 als Sozialarbeiterin an der Grundschule Himmelsth\u00fcr t\u00e4tig. Ich bin Ansprechpartnerin f\u00fcr alle Kinder, sowie Eltern und Lehrkr\u00e4ften bei Fragen zu pers\u00f6nlichen, schulischen und sozialen Themen.<\/p>\n\n\n\n<p>Die Angebote der Schulsozialarbeit sind freiwillig und vertraulich (Schweigepflicht) \u2013 Gespr\u00e4chsinhalte werden nicht an Dritte (z.B. Mitsch\u00fclerinnen oder Mitsch\u00fcler, Eltern, Lehrkr\u00e4fte) weitergegeben.<\/p>\n\n\n\n<p><strong>Sie als Eltern k\u00f6nnen mich gerne ansprechen,<\/strong><\/p>\n\n\n\n<ul class=\"wp-block-list\"><li>wenn Sie sich Sorgen um Ihr Kind machen.<\/li><li>wenn Sie auf der Suche nach Hilfe und Unterst\u00fctzung sind.<\/li><li>wenn Sie Fragen zu schulischen Themen oder Erziehungsthemen haben.<\/li><\/ul>\n\n\n\n<p><strong>Du als Schulkind kannst mich gerne ansprechen,<\/strong><\/p>\n\n\n\n<ul class=\"wp-block-list\"><li>wenn du Probleme mit anderen Schulkindern hast.<\/li><li>wenn du dich in der Schule oder zu Hause nicht wohlf\u00fchlst.<\/li><li>wenn du eine erwachsene Person zum Reden brauchst.<\/li><\/ul>\n\n\n\n<p><strong>Zu meinen T\u00e4tigkeiten geh\u00f6ren:<\/strong><\/p>\n\n\n\n<p>&#8211; Beratung<\/p>\n\n\n\n<p>&#8211; Einzelfall- und Gruppenarbeit<\/p>\n\n\n\n<p>&#8211; Konfliktmanagement<\/p>\n\n\n\n<p>&#8211; Pr\u00e4ventions- und Projektarbeit<\/p>\n\n\n\n<p>&#8211; Durchf\u00fchrung von Arbeitsgemeinschaften im Ganztag<\/p>\n\n\n\n<p>&#8211; Streitschlichter*innenausbildung<\/p>\n\n\n\n<p>&#8211; Krisenintervention<\/p>\n\n\n\n<p>&#8211; Zusammenarbeit mit au\u00dferschulischen Kooperationspartnern<\/p>\n\n\n\n<p><strong>Anwesenheit und Erreichbarkeit:<\/strong><\/p>\n\n\n\n<p>Montag:&nbsp;&nbsp; 8:00 \u2013 15:45<\/p>\n\n\n\n<p>Dienstag: 8:00 \u2013 15:45<\/p>\n\n\n\n<p>Mittwoch: 8:00 \u2013 13:40<\/p>\n\n\n\n<p><strong>\ud83d\udd82<\/strong><strong> &nbsp;&#110;i&#x6e;a&#x2e;s&#x69;n&#x6e;e&#x72;&#64;&#x67;&#115;&#x2d;&#104;&#x69;&#109;&#x6d;&#101;&#x6c;&#46;&#x64;&#101;<\/strong><\/p>\n\n\n\n<p><strong>\u260e<\/strong><strong>\u00a0\u00a0 05121 301 7755<\/strong><\/p>\n\n\n\n<p>Erreichbar bin ich im Raum der Schulsozialarbeit in <strong>E10<\/strong> oder <strong>E18<\/strong>.<\/p>\n","protected":false},"excerpt":{"rendered":"<p>Ich bin Frau Sinner und seit August 2025 als Sozialarbeiterin an der Grundschule Himmelsth\u00fcr t\u00e4tig. Ich bin Ansprechpartnerin f\u00fcr alle Kinder, sowie Eltern und Lehrkr\u00e4ften bei Fragen zu pers\u00f6nlichen, schulischen und sozialen Themen. Die Angebote der Schulsozialarbeit sind freiwillig und vertraulich (Schweigepflicht) \u2013 Gespr\u00e4chsinhalte werden nicht an Dritte (z.B. Mitsch\u00fclerinnen oder Mitsch\u00fcler, Eltern, Lehrkr\u00e4fte) weitergegeben. [&hellip;]<\/p>\n","protected":false},"author":9193299,"featured_media":0,"parent":18,"menu_order":0,"comment_status":"closed","ping_status":"closed","template":"","meta":{"footnotes":""},"class_list":["post-1597","page","type-page","status-publish","hentry"],"_links":{"self":[{"href":"https:\/\/wordpress.nibis.de\/gshimmel\/wp-json\/wp\/v2\/pages\/1597","targetHints":{"allow":["GET"]}}],"collection":[{"href":"https:\/\/wordpress.nibis.de\/gshimmel\/wp-json\/wp\/v2\/pages"}],"about":[{"href":"https:\/\/wordpress.nibis.de\/gshimmel\/wp-json\/wp\/v2\/types\/page"}],"author":[{"embeddable":true,"href":"https:\/\/wordpress.nibis.de\/gshimmel\/wp-json\/wp\/v2\/users\/9193299"}],"replies":[{"embeddable":true,"href":"https:\/\/wordpress.nibis.de\/gshimmel\/wp-json\/wp\/v2\/comments?post=1597"}],"version-history":[{"count":2,"href":"https:\/\/wordpress.nibis.de\/gshimmel\/wp-json\/wp\/v2\/pages\/1597\/revisions"}],"predecessor-version":[{"id":1601,"href":"https:\/\/wordpress.nibis.de\/gshimmel\/wp-json\/wp\/v2\/pages\/1597\/revisions\/1601"}],"up":[{"embeddable":true,"href":"https:\/\/wordpress.nibis.de\/gshimmel\/wp-json\/wp\/v2\/pages\/18"}],"wp:attachment":[{"href":"https:\/\/wordpress.nibis.de\/gshimmel\/wp-json\/wp\/v2\/media?parent=1597"}],"curies":[{"name":"wp","href":"https:\/\/api.w.org\/{rel}","templated":true}]}}