{"id":1685,"date":"2026-01-07T09:37:11","date_gmt":"2026-01-07T08:37:11","guid":{"rendered":"https:\/\/wordpress.nibis.de\/gshimmel\/?page_id=1685"},"modified":"2026-01-07T09:37:11","modified_gmt":"2026-01-07T08:37:11","slug":"schulhuendin-frida","status":"publish","type":"page","link":"https:\/\/wordpress.nibis.de\/gshimmel\/informationen-zur-schule\/schulhuendin-frida\/","title":{"rendered":"Schulh\u00fcndin Frida"},"content":{"rendered":"<div class=\"wp-block-image\">\n<figure class=\"alignleft size-large is-resized\"><img loading=\"lazy\" decoding=\"async\" width=\"614\" height=\"1024\" src=\"https:\/\/wordpress.nibis.de\/gshimmel\/files\/2026\/01\/Bild-Frida-Internetseite-614x1024.jpeg\" alt=\"\" class=\"wp-image-1686\" style=\"aspect-ratio:0.5996165243158446;width:313px;height:auto\" srcset=\"https:\/\/wordpress.nibis.de\/gshimmel\/files\/2026\/01\/Bild-Frida-Internetseite-614x1024.jpeg 614w, https:\/\/wordpress.nibis.de\/gshimmel\/files\/2026\/01\/Bild-Frida-Internetseite-180x300.jpeg 180w, https:\/\/wordpress.nibis.de\/gshimmel\/files\/2026\/01\/Bild-Frida-Internetseite-768x1280.jpeg 768w, https:\/\/wordpress.nibis.de\/gshimmel\/files\/2026\/01\/Bild-Frida-Internetseite-100x167.jpeg 100w, https:\/\/wordpress.nibis.de\/gshimmel\/files\/2026\/01\/Bild-Frida-Internetseite-922x1536.jpeg 922w, https:\/\/wordpress.nibis.de\/gshimmel\/files\/2026\/01\/Bild-Frida-Internetseite-1229x2048.jpeg 1229w, https:\/\/wordpress.nibis.de\/gshimmel\/files\/2026\/01\/Bild-Frida-Internetseite-scaled.jpeg 1536w\" sizes=\"auto, (max-width: 614px) 100vw, 614px\" \/><\/figure>\n<\/div>\n\n\n<p>Seit Oktober 2025 bereichert ein besonderes Mitglied das Team der Grundschule Himmelsth\u00fcr: die Labradorh\u00fcndin Frida. Sie ist fester Bestandteil unseres Schullebens und unterst\u00fctzt die Schule in vielf\u00e4ltiger Weise.<br>Frida wurde im Jahr 2021 geboren. Sie zeichnet sich durch ihre gutm\u00fctige und freundliche Natur aus und ist darin geschult, auch in stressigen Situationen ruhig und gelassen zu bleiben. Gemeinsam mit Frau Sinner hat sie eine spezielle Ausbildung zum p\u00e4dagogischen Begleithund-Team absolviert. Frida erf\u00fcllt alle Voraussetzungen, um eine positive und unterst\u00fctzende Pr\u00e4senz in unserer Schule zu sein.<br>Was macht ein Schulhund?<\/p>\n\n\n\n<p>Schulhunde wie Frida haben nachweislich positive Effekte auf das Lernumfeld. Sie tragen zur Entspannung bei, f\u00f6rdern soziale Interaktionen und schaffen eine angenehme Lernatmosph\u00e4re. Im Rahmen der Schulsozialarbeit ist Frida regelm\u00e4\u00dfig pr\u00e4sent, unterst\u00fctzt Sozialtrainings sowie die Hunde-AG und hilft Sch\u00fclerinnen und Sch\u00fclern, Stress abzubauen und ein Gef\u00fchl von Ruhe zu erleben.<br>Umgang mit Frida<\/p>\n\n\n\n<p>Frida wird stets von Frau Sinner (Schulsozialarbeit) begleitet. Sie sollte nur nach Erlaubnis gestreichelt werden und nur dann, wenn sie das blaue Halstuch tr\u00e4gt. Es ist wichtig, Frida mit Respekt und R\u00fccksicht zu behandeln, um eine positive Beziehung zu ihr aufzubauen. F\u00fcr die Kinder besteht keinerlei Verpflichtung, mit Frida in Kontakt zu treten- das Angebot ist freiwillig.<\/p>\n","protected":false},"excerpt":{"rendered":"<p>Seit Oktober 2025 bereichert ein besonderes Mitglied das Team der Grundschule Himmelsth\u00fcr: die Labradorh\u00fcndin Frida. Sie ist fester Bestandteil unseres Schullebens und unterst\u00fctzt die Schule in vielf\u00e4ltiger Weise.Frida wurde im Jahr 2021 geboren. Sie zeichnet sich durch ihre gutm\u00fctige und freundliche Natur aus und ist darin geschult, auch in stressigen Situationen ruhig und gelassen zu [&hellip;]<\/p>\n","protected":false},"author":9193299,"featured_media":1686,"parent":18,"menu_order":0,"comment_status":"closed","ping_status":"closed","template":"","meta":{"footnotes":""},"class_list":["post-1685","page","type-page","status-publish","has-post-thumbnail","hentry"],"_links":{"self":[{"href":"https:\/\/wordpress.nibis.de\/gshimmel\/wp-json\/wp\/v2\/pages\/1685","targetHints":{"allow":["GET"]}}],"collection":[{"href":"https:\/\/wordpress.nibis.de\/gshimmel\/wp-json\/wp\/v2\/pages"}],"about":[{"href":"https:\/\/wordpress.nibis.de\/gshimmel\/wp-json\/wp\/v2\/types\/page"}],"author":[{"embeddable":true,"href":"https:\/\/wordpress.nibis.de\/gshimmel\/wp-json\/wp\/v2\/users\/9193299"}],"replies":[{"embeddable":true,"href":"https:\/\/wordpress.nibis.de\/gshimmel\/wp-json\/wp\/v2\/comments?post=1685"}],"version-history":[{"count":1,"href":"https:\/\/wordpress.nibis.de\/gshimmel\/wp-json\/wp\/v2\/pages\/1685\/revisions"}],"predecessor-version":[{"id":1687,"href":"https:\/\/wordpress.nibis.de\/gshimmel\/wp-json\/wp\/v2\/pages\/1685\/revisions\/1687"}],"up":[{"embeddable":true,"href":"https:\/\/wordpress.nibis.de\/gshimmel\/wp-json\/wp\/v2\/pages\/18"}],"wp:featuredmedia":[{"embeddable":true,"href":"https:\/\/wordpress.nibis.de\/gshimmel\/wp-json\/wp\/v2\/media\/1686"}],"wp:attachment":[{"href":"https:\/\/wordpress.nibis.de\/gshimmel\/wp-json\/wp\/v2\/media?parent=1685"}],"curies":[{"name":"wp","href":"https:\/\/api.w.org\/{rel}","templated":true}]}}