{"id":1814,"date":"2026-05-12T10:11:51","date_gmt":"2026-05-12T08:11:51","guid":{"rendered":"https:\/\/wordpress.nibis.de\/gshimmel\/?page_id=1814"},"modified":"2026-05-12T10:11:51","modified_gmt":"2026-05-12T08:11:51","slug":"ag-angebot-2026-2027-hj1","status":"publish","type":"page","link":"https:\/\/wordpress.nibis.de\/gshimmel\/ag-angebot-2026-2027-hj1\/","title":{"rendered":"AG Angebot 2026.2027 HJ1"},"content":{"rendered":"\n<p>Liebe Eltern,<\/p>\n\n\n\n<p>das AG Angebot zum neuen Schuljahr steht derzeit noch nicht fest. Grund daf\u00fcr ist, dass die AGs erst nach Abschluss der Anmeldungen &#8222;eingekauft&#8220; werden k\u00f6nnen, da erst dann klar ist, wie viele Kinder wirklich teilnehmen.<\/p>\n\n\n\n<p>Bei uns w\u00e4hlen au\u00dferdem die Kinder die AGs immer selbst. Dabei d\u00fcrfen sie f\u00fcr jeden Tag einen Erstwunsch, Zweitwunsch und Drittwunsch angeben. Wir geben uns M\u00fche, das jedes Kind an mindestens einem Tag seinen Erstwunsch erh\u00e4lt. Immer klappt das aber leider nicht. Wir sprechen mit den Kindern und versuchen, eine L\u00f6sung zu finden.<\/p>\n\n\n\n<p>Ein Wechsel w\u00e4hrend des laufenden Halbjahres ist aber ausgeschlossen. Wie versuchen, mit viel Aufwand, die Wahlen und die Zuteilung m\u00f6glichst gerecht f\u00fcr alle Kinder zu machen. Wenn es dabei einmal Probleme gibt, sprechen Sie uns gerne gleich zu Beginn des Jahres an!<\/p>\n\n\n\n<p>Bei Angeboten, bei denen die Kinder das Schulgel\u00e4nde verlassen (wie in den vergangene Jahren etwa Schwimmen, Fahrradfahren oder Robotik AG) erhalten Sie von uns eine gesonderte Nachricht \u00fcber die Wahl Ihres Kindes, bei der Sie ihr Einverst\u00e4ndnis erkl\u00e4ren m\u00fcssen. Ohne ihre Zustimmung bleiben die Kinder in den AGs, die in der Schule stattfinden.<\/p>\n\n\n\n<p>Die Kinder w\u00e4hlen bei uns selbst weil diese ja auch an den AGs teilnehmen sollen. Wenn Sie einen Eindruck bekommen m\u00f6chten, was f\u00fcr AGs angeboten wurden in den vergangenen Jahren, schauen Sie sich gerne die entsprechenden Reiter im Untermen\u00fc Ganztag an!<\/p>\n\n\n\n<p>Mit freundlichen Gr\u00fc\u00dfen<\/p>\n\n\n\n<p>Constantin W. Freche, Rektor<\/p>\n\n\n\n<p><\/p>\n","protected":false},"excerpt":{"rendered":"<p>Liebe Eltern, das AG Angebot zum neuen Schuljahr steht derzeit noch nicht fest. Grund daf\u00fcr ist, dass die AGs erst nach Abschluss der Anmeldungen &#8222;eingekauft&#8220; werden k\u00f6nnen, da erst dann klar ist, wie viele Kinder wirklich teilnehmen. Bei uns w\u00e4hlen au\u00dferdem die Kinder die AGs immer selbst. Dabei d\u00fcrfen sie f\u00fcr jeden Tag einen Erstwunsch, [&hellip;]<\/p>\n","protected":false},"author":9193299,"featured_media":0,"parent":0,"menu_order":0,"comment_status":"closed","ping_status":"closed","template":"","meta":{"footnotes":""},"class_list":["post-1814","page","type-page","status-publish","hentry"],"_links":{"self":[{"href":"https:\/\/wordpress.nibis.de\/gshimmel\/wp-json\/wp\/v2\/pages\/1814","targetHints":{"allow":["GET"]}}],"collection":[{"href":"https:\/\/wordpress.nibis.de\/gshimmel\/wp-json\/wp\/v2\/pages"}],"about":[{"href":"https:\/\/wordpress.nibis.de\/gshimmel\/wp-json\/wp\/v2\/types\/page"}],"author":[{"embeddable":true,"href":"https:\/\/wordpress.nibis.de\/gshimmel\/wp-json\/wp\/v2\/users\/9193299"}],"replies":[{"embeddable":true,"href":"https:\/\/wordpress.nibis.de\/gshimmel\/wp-json\/wp\/v2\/comments?post=1814"}],"version-history":[{"count":1,"href":"https:\/\/wordpress.nibis.de\/gshimmel\/wp-json\/wp\/v2\/pages\/1814\/revisions"}],"predecessor-version":[{"id":1816,"href":"https:\/\/wordpress.nibis.de\/gshimmel\/wp-json\/wp\/v2\/pages\/1814\/revisions\/1816"}],"wp:attachment":[{"href":"https:\/\/wordpress.nibis.de\/gshimmel\/wp-json\/wp\/v2\/media?parent=1814"}],"curies":[{"name":"wp","href":"https:\/\/api.w.org\/{rel}","templated":true}]}}