{"id":212,"date":"2019-12-18T10:39:09","date_gmt":"2019-12-18T09:39:09","guid":{"rendered":"https:\/\/wordpress.nibis.de\/gshimmel\/?page_id=212"},"modified":"2022-09-12T18:56:43","modified_gmt":"2022-09-12T16:56:43","slug":"alle-infos-zu-den-kleider-und-spielzeugbasaren","status":"publish","type":"page","link":"https:\/\/wordpress.nibis.de\/gshimmel\/basar\/alle-infos-zu-den-kleider-und-spielzeugbasaren\/","title":{"rendered":"Alle Infos zu den Kleider- und Spielzeugbasaren"},"content":{"rendered":"\n<p>Jeder der bei uns mitmachen m\u00f6chte, ist herzlich willkommen und spendet 25% seines Verkaufserl\u00f6ses dem F\u00f6rderverein der Grundschule Himmelsth\u00fcr.<\/p>\n<p>Verk\u00e4ufer von Kleidung, Schuhen, Spielzeug oder Fahrger\u00e4ten f\u00fcr Kinder m\u00fcssen \u00a0folgendes ber\u00fccksichtigen.\u00a0\u00a0<\/p>\n<p><strong><em>Damit unser Basar auch weiterhin so\u00a0erfolgreich bleibt, m\u00f6chten wir Sie eingehend bitten, nur Artikel zum Verkauf anzubieten, die in einem guten Zustand sind.\u00a0<\/em><\/strong><strong><em>Wir als Veranstalter behalten uns vor, Sachen, die nicht unserem Qualit\u00e4tsstandard entsprechen, vom Verkauf auszuschlie\u00dfen<\/em><\/strong><\/p>\n<p align=\"center\">\u00a0<\/p>\n<p><strong>Doch nun zum Ablauf<\/strong><\/p>\n<p>Jeder Verk\u00e4ufer erh\u00e4lt von uns eine Verkaufsnr., die er auf eigenen Wunsch f\u00fcr die folgenden Basare behalten kann (dies muss gesondert bei der Abgabe beantragt werden). Die Abgabe der zu verkaufenden Artikel findet am Basartag in der Zeit von 14.00 bis 15.00 Uhr in der Turnhalle der Grundschule statt. Abholung ist jeweils am Samstag in der Zeit von 13.00 \u2013 14.00 uhr.<\/p>\n<p>Es d\u00fcrfen max. 50 Kleidungsst\u00fccke und 5 Paar Schuhe der jeweiligen Saison entsprechend\u00a0 &#8211; sowie Spielzeug unbegrenzt pro Verk\u00e4ufer abgegeben werden. Kuscheltiere usw. d\u00fcrfen aus Hygienegr\u00fcnden nicht zum Verkauf angeboten werden. Oberteile bitte breit zusammenlegen, damit die Stapel nicht zu hoch werden und die Kleidung besser gesehen wird.<\/p>\n<p>So m\u00fcssen ihre Verkaufsschilder aussehen und mit einem Bindfaden an jedem Artikel befestigt sein:<\/p>\n<p>\u00a0<\/p>\n<table style=\"height: 201px\" border=\"1\" width=\"456\" cellspacing=\"0\" cellpadding=\"0\">\n<tbody>\n<tr>\n<td style=\"width: 566.4px\" valign=\"top\">\n<h1 style=\"text-align: center\"><span style=\"color: #ff0000\"><strong>Nr. 222 <\/strong><\/span><\/h1>\n<pre style=\"text-align: center\">(Verkaufsnr. unbedingt rot und gro\u00df \u00a0 )<\/pre>\n<p style=\"text-align: center\"><strong>Gr.\u00a0\u00a0\u00a0 116<\/strong><\/p>\n<p style=\"text-align: center\"><strong>\u20ac\u00a0\u00a0\u00a0\u00a0 3,50\u00a0<\/strong> (nur \u00a0 50 Cent Schritte)<\/p>\n<p>\u00a0<\/p>\n<\/td>\n<\/tr>\n<\/tbody>\n<\/table>\n<p>\u00a0<\/p>\n<p>Alle Kleidungsst\u00fccke werden\u00a0 in Kartons abgegeben, die ebenfalls mit der Verkaufsnr. gekennzeichnet sind. Sie m\u00fcssen nach Gr\u00f6\u00dfen sowie nach Jungen- und M\u00e4dchensachen\u00a0 getrennt sein z.b. durch ein Einlegeblatt.<\/p>\n<p><em>Haben wir ihr Interesse geweckt, melden Sie sich bitte unter folgender e-mail mit Ihrer Verkaufsnr., Ihrem Namen und Ihrer Tel.-nr. an. Haben sie noch keine Verkaufsnr., k\u00f6nnen sie eine neue (sofern noch vorhanden) beantragen.<\/em><\/p>\n<p>&#x62;&#x61;&#x73;&#97;&#114;&#64;gs&#x2d;&#x68;&#x69;&#x6d;&#109;&#101;l&#46;&#x64;&#x65;<span id=\"cloak024c869ac8453e1e44aec4506d77d824\"><\/span>\u00a0 \u00a0 \u00a0 (bitte als Betreff&#8220;Basaranmeldung&#8220; angeben)<\/p>\n<p>\u00a0<\/p>\n<p>Wir werden, sofern Sie sich rechtzeitig angemeldet haben, Ihre Anmeldung per mail best\u00e4tigen.<\/p>\n<p>\u00a0<\/p>\n<p>\u00a0<em><strong>Bis hoffentlich bald<\/strong><\/em><\/p>\n<p>\u00a0<\/p>\n<p><em><strong>\u00a0\u00a0\u00a0\u00a0\u00a0\u00a0\u00a0\u00a0\u00a0\u00a0\u00a0\u00a0\u00a0\u00a0\u00a0\u00a0\u00a0\u00a0\u00a0\u00a0\u00a0\u00a0\u00a0\u00a0\u00a0\u00a0\u00a0\u00a0\u00a0\u00a0\u00a0\u00a0\u00a0\u00a0\u00a0\u00a0\u00a0\u00a0\u00a0\u00a0\u00a0\u00a0\u00a0\u00a0\u00a0\u00a0\u00a0\u00a0\u00a0\u00a0\u00a0\u00a0 Ihr\u00a0 Basarteam<\/strong><\/em><\/p>\n<p>\u00a0<\/p>\n","protected":false},"excerpt":{"rendered":"<p>Jeder der bei uns mitmachen m\u00f6chte, ist herzlich willkommen und spendet 25% seines Verkaufserl\u00f6ses dem F\u00f6rderverein der Grundschule Himmelsth\u00fcr. Verk\u00e4ufer von Kleidung, Schuhen, Spielzeug oder Fahrger\u00e4ten f\u00fcr Kinder m\u00fcssen \u00a0folgendes ber\u00fccksichtigen.\u00a0\u00a0 Damit unser Basar auch weiterhin so\u00a0erfolgreich bleibt, m\u00f6chten wir Sie eingehend bitten, nur Artikel zum Verkauf anzubieten, die in einem guten Zustand sind.\u00a0Wir als [&hellip;]<\/p>\n","protected":false},"author":9193299,"featured_media":0,"parent":217,"menu_order":0,"comment_status":"closed","ping_status":"closed","template":"","meta":{"footnotes":""},"class_list":["post-212","page","type-page","status-publish","hentry"],"_links":{"self":[{"href":"https:\/\/wordpress.nibis.de\/gshimmel\/wp-json\/wp\/v2\/pages\/212","targetHints":{"allow":["GET"]}}],"collection":[{"href":"https:\/\/wordpress.nibis.de\/gshimmel\/wp-json\/wp\/v2\/pages"}],"about":[{"href":"https:\/\/wordpress.nibis.de\/gshimmel\/wp-json\/wp\/v2\/types\/page"}],"author":[{"embeddable":true,"href":"https:\/\/wordpress.nibis.de\/gshimmel\/wp-json\/wp\/v2\/users\/9193299"}],"replies":[{"embeddable":true,"href":"https:\/\/wordpress.nibis.de\/gshimmel\/wp-json\/wp\/v2\/comments?post=212"}],"version-history":[{"count":9,"href":"https:\/\/wordpress.nibis.de\/gshimmel\/wp-json\/wp\/v2\/pages\/212\/revisions"}],"predecessor-version":[{"id":1197,"href":"https:\/\/wordpress.nibis.de\/gshimmel\/wp-json\/wp\/v2\/pages\/212\/revisions\/1197"}],"up":[{"embeddable":true,"href":"https:\/\/wordpress.nibis.de\/gshimmel\/wp-json\/wp\/v2\/pages\/217"}],"wp:attachment":[{"href":"https:\/\/wordpress.nibis.de\/gshimmel\/wp-json\/wp\/v2\/media?parent=212"}],"curies":[{"name":"wp","href":"https:\/\/api.w.org\/{rel}","templated":true}]}}