{"id":217,"date":"2019-12-18T10:42:09","date_gmt":"2019-12-18T09:42:09","guid":{"rendered":"https:\/\/wordpress.nibis.de\/gshimmel\/?page_id=217"},"modified":"2025-02-10T09:18:20","modified_gmt":"2025-02-10T08:18:20","slug":"basar","status":"publish","type":"page","link":"https:\/\/wordpress.nibis.de\/gshimmel\/basar\/","title":{"rendered":"Basar"},"content":{"rendered":"\n<p>Unser n\u00e4chster Kleider- und Spielzeugbasar findet am 14.03.2025 ab 18.00 Uhr statt!<\/p>\n<p>Die Kleider- und Spielzeugbasare finden an der GS Himmelsth\u00fcr regelm\u00e4\u00dfig statt. Hier finden Sie alle Informationen dazu.<\/p>\n<p><blockquote class=\"wp-embedded-content\" data-secret=\"TyENEmNzRr\"><a href=\"https:\/\/wordpress.nibis.de\/gshimmel\/basar\/alle-infos-zu-den-kleider-und-spielzeugbasaren\/\">Alle Infos zu den Kleider- und Spielzeugbasaren<\/a><\/blockquote><iframe loading=\"lazy\" class=\"wp-embedded-content\" sandbox=\"allow-scripts\" security=\"restricted\" style=\"position: absolute; visibility: hidden;\" title=\"&#8222;Alle Infos zu den Kleider- und Spielzeugbasaren&#8220; &#8211; Grundschule Himmelsth\u00fcr\" src=\"https:\/\/wordpress.nibis.de\/gshimmel\/basar\/alle-infos-zu-den-kleider-und-spielzeugbasaren\/embed\/#?secret=koS8BJARnD#?secret=TyENEmNzRr\" data-secret=\"TyENEmNzRr\" width=\"600\" height=\"338\" frameborder=\"0\" marginwidth=\"0\" marginheight=\"0\" scrolling=\"no\"><\/iframe><\/p>\n<p>\u00a0<\/p>\n","protected":false},"excerpt":{"rendered":"<p>Unser n\u00e4chster Kleider- und Spielzeugbasar findet am 14.03.2025 ab 18.00 Uhr statt! Die Kleider- und Spielzeugbasare finden an der GS Himmelsth\u00fcr regelm\u00e4\u00dfig statt. Hier finden Sie alle Informationen dazu. Alle Infos zu den Kleider- und Spielzeugbasaren \u00a0<\/p>\n","protected":false},"author":9193299,"featured_media":0,"parent":0,"menu_order":0,"comment_status":"closed","ping_status":"closed","template":"","meta":{"footnotes":""},"class_list":["post-217","page","type-page","status-publish","hentry"],"_links":{"self":[{"href":"https:\/\/wordpress.nibis.de\/gshimmel\/wp-json\/wp\/v2\/pages\/217","targetHints":{"allow":["GET"]}}],"collection":[{"href":"https:\/\/wordpress.nibis.de\/gshimmel\/wp-json\/wp\/v2\/pages"}],"about":[{"href":"https:\/\/wordpress.nibis.de\/gshimmel\/wp-json\/wp\/v2\/types\/page"}],"author":[{"embeddable":true,"href":"https:\/\/wordpress.nibis.de\/gshimmel\/wp-json\/wp\/v2\/users\/9193299"}],"replies":[{"embeddable":true,"href":"https:\/\/wordpress.nibis.de\/gshimmel\/wp-json\/wp\/v2\/comments?post=217"}],"version-history":[{"count":10,"href":"https:\/\/wordpress.nibis.de\/gshimmel\/wp-json\/wp\/v2\/pages\/217\/revisions"}],"predecessor-version":[{"id":1493,"href":"https:\/\/wordpress.nibis.de\/gshimmel\/wp-json\/wp\/v2\/pages\/217\/revisions\/1493"}],"wp:attachment":[{"href":"https:\/\/wordpress.nibis.de\/gshimmel\/wp-json\/wp\/v2\/media?parent=217"}],"curies":[{"name":"wp","href":"https:\/\/api.w.org\/{rel}","templated":true}]}}