{"id":23,"date":"2019-11-14T15:28:53","date_gmt":"2019-11-14T14:28:53","guid":{"rendered":"https:\/\/wordpress.nibis.de\/gshimmel\/?page_id=23"},"modified":"2021-12-02T09:23:28","modified_gmt":"2021-12-02T08:23:28","slug":"kollegium","status":"publish","type":"page","link":"https:\/\/wordpress.nibis.de\/gshimmel\/informationen-zur-schule\/kollegium\/","title":{"rendered":"Mitarbeiter*innen"},"content":{"rendered":"\n<p>An der Grundschule Himmelsth\u00fcr arbeiten eine ganze Menge Menschen in verschiedenen Professionen zusammen, um eine gute Schule f\u00fcr die Kinder zu gestalten.<\/p>\n<p>Wir sind (in alphabetischer Reihenfolge):<\/p>\n<p>2 Bundesfreiwilligendienstleistende<\/p>\n<p>3 F\u00f6rderschullehrer*innen<\/p>\n<p><span style=\"float: none;background-color: #ffffff;color: #191e23;cursor: text;font-family: 'Noto Serif';font-size: 16px;font-style: normal;font-variant: normal;font-weight: 400;letter-spacing: normal;text-align: left;text-decoration: none;text-indent: 0px;text-transform: none\">9 Grundschullehrer*innen<\/span><\/p>\n<p>1 Hausmeister<\/p>\n<p>1 Lehrkraft im Vorbereitungsdienst<\/p>\n<p>6 P\u00e4dagogische Mitarbeiterinnen<\/p>\n<p>4 Reinigungskr\u00e4fte<\/p>\n<p><span style=\"float: none;background-color: #ffffff;color: #191e23;cursor: text;font-family: 'Noto Serif';font-size: 16px;font-style: normal;font-variant: normal;font-weight: 400;letter-spacing: normal;text-align: left;text-decoration: none;text-indent: 0px;text-transform: none\">1 Rektor<\/span><\/p>\n<p>5 Schulbegleiter*innen<\/p>\n<p>1 Schulverwaltungskraft<\/p>\n<p>\u00a0<\/p>\n<p>Hinzu kommen noch diverse weitere Akteure, die im Ganztag im Rahmen der offenen Ganztagsschule mit, in und um die Schule agieren und das Angebot erg\u00e4nzen. Informationen zu unseren Kooperationen finden Sie (bald) HIER.<\/p>\n<p>\u00a0<\/p>\n","protected":false},"excerpt":{"rendered":"<p>An der Grundschule Himmelsth\u00fcr arbeiten eine ganze Menge Menschen in verschiedenen Professionen zusammen, um eine gute Schule f\u00fcr die Kinder zu gestalten. Wir sind (in alphabetischer Reihenfolge): 2 Bundesfreiwilligendienstleistende 3 F\u00f6rderschullehrer*innen 9 Grundschullehrer*innen 1 Hausmeister 1 Lehrkraft im Vorbereitungsdienst 6 P\u00e4dagogische Mitarbeiterinnen 4 Reinigungskr\u00e4fte 1 Rektor 5 Schulbegleiter*innen 1 Schulverwaltungskraft \u00a0 Hinzu kommen noch diverse [&hellip;]<\/p>\n","protected":false},"author":9193299,"featured_media":0,"parent":18,"menu_order":0,"comment_status":"closed","ping_status":"closed","template":"","meta":{"footnotes":""},"class_list":["post-23","page","type-page","status-publish","hentry"],"_links":{"self":[{"href":"https:\/\/wordpress.nibis.de\/gshimmel\/wp-json\/wp\/v2\/pages\/23","targetHints":{"allow":["GET"]}}],"collection":[{"href":"https:\/\/wordpress.nibis.de\/gshimmel\/wp-json\/wp\/v2\/pages"}],"about":[{"href":"https:\/\/wordpress.nibis.de\/gshimmel\/wp-json\/wp\/v2\/types\/page"}],"author":[{"embeddable":true,"href":"https:\/\/wordpress.nibis.de\/gshimmel\/wp-json\/wp\/v2\/users\/9193299"}],"replies":[{"embeddable":true,"href":"https:\/\/wordpress.nibis.de\/gshimmel\/wp-json\/wp\/v2\/comments?post=23"}],"version-history":[{"count":8,"href":"https:\/\/wordpress.nibis.de\/gshimmel\/wp-json\/wp\/v2\/pages\/23\/revisions"}],"predecessor-version":[{"id":952,"href":"https:\/\/wordpress.nibis.de\/gshimmel\/wp-json\/wp\/v2\/pages\/23\/revisions\/952"}],"up":[{"embeddable":true,"href":"https:\/\/wordpress.nibis.de\/gshimmel\/wp-json\/wp\/v2\/pages\/18"}],"wp:attachment":[{"href":"https:\/\/wordpress.nibis.de\/gshimmel\/wp-json\/wp\/v2\/media?parent=23"}],"curies":[{"name":"wp","href":"https:\/\/api.w.org\/{rel}","templated":true}]}}