{"id":31,"date":"2019-11-15T16:07:10","date_gmt":"2019-11-15T15:07:10","guid":{"rendered":"https:\/\/wordpress.nibis.de\/gshimmel\/?page_id=31"},"modified":"2019-11-15T16:18:44","modified_gmt":"2019-11-15T15:18:44","slug":"schulengel-und-amazon-smile","status":"publish","type":"page","link":"https:\/\/wordpress.nibis.de\/gshimmel\/informationen-zur-schule\/foerderverein\/schulengel-und-amazon-smile\/","title":{"rendered":"Schulengel und Amazon Smile"},"content":{"rendered":"\n<p><strong>Unterst\u00fctzen Sie\u00a0unseren F\u00f6rderverein beim Online-Shoppen!<\/strong><\/p>\n<p>* Einkaufen ohne Mehrkosten und ohne Anmeldung<\/p>\n<p>Nutzen Sie\u00a0<em>Schulengel<\/em>.de oder\u00a0smile.amazon.de ohne sich zu registrieren. In wenigen Schritten k\u00f6nnen Sie einfach und schnell\u00a0unseren F\u00f6rderverein der Grundschule Himmelsth\u00fcr eV.\u00a0beim Online-Shoppen\u00a0<em>unterst\u00fctzen<\/em>.<\/p>\n<p><span class=\"a-size-large a-text-bold\">Klicken sie einfach auf den Link:<br \/><br \/><\/span><\/p>\n<p><strong><span class=\"a-size-large a-text-bold\">Schulengel (2%-17%)<\/span><\/strong><\/p>\n<p><a href=\"https:\/\/www.schulengel.de\/einrichtungen\/details\/6743-forderverein-grundschule-himmelsthur\">www.schulengel.de<\/a><\/p>\n<p>\u00a0<\/p>\n<p><strong><span class=\"a-size-large a-text-bold\">AmazonSmile (ganzj\u00e4hrig 0,5% \u00a0bei Aktionen bis 5% Aktion &#8211; aktuell bis 02.11.2018)\u00a0<\/span><\/strong><\/p>\n<p><a href=\"https:\/\/smile.amazon.de\/?_encoding=UTF8&amp;pldnNewCustomer=1&amp;ref_=smi_ge_cnf_cnf_smi\">www.smile.amazon.de<\/a><\/p>\n<p>\u00a0<\/p>\n<p><strong><span class=\"a-size-large a-text-bold\">Schulengel und Amazone Smile zahlen f\u00fcr jeden Einkauf eine Dankesch\u00f6n-Pr\u00e4mie.<br \/><\/span><\/strong><span class=\"a-size-large a-text-bold\">Um den F\u00f6rderverein zu unterst\u00fctzen m\u00fcsst ihr eure Bestellungen einfach \u00fcber diese Links t\u00e4tigen. Man kann auch den Warenkorb f\u00fcllen und dann noch zu Schulengel oder Smile Amazon wechseln.\u00a0\u00a0<\/span><strong><span class=\"a-size-large a-text-bold\"><br \/><br \/><\/span><\/strong><span class=\"a-size-large a-text-bold\">Es w\u00e4re toll, wenn auch sie bei ihrem n\u00e4chsten Einkauf an uns denken und so den FV unterst\u00fctzen. Gerade bei den Weihnachtseink\u00e4ufen, kann man so schnell und unkompliziert noch etwas Gutes tun!<\/span><\/p>\n<p><span class=\"a-size-large a-text-bold\">Herzlichen Dank f\u00fcr Ihre Unterst\u00fctzung \ud83d\ude42<\/span><\/p>\n","protected":false},"excerpt":{"rendered":"<p>Unterst\u00fctzen Sie\u00a0unseren F\u00f6rderverein beim Online-Shoppen! * Einkaufen ohne Mehrkosten und ohne Anmeldung Nutzen Sie\u00a0Schulengel.de oder\u00a0smile.amazon.de ohne sich zu registrieren. In wenigen Schritten k\u00f6nnen Sie einfach und schnell\u00a0unseren F\u00f6rderverein der Grundschule Himmelsth\u00fcr eV.\u00a0beim Online-Shoppen\u00a0unterst\u00fctzen. Klicken sie einfach auf den Link: Schulengel (2%-17%) www.schulengel.de \u00a0 AmazonSmile (ganzj\u00e4hrig 0,5% \u00a0bei Aktionen bis 5% Aktion &#8211; aktuell bis 02.11.2018)\u00a0 [&hellip;]<\/p>\n","protected":false},"author":9193299,"featured_media":0,"parent":7,"menu_order":0,"comment_status":"closed","ping_status":"closed","template":"","meta":{"footnotes":""},"class_list":["post-31","page","type-page","status-publish","hentry"],"_links":{"self":[{"href":"https:\/\/wordpress.nibis.de\/gshimmel\/wp-json\/wp\/v2\/pages\/31","targetHints":{"allow":["GET"]}}],"collection":[{"href":"https:\/\/wordpress.nibis.de\/gshimmel\/wp-json\/wp\/v2\/pages"}],"about":[{"href":"https:\/\/wordpress.nibis.de\/gshimmel\/wp-json\/wp\/v2\/types\/page"}],"author":[{"embeddable":true,"href":"https:\/\/wordpress.nibis.de\/gshimmel\/wp-json\/wp\/v2\/users\/9193299"}],"replies":[{"embeddable":true,"href":"https:\/\/wordpress.nibis.de\/gshimmel\/wp-json\/wp\/v2\/comments?post=31"}],"version-history":[{"count":4,"href":"https:\/\/wordpress.nibis.de\/gshimmel\/wp-json\/wp\/v2\/pages\/31\/revisions"}],"predecessor-version":[{"id":82,"href":"https:\/\/wordpress.nibis.de\/gshimmel\/wp-json\/wp\/v2\/pages\/31\/revisions\/82"}],"up":[{"embeddable":true,"href":"https:\/\/wordpress.nibis.de\/gshimmel\/wp-json\/wp\/v2\/pages\/7"}],"wp:attachment":[{"href":"https:\/\/wordpress.nibis.de\/gshimmel\/wp-json\/wp\/v2\/media?parent=31"}],"curies":[{"name":"wp","href":"https:\/\/api.w.org\/{rel}","templated":true}]}}