{"id":33,"date":"2019-11-15T16:05:24","date_gmt":"2019-11-15T15:05:24","guid":{"rendered":"https:\/\/wordpress.nibis.de\/gshimmel\/?page_id=33"},"modified":"2019-11-15T16:05:24","modified_gmt":"2019-11-15T15:05:24","slug":"foerdervereinsvorstand-2018","status":"publish","type":"page","link":"https:\/\/wordpress.nibis.de\/gshimmel\/informationen-zur-schule\/foerderverein\/foerdervereinsvorstand-2018\/","title":{"rendered":"F\u00f6rdervereinsvorstand 2018"},"content":{"rendered":"\n<p><b>Am 29.08.2018 fand die Jahreshauptversammlung vom F\u00f6rderverein statt.<\/b><\/p>\n<p>Der Vorstand wurde von der Mitglieder-Versammlung entlastet. Herrn Johannes Leonard und Herrn Oliver V\u00f6lkner wurden f\u00fcr ihren jahrelangen, engagierten Einsatz gedankt. <br><br>Als neue Vorstandsmitglieder wurden gew\u00e4hlt.<\/p>\n<p>Frau <b>Simone Vogel: <\/b>1. Vorsitzende<br>Herr <b>Daniel Seiler:<\/b> 2. Vorsitzender<br>Frau <b>Sylke Lessing: <\/b>Kassenwart<\/p>\n<p>Der F\u00f6rderverein wird wieder das Projekt &#8222;Bewegte Schule&#8220; im neuen Schuljahr unterst\u00fctzen! Im Protokoll werden die Details und Beschl\u00fcsse der Sitzung mitgeteilt.<\/p>\n<p>Gemeinsam mit Eltern und Lehrern hat der F\u00f6rderverein in den letzten Jahren verschiedene Veranstaltungen erfolgreich organisiert und gr\u00f6\u00dfere Spendensummen eingenommen. Vor allem die beiden <b>Abend-Basare,<\/b> die jedes Jahr in der Turnhalle stattfinden, f\u00fcllen die Kasse des Vereins, damit wir sinnvolle Anschaffungen f\u00fcr die Kinder bezahlen k\u00f6nnen! Herzlichen Dank den flei\u00dfigen Helfern, die teilweise nichtmal mehr Kinder an dieser Schule haben.<\/p>\n<p>Auch in Zukunft wollen wir mit gemeinsamen Veranstaltungen f\u00fcr den F\u00f6rderverein werben und freuen uns immer \u00fcber aktive Helfer, denn ohne ihre Hilfe ist all dies nicht m\u00f6glich!<\/p>\n<p>Herzliche Gr\u00fc\u00dfe vom Vorstand!<br>Simone Vogel<\/p>\n","protected":false},"excerpt":{"rendered":"<p>Am 29.08.2018 fand die Jahreshauptversammlung vom F\u00f6rderverein statt. Der Vorstand wurde von der Mitglieder-Versammlung entlastet. Herrn Johannes Leonard und Herrn Oliver V\u00f6lkner wurden f\u00fcr ihren jahrelangen, engagierten Einsatz gedankt. Als neue Vorstandsmitglieder wurden gew\u00e4hlt. Frau Simone Vogel: 1. VorsitzendeHerr Daniel Seiler: 2. VorsitzenderFrau Sylke Lessing: Kassenwart Der F\u00f6rderverein wird wieder das Projekt &#8222;Bewegte Schule&#8220; im [&hellip;]<\/p>\n","protected":false},"author":9193299,"featured_media":0,"parent":7,"menu_order":0,"comment_status":"closed","ping_status":"closed","template":"","meta":{"footnotes":""},"class_list":["post-33","page","type-page","status-publish","hentry"],"_links":{"self":[{"href":"https:\/\/wordpress.nibis.de\/gshimmel\/wp-json\/wp\/v2\/pages\/33","targetHints":{"allow":["GET"]}}],"collection":[{"href":"https:\/\/wordpress.nibis.de\/gshimmel\/wp-json\/wp\/v2\/pages"}],"about":[{"href":"https:\/\/wordpress.nibis.de\/gshimmel\/wp-json\/wp\/v2\/types\/page"}],"author":[{"embeddable":true,"href":"https:\/\/wordpress.nibis.de\/gshimmel\/wp-json\/wp\/v2\/users\/9193299"}],"replies":[{"embeddable":true,"href":"https:\/\/wordpress.nibis.de\/gshimmel\/wp-json\/wp\/v2\/comments?post=33"}],"version-history":[{"count":2,"href":"https:\/\/wordpress.nibis.de\/gshimmel\/wp-json\/wp\/v2\/pages\/33\/revisions"}],"predecessor-version":[{"id":78,"href":"https:\/\/wordpress.nibis.de\/gshimmel\/wp-json\/wp\/v2\/pages\/33\/revisions\/78"}],"up":[{"embeddable":true,"href":"https:\/\/wordpress.nibis.de\/gshimmel\/wp-json\/wp\/v2\/pages\/7"}],"wp:attachment":[{"href":"https:\/\/wordpress.nibis.de\/gshimmel\/wp-json\/wp\/v2\/media?parent=33"}],"curies":[{"name":"wp","href":"https:\/\/api.w.org\/{rel}","templated":true}]}}