{"id":417,"date":"2020-03-18T09:41:02","date_gmt":"2020-03-18T08:41:02","guid":{"rendered":"https:\/\/wordpress.nibis.de\/gshimmel\/?page_id=417"},"modified":"2026-05-12T09:54:48","modified_gmt":"2026-05-12T07:54:48","slug":"rhythmisierung-des-schultags","status":"publish","type":"page","link":"https:\/\/wordpress.nibis.de\/gshimmel\/informationen-zur-schule\/rhythmisierung-des-schultags\/","title":{"rendered":"Rhythmisierung des Schultags bis 2025.2026"},"content":{"rendered":"\n<table style=\"width: 557px;height: 567px\">\n<tbody>\n<tr style=\"height: 32px\">\n<td style=\"width: 150.41px;height: 32px\">Uhrzeit<\/td>\n<td style=\"width: 398.59px;height: 32px\" colspan=\"2\">Unterricht \/ VGS<\/td>\n<\/tr>\n<tr style=\"height: 61px\">\n<td style=\"width: 150.41px;height: 61px\">7.35 bis 7.55<\/td>\n<td style=\"width: 248.42px;height: 61px\">F\u00f6rderunterricht<\/td>\n<td style=\"width: 148.17px;height: 61px\">ab 7.45 Uhr Fr\u00fchaufsicht<\/td>\n<\/tr>\n<tr style=\"height: 32px\">\n<td style=\"width: 150.41px;height: 32px\">8.00 bis 8.45<\/td>\n<td style=\"width: 398.59px;height: 32px\" colspan=\"2\">1. Stunde<\/td>\n<\/tr>\n<tr style=\"height: 32px\">\n<td style=\"width: 150.41px;height: 32px\">8.50 bis 9.35<\/td>\n<td style=\"width: 398.59px;height: 32px\" colspan=\"2\">2. Stunde<\/td>\n<\/tr>\n<tr style=\"height: 32px\">\n<td style=\"width: 150.41px;height: 32px\">9.35 bis 9.45<\/td>\n<td style=\"width: 398.59px;height: 32px\" colspan=\"2\">Fr\u00fchst\u00fcckspause in den Klassen<\/td>\n<\/tr>\n<tr style=\"height: 32px\">\n<td style=\"width: 150.41px;height: 32px\">9.45 bis 10.10<\/td>\n<td style=\"width: 398.59px;height: 32px\" colspan=\"2\">1. gro\u00dfe Pause<\/td>\n<\/tr>\n<tr style=\"height: 32px\">\n<td style=\"width: 150.41px;height: 32px\">10.10 bis 10.55<\/td>\n<td style=\"width: 398.59px;height: 32px\" colspan=\"2\">3. Stunde<\/td>\n<\/tr>\n<tr style=\"height: 32px\">\n<td style=\"width: 150.41px;height: 32px\">11.00 bis 11.45<\/td>\n<td style=\"width: 398.59px;height: 32px\" colspan=\"2\">4. Stunde<\/td>\n<\/tr>\n<tr style=\"height: 32px\">\n<td style=\"width: 150.41px;height: 32px\">11.45 bis 12.10<\/td>\n<td style=\"width: 398.59px;height: 32px\" colspan=\"2\">2. gro\u00dfe Pause<\/td>\n<\/tr>\n<tr style=\"height: 32px\">\n<td style=\"width: 150.41px;height: 32px\">12.10 bis 12.55<\/td>\n<td style=\"width: 248.42px;height: 32px\">5. Stunde<\/td>\n<td style=\"width: 148.17px;height: 32px\">Betreuung VGS<\/td>\n<\/tr>\n<tr style=\"height: 61px\">\n<td style=\"width: 150.41px;height: 61px\">12.55 bis 13.40<\/td>\n<td style=\"width: 248.42px;height: 61px\">6. Stunde (nur Mittwochs, 3. und 4. Klassen)<\/td>\n<td style=\"width: 148.17px;height: 61px\">\u00a0<\/td>\n<\/tr>\n<tr style=\"height: 29px\">\n<td style=\"width: 150.41px;height: 29px\">\u00a0<\/td>\n<td style=\"width: 248.42px;height: 29px\">\u00a0<\/td>\n<td style=\"width: 148.17px;height: 29px\">\u00a0<\/td>\n<\/tr>\n<tr style=\"height: 32px\">\n<td style=\"width: 150.41px;height: 32px\">Uhrzeit<\/td>\n<td style=\"width: 248.42px;height: 32px\">Ganztag am Mo, Di, Do<\/td>\n<td style=\"width: 148.17px;height: 32px\">\u00a0<\/td>\n<\/tr>\n<tr style=\"height: 32px\">\n<td style=\"width: 150.41px;height: 32px\">13.00 bis 14.00<\/td>\n<td style=\"width: 248.42px;height: 32px\">Mittagessen<\/td>\n<td style=\"width: 148.17px;height: 32px\">\u00a0<\/td>\n<\/tr>\n<tr style=\"height: 32px\">\n<td style=\"width: 150.41px;height: 32px\">14.00 bis 14.45<\/td>\n<td style=\"width: 248.42px;height: 32px\">HA Betreuung<\/td>\n<td style=\"width: 148.17px;height: 32px\">\u00a0<\/td>\n<\/tr>\n<tr style=\"height: 32px\">\n<td style=\"width: 150.41px;height: 32px\">14.45 bis 15.45<\/td>\n<td style=\"width: 248.42px;height: 32px\">AG<\/td>\n<td style=\"width: 148.17px;height: 32px\">\u00a0<\/td>\n<\/tr>\n<\/tbody>\n<\/table>\n","protected":false},"excerpt":{"rendered":"<p>Uhrzeit Unterricht \/ VGS 7.35 bis 7.55 F\u00f6rderunterricht ab 7.45 Uhr Fr\u00fchaufsicht 8.00 bis 8.45 1. Stunde 8.50 bis 9.35 2. Stunde 9.35 bis 9.45 Fr\u00fchst\u00fcckspause in den Klassen 9.45 bis 10.10 1. gro\u00dfe Pause 10.10 bis 10.55 3. Stunde 11.00 bis 11.45 4. Stunde 11.45 bis 12.10 2. gro\u00dfe Pause 12.10 bis 12.55 5. [&hellip;]<\/p>\n","protected":false},"author":9193299,"featured_media":0,"parent":18,"menu_order":0,"comment_status":"closed","ping_status":"closed","template":"","meta":{"footnotes":""},"class_list":["post-417","page","type-page","status-publish","hentry"],"_links":{"self":[{"href":"https:\/\/wordpress.nibis.de\/gshimmel\/wp-json\/wp\/v2\/pages\/417","targetHints":{"allow":["GET"]}}],"collection":[{"href":"https:\/\/wordpress.nibis.de\/gshimmel\/wp-json\/wp\/v2\/pages"}],"about":[{"href":"https:\/\/wordpress.nibis.de\/gshimmel\/wp-json\/wp\/v2\/types\/page"}],"author":[{"embeddable":true,"href":"https:\/\/wordpress.nibis.de\/gshimmel\/wp-json\/wp\/v2\/users\/9193299"}],"replies":[{"embeddable":true,"href":"https:\/\/wordpress.nibis.de\/gshimmel\/wp-json\/wp\/v2\/comments?post=417"}],"version-history":[{"count":6,"href":"https:\/\/wordpress.nibis.de\/gshimmel\/wp-json\/wp\/v2\/pages\/417\/revisions"}],"predecessor-version":[{"id":1806,"href":"https:\/\/wordpress.nibis.de\/gshimmel\/wp-json\/wp\/v2\/pages\/417\/revisions\/1806"}],"up":[{"embeddable":true,"href":"https:\/\/wordpress.nibis.de\/gshimmel\/wp-json\/wp\/v2\/pages\/18"}],"wp:attachment":[{"href":"https:\/\/wordpress.nibis.de\/gshimmel\/wp-json\/wp\/v2\/media?parent=417"}],"curies":[{"name":"wp","href":"https:\/\/api.w.org\/{rel}","templated":true}]}}