{"id":58,"date":"2019-11-15T13:34:31","date_gmt":"2019-11-15T12:34:31","guid":{"rendered":"https:\/\/wordpress.nibis.de\/gshimmel\/?page_id=58"},"modified":"2020-03-31T13:02:30","modified_gmt":"2020-03-31T11:02:30","slug":"klasse-2000","status":"publish","type":"page","link":"https:\/\/wordpress.nibis.de\/gshimmel\/informationen-zur-schule\/klasse-2000\/","title":{"rendered":"Klasse 2000"},"content":{"rendered":"\n<p>Die Grundschule Himmelsth\u00fcr nimmt bereits seit Konferenzbeschluss im Fr\u00fchjahr 2005 mit allen Klassen&nbsp; am Programm &#8222;Klasse 2000&#8220; zur Gesundheitsf\u00f6rderung und Suchtvorbeugung teil.<\/p>\n<p>Klasse 2000<span style=\"float: none;background-color: #ffffff;color: #191e23;cursor: text;font-family: 'Noto Serif';font-size: 16px;font-style: normal;font-variant: normal;font-weight: 400;letter-spacing: normal;text-align: left;text-decoration: none;text-indent: 0px;text-transform: none\"> arbeitet dabei nicht mit dem erhobenen Zeigefinger, sondern st\u00e4rkt die sozialen Kompetenzen und das Selbstwertgef\u00fchl der Kinder. Es f\u00f6rdert einen kritischen Umgang mit Genussmitteln und Alltagsdrogen und tr\u00e4gt so zur Schaffung eines gesundheitsf\u00f6rdernden Umfeldes bei.<\/span><\/p>\n<p>Auch in diesem Schuljahr wurden wir erneut zertifizierte Klasse 2000 Schule, und leisten somit einen wichtigen Beitrag zur Gesundheitspr\u00e4vention der Kinder.<\/p>\n\n\n\n<figure class=\"wp-block-image\"><img loading=\"lazy\" decoding=\"async\" width=\"1024\" height=\"1024\" src=\"https:\/\/wordpress.nibis.de\/gshimmel\/files\/2019\/11\/Zertifiziert-Logo-farbig-1024x1024.jpg\" alt=\"\" class=\"wp-image-60\" srcset=\"https:\/\/wordpress.nibis.de\/gshimmel\/files\/2019\/11\/Zertifiziert-Logo-farbig-1024x1024.jpg 1024w, https:\/\/wordpress.nibis.de\/gshimmel\/files\/2019\/11\/Zertifiziert-Logo-farbig-150x150.jpg 150w, https:\/\/wordpress.nibis.de\/gshimmel\/files\/2019\/11\/Zertifiziert-Logo-farbig-300x300.jpg 300w, https:\/\/wordpress.nibis.de\/gshimmel\/files\/2019\/11\/Zertifiziert-Logo-farbig-768x768.jpg 768w, https:\/\/wordpress.nibis.de\/gshimmel\/files\/2019\/11\/Zertifiziert-Logo-farbig.jpg 1252w\" sizes=\"auto, (max-width: 1024px) 100vw, 1024px\" \/><\/figure>\n","protected":false},"excerpt":{"rendered":"<p>Die Grundschule Himmelsth\u00fcr nimmt bereits seit Konferenzbeschluss im Fr\u00fchjahr 2005 mit allen Klassen&nbsp; am Programm &#8222;Klasse 2000&#8220; zur Gesundheitsf\u00f6rderung und Suchtvorbeugung teil. Klasse 2000 arbeitet dabei nicht mit dem erhobenen Zeigefinger, sondern st\u00e4rkt die sozialen Kompetenzen und das Selbstwertgef\u00fchl der Kinder. Es f\u00f6rdert einen kritischen Umgang mit Genussmitteln und Alltagsdrogen und tr\u00e4gt so zur Schaffung [&hellip;]<\/p>\n","protected":false},"author":9193299,"featured_media":0,"parent":18,"menu_order":0,"comment_status":"closed","ping_status":"closed","template":"","meta":{"footnotes":""},"class_list":["post-58","page","type-page","status-publish","hentry"],"_links":{"self":[{"href":"https:\/\/wordpress.nibis.de\/gshimmel\/wp-json\/wp\/v2\/pages\/58","targetHints":{"allow":["GET"]}}],"collection":[{"href":"https:\/\/wordpress.nibis.de\/gshimmel\/wp-json\/wp\/v2\/pages"}],"about":[{"href":"https:\/\/wordpress.nibis.de\/gshimmel\/wp-json\/wp\/v2\/types\/page"}],"author":[{"embeddable":true,"href":"https:\/\/wordpress.nibis.de\/gshimmel\/wp-json\/wp\/v2\/users\/9193299"}],"replies":[{"embeddable":true,"href":"https:\/\/wordpress.nibis.de\/gshimmel\/wp-json\/wp\/v2\/comments?post=58"}],"version-history":[{"count":4,"href":"https:\/\/wordpress.nibis.de\/gshimmel\/wp-json\/wp\/v2\/pages\/58\/revisions"}],"predecessor-version":[{"id":511,"href":"https:\/\/wordpress.nibis.de\/gshimmel\/wp-json\/wp\/v2\/pages\/58\/revisions\/511"}],"up":[{"embeddable":true,"href":"https:\/\/wordpress.nibis.de\/gshimmel\/wp-json\/wp\/v2\/pages\/18"}],"wp:attachment":[{"href":"https:\/\/wordpress.nibis.de\/gshimmel\/wp-json\/wp\/v2\/media?parent=58"}],"curies":[{"name":"wp","href":"https:\/\/api.w.org\/{rel}","templated":true}]}}