{"id":65,"date":"2019-11-15T15:34:54","date_gmt":"2019-11-15T14:34:54","guid":{"rendered":"https:\/\/wordpress.nibis.de\/gshimmel\/?page_id=65"},"modified":"2020-04-21T09:07:01","modified_gmt":"2020-04-21T07:07:01","slug":"datenschutzerklaerung","status":"publish","type":"page","link":"https:\/\/wordpress.nibis.de\/gshimmel\/impressum\/datenschutzerklaerung\/","title":{"rendered":"Datenschutzerkl\u00e4rung zur Homepage"},"content":{"rendered":"\n<h2>I. Name und Anschrift des Verantwortlichen<\/h2>\n<p>GRUNDSCHULE HIMMELSTH\u00dcR<br>Danziger Stra\u00dfe 40<br>31137 Hildesheim<\/p>\n<p>Fon.: 05121-301-7750<br>E-Mail: &#x67;&#x73;&#x2d;&#104;&#105;&#109;me&#x6c;&#x73;&#x74;&#x68;&#117;&#101;r&#64;&#x73;&#x63;&#x68;&#x75;&#108;&#101;n-&#x68;&#x69;&#x6c;&#x64;&#101;&#115;&#104;ei&#x6d;&#x2e;&#x64;&#x65;<\/p>\n<h3>Vertretungsberechtigt<\/h3>\n<p>Constantin Wilhelm Freche, Rektor<\/p>\n<h2>II. Kontaktdaten der oder des Datenschutzbeauftragten<\/h2>\n<p>Fon.: 05121-301-7750<br>E-Mail: gs-&#104;&#105;&#109;&#109;&#x65;&#x6c;&#x73;&#x74;&#x68;&#x75;&#x65;r&#64;s&#99;&#104;&#117;&#108;&#101;&#x6e;&#x2d;&#x68;&#x69;&#x6c;&#x64;eshe&#105;&#109;&#46;&#100;&#x65;<\/p>\n<h3>III. Bereitstellung der Website und Erstellung von Logfiles<\/h3>\n<p>Bei jedem Aufruf unserer Internetseite erfasst unser System automatisiert Daten und Informationen vom Computersystem des aufrufenden Rechners. Folgende Daten werden hierbei erhoben:<\/p>\n<ol>\n<li>Datum und Uhrzeit des Zugriffes<\/li>\n<li>Die IP-Adresse des Nutzers<\/li>\n<li>Die Betriebssystemversion des Nutzers<\/li>\n<li>Der Browsertyp des Nutzers<\/li>\n<li>Die vom Nutzer aufgerufene Seite<\/li>\n<\/ol>\n<p>Die Daten werden in den Logfiles unseres Systems gespeichert. Eine Speicherung dieser Daten zusammen mit anderen personenbezogenen Daten des Nutzers findet nicht statt. Zweck der Datenspeicherung ist die technische Optimierung unserer Internetseite. Rechtsgrundlage f\u00fcr die vor\u00fcbergehende Speicherung der Daten ist Art. 6 Abs.1 lit.f DSGVO.<\/p>\n<p>Die Daten werden f\u00fcr zwei Monate gespeichert, sie werden lediglich statistisch ausgewertet.<\/p>\n<h2>IV. Verwendung von Cookies<\/h2>\n<p>Die Internetseite verwendet an mehreren Stellen so genannte Cookies. Sie dienen dazu, unser Angebot nutzerfreundlicher, effektiver und sicherer zu machen. Cookies sind kleine Textdateien, die auf Ihrem Rechner abgelegt werden und die Ihr Browser speichert. Die durch diese Cookies verarbeiteten Daten sind f\u00fcr die genannten Zwecke zur Wahrung unserer berechtigten Interessen nach Art. 6 Abs. 1 S. 1 lit. f DSGVO erforderlich. Diese bestehen in einer technischen Optimierung der Bereitstellung unserer Internetseite.<\/p>\n<p>Die von uns verwendeten Cookies sind mehrheitlich so genannte \u201eSession-Cookies\u201c. Sie werden nach Ende Ihres Besuches automatisch gel\u00f6scht. Cookies richten auf Ihrem Rechner keinen Schaden an und enthalten keine Viren. Nat\u00fcrlich k\u00f6nnen Sie unsere Website auch ohne Cookies nutzen. Sie k\u00f6nnen Ihren Browser so einstellen, dass Sie \u00fcber das Setzen von Cookies informiert werden und Cookies nur im Einzelfall erlauben, die Annahme von Cookies f\u00fcr bestimmte F\u00e4lle oder generell ausschlie\u00dfen sowie das automatische L\u00f6schen der Cookies beim Schlie\u00dfen des Browser aktivieren. Bei der Deaktivierung von Cookies ist die Funktionalit\u00e4t unserer Website gegebenenfalls eingeschr\u00e4nkt.<\/p>\n<p>&nbsp;<\/p>\n<h2>V. Speicherung personenbezogener Daten bei Kontaktaufnahme<\/h2>\n<p>Sofern Sie per E-Mail den Kontakt mit uns aufnehmen, werden die von Ihnen \u00fcbermittelten personenbezogenen Daten automatisch gespeichert. Diese Daten werden f\u00fcr Zwecke der Bearbeitung Ihres Anliegens und der Kontaktaufnahme mit Ihnen gespeichert.<\/p>\n<p>Die L\u00f6schung der Daten erfolgt, sobald deren Speicherung f\u00fcr die Bearbeitung Ihres Anliegens nicht mehr erforderlich ist.<\/p>\n<p>&nbsp;<\/p>\n<ol>\n<li><strong> Weitergabe von Daten<\/strong><\/li>\n<\/ol>\n<p>Wir geben personenbezogene Daten nicht ohne Ihre ausdr\u00fcckliche und jederzeit widerrufliche Einwilligung an Dritte weiter.<\/p>\n<p>&nbsp;<\/p>\n<p><strong>VII. Externe Links und fremde Inhalte<\/strong><\/p>\n<p>Die Inhalte dieser Domain wurden mit gr\u00f6\u00dfter Sorgfalt erstellt. Dennoch \u00fcbernehmen wir keine Garantie f\u00fcr Aktualit\u00e4t und Vollst\u00e4ndigkeit. Verantwortlich sind wir nur f\u00fcr eigene Inhalte, nicht aber f\u00fcr fremde Inhalte. F\u00fcr weiterf\u00fchrende Informationen finden Sie bei uns Links, die auf Webseiten Dritter verweisen. Alle externen Links haben wir auf rechtswidrige Inhalte \u00fcberpr\u00fcft und zum jeweiligen Zeitpunkt waren solche nicht erkennbar. Bei Kenntnis rechtswidriger Inhalte \u00fcberpr\u00fcfen wir diese sofort und werden sie gegebenenfalls unverz\u00fcglich entfernen.<\/p>\n<p>&nbsp;<\/p>\n<p>&nbsp;<\/p>\n<p><strong>VIII. Betroffenenrechte<\/strong><\/p>\n<p>Sie k\u00f6nnen folgende Rechte geltend machen:<\/p>\n<h3>Auskunft\/ Akteneinsicht<\/h3>\n<p>Gem. Art. 15 DSGVO haben Sie das Recht, Auskunft bzw. Akteneinsicht \u00fcber die von uns verarbeiteten personenbezogenen Daten zu erhalten.<\/p>\n<h3>Berichtigung<\/h3>\n<p>Sind bei uns gespeicherte personenbezogene Daten unrichtig oder unvollst\u00e4ndig, haben Sie gem. Art. 16 DSGVO das Recht, diese berichtigen bzw. vervollst\u00e4ndigen zu lassen.<\/p>\n<h3>L\u00f6schung<\/h3>\n<p>Art. 17 DSGVO normiert das Recht auf L\u00f6schung personenbezogener Daten. Dieses Recht steht Ihnen insbesondere dann zu, wenn die Speicherung der personenbezogenen Daten zur Erf\u00fcllung unserer gesetzlichen Aufgaben nicht mehr erforderlich ist oder Sie Ihre Einwilligung zur Datenverarbeitung mit Wirkung f\u00fcr die Zukunft widerrufen haben.<\/p>\n<h3>Einschr\u00e4nkung der Verarbeitung<\/h3>\n<p>Gem. Art. 18 DSGVO k\u00f6nnen Sie die Einschr\u00e4nkung der personenbezogenen Daten verlangen, wenn<\/p>\n<ul>\n<li>die Richtigkeit der Daten von Ihnen bestritten wird<\/li>\n<li>die Verarbeitung unrechtm\u00e4\u00dfig ist, Sie aber deren L\u00f6schung ablehnen<\/li>\n<li>wir die Daten nicht mehr ben\u00f6tigen, Sie jedoch diese zur Geltendmachung, Aus\u00fcbung oder Verteidigung von Rechtsanspr\u00fcchen ben\u00f6tigen<\/li>\n<li>oder Sie gem\u00e4\u00df Art. 21 DSGVO Widerspruch gegen die Verarbeitung eingelegt haben<\/li>\n<\/ul>\n<h3>Widerspruch<\/h3>\n<p>Sie k\u00f6nnen bei Gr\u00fcnden, die sich aus Ihrer besonderen Situation ergeben, ein Widerspruchsrecht geltend machen. Gem. Art. 21 DSGVO ist jedoch zu ber\u00fccksichtigten, ob schutzw\u00fcrdige Gr\u00fcnde f\u00fcr die Verarbeitung vorliegen oder die Verarbeitung der Geltendmachung, Aus\u00fcbung oder Verteidigung von Rechtsanspr\u00fcchen dient.<\/p>\n<h3>Daten\u00fcbertragbarkeit<\/h3>\n<p>Ist die Verarbeitung Ihrer Daten mit Hilfe eines automatisierten Verfahrens erfolgt, haben Sie gem. Art. 20 DSGVO das Recht, die Daten in einem g\u00e4ngigen und maschinenlesbaren Format zu erhalten und an eine andere Schule zu \u00fcbermitteln bzw. durch uns \u00fcbermitteln zu lassen.<\/p>\n<h3>Widerruf der Einwilligung<\/h3>\n<p>Sie haben gem. Art. 7 Absatz 3 DSGVO das Recht, uns erteilte Einwilligungen jederzeit mit Wirkung f\u00fcr die Zukunft zu widerrufen.<\/p>\n<h3>Beschwerde<\/h3>\n<p>Art. 77 DSGVO normiert ein Beschwerderecht bei der Aufsichtsbeh\u00f6rde. Die f\u00fcr uns zust\u00e4ndige Aufsichtsbeh\u00f6rde ist die Landesbeauftragte f\u00fcr den Datenschutz Niedersachsen, Prinzenstra\u00dfe 5, 30159 Hannover. E-Mail: p&#111;&#115;&#x74;&#x73;&#x74;e&#108;&#108;&#x65;&#x40;&#x6c;fd&#46;&#x6e;&#x69;&#x65;de&#114;&#115;&#x61;&#x63;&#x68;s&#101;&#110;&#x2e;&#x64;&#x65;<\/p>\n<p>&nbsp;<\/p>\n<p>Wenn Sie Fragen haben, die Ihnen diese Datenschutzerkl\u00e4rung nicht beantworten konnte oder wenn Sie zu einem Punkt vertiefte Informationen w\u00fcnschen, wenden Sie sich gerne vertrauensvoll an uns.<\/p>\n<p>Mit freundlichen Gr\u00fc\u00dfen<\/p>\n<p>C.W.Freche, Rektor<\/p>\n","protected":false},"excerpt":{"rendered":"<p>I. Name und Anschrift des Verantwortlichen GRUNDSCHULE HIMMELSTH\u00dcRDanziger Stra\u00dfe 4031137 Hildesheim Fon.: 05121-301-7750E-Mail: &#103;&#x73;-&#104;&#x69;&#109;&#x6d;e&#108;&#x73;t&#x68;&#x75;&#101;&#x72;&#64;&#115;&#x63;h&#x75;&#x6c;&#101;&#x6e;-&#104;&#x69;&#108;&#x64;e&#115;&#x68;e&#105;&#x6d;&#46;&#x64;e Vertretungsberechtigt Constantin Wilhelm Freche, Rektor II. Kontaktdaten der oder des Datenschutzbeauftragten Fon.: 05121-301-7750E-Mail: g&#115;&#45;&#104;&#x69;&#x6d;&#x6d;el&#115;&#116;&#x68;&#x75;&#x65;&#x72;&#64;s&#99;&#104;&#x75;&#x6c;&#x65;&#x6e;-&#104;&#105;&#108;&#x64;&#x65;&#x73;he&#105;&#109;&#46;&#x64;&#x65; III. Bereitstellung der Website und Erstellung von Logfiles Bei jedem Aufruf unserer Internetseite erfasst unser System automatisiert Daten und Informationen vom Computersystem des aufrufenden Rechners. Folgende Daten [&hellip;]<\/p>\n","protected":false},"author":9193299,"featured_media":0,"parent":13,"menu_order":0,"comment_status":"closed","ping_status":"closed","template":"","meta":{"footnotes":""},"class_list":["post-65","page","type-page","status-publish","hentry"],"_links":{"self":[{"href":"https:\/\/wordpress.nibis.de\/gshimmel\/wp-json\/wp\/v2\/pages\/65","targetHints":{"allow":["GET"]}}],"collection":[{"href":"https:\/\/wordpress.nibis.de\/gshimmel\/wp-json\/wp\/v2\/pages"}],"about":[{"href":"https:\/\/wordpress.nibis.de\/gshimmel\/wp-json\/wp\/v2\/types\/page"}],"author":[{"embeddable":true,"href":"https:\/\/wordpress.nibis.de\/gshimmel\/wp-json\/wp\/v2\/users\/9193299"}],"replies":[{"embeddable":true,"href":"https:\/\/wordpress.nibis.de\/gshimmel\/wp-json\/wp\/v2\/comments?post=65"}],"version-history":[{"count":2,"href":"https:\/\/wordpress.nibis.de\/gshimmel\/wp-json\/wp\/v2\/pages\/65\/revisions"}],"predecessor-version":[{"id":538,"href":"https:\/\/wordpress.nibis.de\/gshimmel\/wp-json\/wp\/v2\/pages\/65\/revisions\/538"}],"up":[{"embeddable":true,"href":"https:\/\/wordpress.nibis.de\/gshimmel\/wp-json\/wp\/v2\/pages\/13"}],"wp:attachment":[{"href":"https:\/\/wordpress.nibis.de\/gshimmel\/wp-json\/wp\/v2\/media?parent=65"}],"curies":[{"name":"wp","href":"https:\/\/api.w.org\/{rel}","templated":true}]}}