{"id":661,"date":"2020-09-03T15:32:26","date_gmt":"2020-09-03T13:32:26","guid":{"rendered":"https:\/\/wordpress.nibis.de\/gshimmel\/?page_id=661"},"modified":"2025-09-08T14:44:38","modified_gmt":"2025-09-08T12:44:38","slug":"ganztag","status":"publish","type":"page","link":"https:\/\/wordpress.nibis.de\/gshimmel\/ganztag\/","title":{"rendered":"Ganztag"},"content":{"rendered":"\n<p>Montags, dienstags und donnerstags findet an der GS Himmelsth\u00fcr der offene Ganztag statt. Wir kooperieren mit Partnern wie dem Go20, dem Hellas 1899 e.V. und dem TuS Gr\u00fcn-Wei\u00df-Himmelsth\u00fcr und bieten so den Kindern ein vielf\u00e4ltiges Angebot mit Bewegung, Ruhe- und Spielangeboten verschiedener Arten.<\/p>\n<p>Mit Blick auf den Ganztag 2026 wird der Ganztag neu strukturiert werden. Hierzu arbeiten wir schulintern sowie in Kooperation mit Externen am Ausbau auf einen f\u00fcnft\u00e4gigen Ganztag.<\/p>\n<p>Gleichzeitig wird auch mit Hochdruck am und im Geb\u00e4ude gebaut, um uns hier zukunftsf\u00e4hig aufzustellen. Der Bau einer Mensa ist dabei ebenfalls noch f\u00fcr 2026 geplant, so dass wir den neuen Ganztag hoffentlich mit der Einweihung derselben starten k\u00f6nnen!<\/p>\n\n\n\n<p><\/p>\n","protected":false},"excerpt":{"rendered":"<p>Montags, dienstags und donnerstags findet an der GS Himmelsth\u00fcr der offene Ganztag statt. Wir kooperieren mit Partnern wie dem Go20, dem Hellas 1899 e.V. und dem TuS Gr\u00fcn-Wei\u00df-Himmelsth\u00fcr und bieten so den Kindern ein vielf\u00e4ltiges Angebot mit Bewegung, Ruhe- und Spielangeboten verschiedener Arten. Mit Blick auf den Ganztag 2026 wird der Ganztag neu strukturiert werden. [&hellip;]<\/p>\n","protected":false},"author":9193299,"featured_media":0,"parent":0,"menu_order":0,"comment_status":"closed","ping_status":"closed","template":"","meta":{"footnotes":""},"class_list":["post-661","page","type-page","status-publish","hentry"],"_links":{"self":[{"href":"https:\/\/wordpress.nibis.de\/gshimmel\/wp-json\/wp\/v2\/pages\/661","targetHints":{"allow":["GET"]}}],"collection":[{"href":"https:\/\/wordpress.nibis.de\/gshimmel\/wp-json\/wp\/v2\/pages"}],"about":[{"href":"https:\/\/wordpress.nibis.de\/gshimmel\/wp-json\/wp\/v2\/types\/page"}],"author":[{"embeddable":true,"href":"https:\/\/wordpress.nibis.de\/gshimmel\/wp-json\/wp\/v2\/users\/9193299"}],"replies":[{"embeddable":true,"href":"https:\/\/wordpress.nibis.de\/gshimmel\/wp-json\/wp\/v2\/comments?post=661"}],"version-history":[{"count":4,"href":"https:\/\/wordpress.nibis.de\/gshimmel\/wp-json\/wp\/v2\/pages\/661\/revisions"}],"predecessor-version":[{"id":1587,"href":"https:\/\/wordpress.nibis.de\/gshimmel\/wp-json\/wp\/v2\/pages\/661\/revisions\/1587"}],"wp:attachment":[{"href":"https:\/\/wordpress.nibis.de\/gshimmel\/wp-json\/wp\/v2\/media?parent=661"}],"curies":[{"name":"wp","href":"https:\/\/api.w.org\/{rel}","templated":true}]}}