{"id":675,"date":"2020-09-04T11:46:31","date_gmt":"2020-09-04T09:46:31","guid":{"rendered":"https:\/\/wordpress.nibis.de\/gshimmel\/?page_id=675"},"modified":"2022-08-26T12:48:44","modified_gmt":"2022-08-26T10:48:44","slug":"rhytmisierung-des-schultags","status":"publish","type":"page","link":"https:\/\/wordpress.nibis.de\/gshimmel\/informationen-zur-schule\/rhytmisierung-des-schultags\/","title":{"rendered":"Rhytmisierung des Schultags"},"content":{"rendered":"\n<figure class=\"wp-block-table\"><table><tbody><tr><td>Uhrzeit<\/td><td>Unterricht \/ VGS<\/td><\/tr><tr><td>7.35 bis 7.55<\/td><td>F\u00f6rderunterricht (0. Stunde)<\/td><td>ab 7.45 Uhr Fr\u00fchaufsicht<\/td><\/tr><tr><td>8.00 bis 8.45<\/td><td>1. Stunde<\/td><\/tr><tr><td>8.50 bis 9.35<\/td><td>2. Stunde<\/td><\/tr><tr><td>9.35 bis 9.45<\/td><td>Fr\u00fchst\u00fcckspause in den Klassen<\/td><\/tr><tr><td>9.45 bis 10.10<\/td><td>1. gro\u00dfe Pause<\/td><\/tr><tr><td>10.10 bis 10.55<\/td><td>3. Stunde<\/td><\/tr><tr><td>11.00 bis 11.45<\/td><td>4. Stunde<\/td><\/tr><tr><td>11.45 bis 12.15<\/td><td>2. gro\u00dfe Pause<\/td><\/tr><tr><td>12.15 bis 12.55<\/td><td>5. Stunde<\/td><td>Betreuung VGS<\/td><\/tr><tr><td>12.55 bis 13.40<\/td><td>6. Stunde (nur Mittwochs, 3. und 4. Klassen)<\/td><td>&nbsp;<\/td><\/tr><tr><td>&nbsp;<\/td><td>&nbsp;<\/td><td>&nbsp;<\/td><\/tr><tr><td>Uhrzeit<\/td><td>Ganztag am Mo, Di, Do<\/td><td>&nbsp;<\/td><\/tr><tr><td>13.00 bis 14.00<\/td><td>Mittagessen<\/td><td>&nbsp;<\/td><\/tr><tr><td>14.00 bis 14.45<\/td><td>HA Betreuung<\/td><td>&nbsp;<\/td><\/tr><tr><td>14.45 bis 15.45<\/td><td>AG<\/td><td>&nbsp;<\/td><\/tr><\/tbody><\/table><\/figure>\n","protected":false},"excerpt":{"rendered":"<p>Uhrzeit Unterricht \/ VGS 7.35 bis 7.55 F\u00f6rderunterricht (0. Stunde) ab 7.45 Uhr Fr\u00fchaufsicht 8.00 bis 8.45 1. Stunde 8.50 bis 9.35 2. Stunde 9.35 bis 9.45 Fr\u00fchst\u00fcckspause in den Klassen 9.45 bis 10.10 1. gro\u00dfe Pause 10.10 bis 10.55 3. Stunde 11.00 bis 11.45 4. Stunde 11.45 bis 12.15 2. gro\u00dfe Pause 12.15 bis [&hellip;]<\/p>\n","protected":false},"author":9193299,"featured_media":0,"parent":18,"menu_order":0,"comment_status":"closed","ping_status":"closed","template":"","meta":{"footnotes":""},"class_list":["post-675","page","type-page","status-publish","hentry"],"_links":{"self":[{"href":"https:\/\/wordpress.nibis.de\/gshimmel\/wp-json\/wp\/v2\/pages\/675","targetHints":{"allow":["GET"]}}],"collection":[{"href":"https:\/\/wordpress.nibis.de\/gshimmel\/wp-json\/wp\/v2\/pages"}],"about":[{"href":"https:\/\/wordpress.nibis.de\/gshimmel\/wp-json\/wp\/v2\/types\/page"}],"author":[{"embeddable":true,"href":"https:\/\/wordpress.nibis.de\/gshimmel\/wp-json\/wp\/v2\/users\/9193299"}],"replies":[{"embeddable":true,"href":"https:\/\/wordpress.nibis.de\/gshimmel\/wp-json\/wp\/v2\/comments?post=675"}],"version-history":[{"count":3,"href":"https:\/\/wordpress.nibis.de\/gshimmel\/wp-json\/wp\/v2\/pages\/675\/revisions"}],"predecessor-version":[{"id":1118,"href":"https:\/\/wordpress.nibis.de\/gshimmel\/wp-json\/wp\/v2\/pages\/675\/revisions\/1118"}],"up":[{"embeddable":true,"href":"https:\/\/wordpress.nibis.de\/gshimmel\/wp-json\/wp\/v2\/pages\/18"}],"wp:attachment":[{"href":"https:\/\/wordpress.nibis.de\/gshimmel\/wp-json\/wp\/v2\/media?parent=675"}],"curies":[{"name":"wp","href":"https:\/\/api.w.org\/{rel}","templated":true}]}}