{"id":679,"date":"2020-09-04T12:58:09","date_gmt":"2020-09-04T10:58:09","guid":{"rendered":"https:\/\/wordpress.nibis.de\/gshimmel\/?page_id=679"},"modified":"2021-12-02T09:28:12","modified_gmt":"2021-12-02T08:28:12","slug":"hygienekonzept-und-verhaltensregeln-an-der-gs-himmelsthuer","status":"publish","type":"page","link":"https:\/\/wordpress.nibis.de\/gshimmel\/informationen-zur-schule\/hygienekonzept-und-verhaltensregeln-an-der-gs-himmelsthuer\/","title":{"rendered":"Hygienekonzept der GS Himmelsth\u00fcr"},"content":{"rendered":"<p>HINWEIS: Aufgrund laufender Anpassungen von Verordnungen, Regelungen und Vorgaben wird das Hygienekonzept derzeit jeweils intern angepasst aber nicht stets neu ver\u00f6ffentlicht. Die aktuell wichtigen Informationen erfolgen \u00fcber IServ jeweils direkt an die Kinderaccounts.<\/p>\n<p>Mit freundlichen Gr\u00fc\u00dfen<\/p>\n<p>C.W.Freche<\/p>\n<p>Beschluss der GK vom 4.11.2020<br \/>\n<span style=\"color: #339966\">\u00c4nderungen vom 2.11.2020 sind gr\u00fcn markiert<\/span><\/p>\n<p>Wir arbeiten gem\u00e4\u00df der Vorgaben des Nieders\u00e4chsischen Rahmen-Hygieneplans Corona Schule (dieser geht Ihnen per Mail zu und ist in K\u00fcrze bei den Downloads zu finden). Alle dort genannten Regelungen gelten uneingeschr\u00e4nkt in der jeweils g\u00fcltigen Fassung.<\/p>\n<p>Bitte beachten Sie, dass wir sehr genau auf die Einhaltung der Regeln achten, um den eingeschr\u00e4nkten Regelbetrieb (Szenario A) gew\u00e4hrleisten zu k\u00f6nnen. Bitte nehmen Sie die Regeln im Interesse aller ernst und ermuntern Sie Ihr Kind, das ebenfalls zu tun. Bei wiederholten Verst\u00f6\u00dfen gegen die Verhaltensregeln im eingeschr\u00e4nkten Regelbetrieb k\u00f6nnen diese durch Erziehungsmittel und Ordnungsma\u00dfnahmen gem\u00e4\u00df \u00a761NSchG geahndet werden.<\/p>\n<ol>\n<li>Es herrscht Maskenpflicht auf den Fluren und w\u00e4hrend der Pausen! Die Masken m\u00fcssen t\u00e4glich gewechselt und in einem extra Beh\u00e4lter bzw. in einem Beutel mitgebracht werden. Bitte geben Sie Ihrem Kind auch eine Ersatzmaske mit!<br \/>\nSollte eine Maske vergessen werden bzw. kaputtgehen wird seitens der Schule eine Einwegmaske ausgegeben und daf\u00fcr 1 Euro in Rechnung gestellt. Sollte sich hieraus ein \u00dcberschuss ergeben, wird das eingenommene Geld (nach Abzug der Beschaffungskosten) dem F\u00f6rderverein gespendet.<\/li>\n<li>Um 7.55 Uhr betreten die Sch\u00fcler mit Maske die Schule durch einen f\u00fcr jeden Jahrgang gekennzeichneten Eingang. Im Klassenraum legen die Sch\u00fcler ihre Maske ab und waschen sich nacheinander die H\u00e4nde. Anschlie\u00dfend beginnt der Unterricht.<\/li>\n<li>Innerhalb einer Kohorte (eine Kohorte entspricht einem Schuljahrgang, z.B. alle 3. Klassen, alle 4. Klassen usw. am Schulvormittag) entf\u00e4llt im Unterricht das Abstandsgebot.<\/li>\n<li>Weiterhin muss direkter K\u00f6rperkontakt unter allen Sch\u00fclern jederzeit vermieden werden. Das gilt auch innerhalb einer Kohorte.<\/li>\n<li>Die Sch\u00fcler einer Kohorte benutzen die f\u00fcr diese Klassenstufe vorgesehenen und gekennzeichneten Toiletten.<\/li>\n<li>Alle Sch\u00fcler der Schule haben zur selben Zeit Hofpause. Der 1.\/2. Jahrgang verbringt die erste Pause auf dem unteren Pausenhof und der 3.\/4. Jahrgang verbringt die erste Pause im oberen Bereich. In der zweiten Pause werden die Bereiche getauscht.<\/li>\n<li>In der Klasse d\u00fcrfen sich die Sch\u00fcler ohne K\u00f6rperkontakt frei bewegen. Der Mindestabstand zur Lehrkraft muss dabei gewahrt bleiben.<\/li>\n<li>Nahrungsmittel d\u00fcrfen gem\u00e4\u00df Rahmen Hygiene Plan Corona Schule Nr. 13 gar nicht getauscht werden. Dementsprechend ist zwingend auf ausreichende Mitgaben von Lebensmitteln zu achten!<\/li>\n<li>Eltern d\u00fcrfen das Schulgel\u00e4nde generell ohne abgesprochene Termine in der Verwaltung bzw. mit Lehrkr\u00e4ften nicht betreten.<\/li>\n<li>Wir weisen alle Urlaubsr\u00fcckkehrer, die aus einem Risikoland kommen, nochmals darauf hin, dass ihr Kind nur am Unterricht teilnehmen kann, wenn ein negativer Coronatest vorliegt. Falls der Status unklar sein sollte, nehmen Sie bitte umgehend Kontakt mit der Schulleitung auf und senden Ihr Kind keinesfalls zur Schule!<\/li>\n<li>L\u00fcftung: Aufgrund der Regelung \u201e20-5-20\u201c muss alle 20 Minuten bei komplett ge\u00f6ffneten Fenstern durchgel\u00fcftet werden. Der Unterricht wird in dieser Zeit fortgesetzt. Insofern geben Sie ihren Kindern eine Fleecejacke oder \u00e4hnliches zum schnellen An- und Ausziehen w\u00e4hrend des Unterrichts mit bzw. achten insgesamt auf eine witterungsangemessene Kleidungserg\u00e4nzung. Es macht wenig Sinn, wenn hierzu dieselben Jacken getragen werden die auch im Au\u00dfengel\u00e4nde genutzt werden: Zum einen sollte es so kalt im Geb\u00e4ude nicht werden, dass dies notwendig ist. Zum anderen w\u00fcrde ein An- und Ausziehen von Witterungsjacken auch zu m\u00f6glichen St\u00f6rungen des Unterrichts werden (viel Rascheln, wenn sie von drau\u00dfen kommen sind sie nass, etc.).<\/li>\n<li>Material: Die Sch\u00fcler*innen d\u00fcrfen kein Material untereinander tauschen. Pr\u00fcfen Sie daher bitte t\u00e4glich, dass Ihre Kinder alle notwendigen Arbeitsmaterialien dabeihaben!<\/li>\n<li><span style=\"color: #339966\">Wartebereich: Der Teil unseres Schulgel\u00e4ndes zwischen den Schauk\u00e4sten an der Stra\u00dfe und den T\u00fcren zum Schulhof ist Teil des Schulgel\u00e4ndes und unterliegt somit der Maskenpflicht. Abweichend zu Regelung 9 d\u00fcrfen Eltern in diesem Bereich warten, wenn sie ihre Kinder abholen. Dann ist verpflichtend eine Maske zu tragen und der Abstand zu anderen Personen einzuhalten. Insbesondere sind die Eing\u00e4nge frei zu halten.<\/span><\/li>\n<\/ol>\n","protected":false},"excerpt":{"rendered":"<p>HINWEIS: Aufgrund laufender Anpassungen von Verordnungen, Regelungen und Vorgaben wird das Hygienekonzept derzeit jeweils intern angepasst aber nicht stets neu ver\u00f6ffentlicht. Die aktuell wichtigen Informationen erfolgen \u00fcber IServ jeweils direkt an die Kinderaccounts. Mit freundlichen Gr\u00fc\u00dfen C.W.Freche Beschluss der GK vom 4.11.2020 \u00c4nderungen vom 2.11.2020 sind gr\u00fcn markiert Wir arbeiten gem\u00e4\u00df der Vorgaben des Nieders\u00e4chsischen [&hellip;]<\/p>\n","protected":false},"author":9193299,"featured_media":0,"parent":18,"menu_order":0,"comment_status":"closed","ping_status":"closed","template":"","meta":{"footnotes":""},"class_list":["post-679","page","type-page","status-publish","hentry"],"_links":{"self":[{"href":"https:\/\/wordpress.nibis.de\/gshimmel\/wp-json\/wp\/v2\/pages\/679","targetHints":{"allow":["GET"]}}],"collection":[{"href":"https:\/\/wordpress.nibis.de\/gshimmel\/wp-json\/wp\/v2\/pages"}],"about":[{"href":"https:\/\/wordpress.nibis.de\/gshimmel\/wp-json\/wp\/v2\/types\/page"}],"author":[{"embeddable":true,"href":"https:\/\/wordpress.nibis.de\/gshimmel\/wp-json\/wp\/v2\/users\/9193299"}],"replies":[{"embeddable":true,"href":"https:\/\/wordpress.nibis.de\/gshimmel\/wp-json\/wp\/v2\/comments?post=679"}],"version-history":[{"count":7,"href":"https:\/\/wordpress.nibis.de\/gshimmel\/wp-json\/wp\/v2\/pages\/679\/revisions"}],"predecessor-version":[{"id":954,"href":"https:\/\/wordpress.nibis.de\/gshimmel\/wp-json\/wp\/v2\/pages\/679\/revisions\/954"}],"up":[{"embeddable":true,"href":"https:\/\/wordpress.nibis.de\/gshimmel\/wp-json\/wp\/v2\/pages\/18"}],"wp:attachment":[{"href":"https:\/\/wordpress.nibis.de\/gshimmel\/wp-json\/wp\/v2\/media?parent=679"}],"curies":[{"name":"wp","href":"https:\/\/api.w.org\/{rel}","templated":true}]}}