{"id":7,"date":"2019-11-15T13:28:18","date_gmt":"2019-11-15T12:28:18","guid":{"rendered":"https:\/\/wordpress.nibis.de\/gshimmel\/?page_id=7"},"modified":"2024-06-21T09:31:11","modified_gmt":"2024-06-21T07:31:11","slug":"foerderverein","status":"publish","type":"page","link":"https:\/\/wordpress.nibis.de\/gshimmel\/informationen-zur-schule\/foerderverein\/","title":{"rendered":"F\u00f6rderverein"},"content":{"rendered":"<p>Der F\u00f6rderverein der Grundschule Himmelsth\u00fcr sammelt spenden, organisiert und hilft bei Festen, Feiern und Veranstaltungen und finanziert zahlreiche Projekte und Veranstaltungen in der Schule, wie in diesem Jahr (2019) mit 1000 Euro unser &#8222;Gewaltfrei Lernen&#8220; Projekt und in der Vergangenheit bereits zahlreiche Projekte zur Ausstattung innen und au\u00dfen.<\/p>\n<div>\n<p>Der F\u00f6rderverein der Grundschule Himmelsth\u00fcr sammelt spenden, organisiert und hilft bei Festen, Feiern und Veranstaltungen und finanziert zahlreiche Projekte und Veranstaltungen in der Schule, wie in diesem Jahr (2019) mit 1000 Euro unser &#8222;Gewaltfrei Lernen&#8220; Projekt und in der Vergangenheit bereits zahlreiche Projekte zur Ausstattung innen und au\u00dfen.<\/p>\n<div>Frau <strong>Franziska Meyer<\/strong>: 1. Vorsitzende<\/div>\n<div>\u00a0<\/div>\n<div>Herr <strong>Olaf Jacobs:<\/strong> 2. Vorsitzender<\/div>\n<div>\u00a0<\/div>\n<div>Frau <strong>Sema Bakir<\/strong>: Kassenwartin<\/div>\n<\/div>\n<div>\u00a0<\/div>\n<div><span style=\"font-size: revert;color: initial\">Unter dem folgenden <\/span><a style=\"font-size: revert\" href=\"https:\/\/wordpress.nibis.de\/gshimmel\/downloads\/\">LINK zum F\u00f6rdervereinsflyer<\/a><span style=\"font-size: revert;color: initial\"> k\u00f6nnen sie diesen downloaden, um selbst Mitglied zu werden!<\/span><\/div>\n<div>\n<p>Direkten Kontakt zum F\u00f6rderverein erhalten Sie auch \u00fcber die Funktionsadresse im IServ.<\/p>\n<\/div>\n<p>Unter dem folgenden <a href=\"https:\/\/wordpress.nibis.de\/gshimmel\/downloads\/\">LINK zum F\u00f6rdervereinsflyer<\/a> k\u00f6nnen sie diesen downloaden, um selbst Mitglied zu werden!<\/p>\n<p>Direkten Kontakt zum F\u00f6rderverein erhalten Sie auch \u00fcber die Funktionsadresse im IServ.<\/p>\n\n\n<p>Hier gibt es die Protokolle der Jahreshauptversammlung 2020 und 2021 als Download:<\/p>\n\n\n\n<div class=\"wp-block-file\"><a id=\"wp-block-file--media-913cf150-3507-49de-829c-add18f3c0140\" href=\"https:\/\/wordpress.nibis.de\/gshimmel\/files\/2021\/05\/Protokoll-zur-Jahreshauptversammlung-des-F\u00f6rdervereins-der-Grundschule-Himmelsth\u00fcr-2021.pdf\">Protokoll-zur-Jahreshauptversammlung-des-F\u00f6rdervereins-der-Grundschule-Himmelsth\u00fcr-2021<\/a><a href=\"https:\/\/wordpress.nibis.de\/gshimmel\/files\/2021\/05\/Protokoll-zur-Jahreshauptversammlung-des-F\u00f6rdervereins-der-Grundschule-Himmelsth\u00fcr-2021.pdf\" class=\"wp-block-file__button\" download aria-describedby=\"wp-block-file--media-913cf150-3507-49de-829c-add18f3c0140\">Herunterladen<\/a><\/div>\n\n\n\n<div class=\"wp-block-file\"><a id=\"wp-block-file--media-08ab772b-0076-4766-8c49-0f2b688bd1d9\" href=\"https:\/\/wordpress.nibis.de\/gshimmel\/files\/2020\/12\/Protokoll-zur-Jahreshauptversammlung-des-F\u00f6rdervereins-der-Grundschule-Himmelsth\u00fcr-2020.pdf\">Protokoll-zur-Jahreshauptversammlung-des-F\u00f6rdervereins-der-Grundschule-Himmelsth\u00fcr-2020<\/a><a href=\"https:\/\/wordpress.nibis.de\/gshimmel\/files\/2020\/12\/Protokoll-zur-Jahreshauptversammlung-des-F\u00f6rdervereins-der-Grundschule-Himmelsth\u00fcr-2020.pdf\" class=\"wp-block-file__button\" download aria-describedby=\"wp-block-file--media-08ab772b-0076-4766-8c49-0f2b688bd1d9\">Herunterladen<\/a><\/div>\n","protected":false},"excerpt":{"rendered":"<p>Der F\u00f6rderverein der Grundschule Himmelsth\u00fcr sammelt spenden, organisiert und hilft bei Festen, Feiern und Veranstaltungen und finanziert zahlreiche Projekte und Veranstaltungen in der Schule, wie in diesem Jahr (2019) mit 1000 Euro unser &#8222;Gewaltfrei Lernen&#8220; Projekt und in der Vergangenheit bereits zahlreiche Projekte zur Ausstattung innen und au\u00dfen. Der F\u00f6rderverein der Grundschule Himmelsth\u00fcr sammelt spenden, [&hellip;]<\/p>\n","protected":false},"author":9193299,"featured_media":0,"parent":18,"menu_order":0,"comment_status":"closed","ping_status":"closed","template":"","meta":{"footnotes":""},"class_list":["post-7","page","type-page","status-publish","hentry"],"_links":{"self":[{"href":"https:\/\/wordpress.nibis.de\/gshimmel\/wp-json\/wp\/v2\/pages\/7","targetHints":{"allow":["GET"]}}],"collection":[{"href":"https:\/\/wordpress.nibis.de\/gshimmel\/wp-json\/wp\/v2\/pages"}],"about":[{"href":"https:\/\/wordpress.nibis.de\/gshimmel\/wp-json\/wp\/v2\/types\/page"}],"author":[{"embeddable":true,"href":"https:\/\/wordpress.nibis.de\/gshimmel\/wp-json\/wp\/v2\/users\/9193299"}],"replies":[{"embeddable":true,"href":"https:\/\/wordpress.nibis.de\/gshimmel\/wp-json\/wp\/v2\/comments?post=7"}],"version-history":[{"count":14,"href":"https:\/\/wordpress.nibis.de\/gshimmel\/wp-json\/wp\/v2\/pages\/7\/revisions"}],"predecessor-version":[{"id":1453,"href":"https:\/\/wordpress.nibis.de\/gshimmel\/wp-json\/wp\/v2\/pages\/7\/revisions\/1453"}],"up":[{"embeddable":true,"href":"https:\/\/wordpress.nibis.de\/gshimmel\/wp-json\/wp\/v2\/pages\/18"}],"wp:attachment":[{"href":"https:\/\/wordpress.nibis.de\/gshimmel\/wp-json\/wp\/v2\/media?parent=7"}],"curies":[{"name":"wp","href":"https:\/\/api.w.org\/{rel}","templated":true}]}}